{"id":7750,"date":"2019-03-28T15:18:14","date_gmt":"2019-03-28T14:18:14","guid":{"rendered":"https:\/\/contedoro.com\/olflaschen-geschenke\/"},"modified":"2025-06-19T13:58:30","modified_gmt":"2025-06-19T11:58:30","slug":"olflaschen-geschenke","status":"publish","type":"page","link":"https:\/\/contedoro.com\/de\/olflaschen-geschenke\/","title":{"rendered":"\u00d6lflaschen-Geschenke"},"content":{"rendered":"\n<h2 class=\"wp-block-heading\">Oliven\u00f6lgeschenke: Geschmack und Aroma gepaart mit Raffinesse und Originalit\u00e4t<\/h2>\n\n<p>Haben Sie die Nase voll von den \u00fcblichen nutzlosen Hochzeitsgeschenken und suchen Sie nach<strong> gastronomischen Gef\u00e4lligkeiten <\/strong>oder <strong>Tischkarten mit \u00d6l und Gew\u00fcrzen<\/strong> f\u00fcr Ihre Hochzeit, die wirklich n\u00fctzlich und originell sind? <br\/>Planen Sie eine Feier und m\u00f6chten Ihre G\u00e4ste mit <strong>\u00d6lflaschen als Hochzeitsgeschenke <\/strong>\u00fcberraschen, die sie probieren und sch\u00e4tzen k\u00f6nnen? Dann sind Sie bei uns genau richtig, lesen Sie weiter! <\/p>\n\n<p>Mit der Zeit bekommen <strong>Gastgeschenke f\u00fcr Zeremonien<\/strong> wie <strong>Hochzeiten <\/strong>, <strong>Kommunionen <\/strong>oder <strong>Taufen <\/strong>langsam eine andere Bedeutung. <br\/>War das Hochzeitsgeschenk bisher als ein Gegenstand gedacht, der in einer Vitrine aufbewahrt und nur bei seltenen Gelegenheiten im Leben verwendet wurde, gibt es mit der Zeit eine zunehmende Tendenz, den G\u00e4sten <strong>ein wirklich n\u00fctzliches<\/strong> <strong>und gleichzeitig originelles<\/strong> <strong>Hochzeitsgeschenk<\/strong> zu machen, das oft mit der <strong>Gastronomie <\/strong>und <strong>typischen Produkten<\/strong> in Verbindung gebracht wird, die von allen so sehr gesch\u00e4tzt werden.  <\/p>\n\n<p>Aus diesem Bewusstsein heraus sch\u00f6pfen wir bei Contedoro die Inspiration f\u00fcr die Kreation von <strong>Gef\u00e4lligkeitskompositionen mit typischen Produkten<\/strong> wie den sch\u00f6nen <strong>\u00d6lflaschen <\/strong>, die Sie unten finden. <br\/>Diese originellen Kreationen lassen Ihre<strong> <\/strong>G\u00e4ste in ein einzigartiges und exklusives Erlebnis eintauchen. Sie machen<strong> die sch\u00f6nsten Zeremonien und Anl\u00e4sse des Lebens<\/strong> au\u00dfergew\u00f6hnlich und erfreuen sie mit einem<strong> kostbaren Geschenk<\/strong>. <br\/>Sie werden sehen, wie sehr sie diese geschmackvolle Aufmerksamkeit genie\u00dfen werden!<\/p>\n\n<p>Mit dem<strong> <\/strong>unseren besten typischen Produkten stellen wir<strong><em> <\/em>gastronomische Gef\u00e4lligkeiten f\u00fcr Zeremonien <\/strong>her<strong>, sogar personalisierte <\/strong>wie Hochzeiten, Abschlussfeiern und Jubil\u00e4en in den unterschiedlichsten und kuriosesten Formen, die nach Ihrem Geschmack verpackt werden. W\u00e4hlen Sie jetzt unten Ihre Gef\u00e4lligkeiten aus den <strong>besten \u00d6len, die wir herstellen<\/strong>, oder h\u00fcbsche <strong>Platzhalter mit Gew\u00fcrzen und Kr\u00e4utern<\/strong>. <\/p>\n\n<p><em>Wenn Sie eine Idee f\u00fcr eine personalisierte Kreation haben, z\u00f6gern Sie nicht, uns zu fragen. Es wird uns ein Vergn\u00fcgen sein, mit Ihnen zusammen Ihre Gunst oder Ihren Platzhalter herzustellen!<\/em><\/p>\n\n<p><\/p>\n","protected":false},"excerpt":{"rendered":"<p>Oliven\u00f6lgeschenke: Geschmack und Aroma gepaart mit Raffinesse und Originalit\u00e4t Haben Sie die Nase voll von den \u00fcblichen nutzlosen Hochzeitsgeschenken und suchen Sie nach gastronomischen Gef\u00e4lligkeiten oder Tischkarten mit \u00d6l und Gew\u00fcrzen f\u00fcr Ihre Hochzeit, die wirklich n\u00fctzlich und originell sind? Planen Sie eine Feier und m\u00f6chten Ihre G\u00e4ste mit \u00d6lflaschen als Hochzeitsgeschenke \u00fcberraschen, die sie [&hellip;]<\/p>\n","protected":false},"author":70,"featured_media":6549,"parent":0,"menu_order":67,"comment_status":"closed","ping_status":"closed","template":"page-bomboniere.php","meta":{"_acf_changed":false,"_monsterinsights_skip_tracking":false,"_monsterinsights_sitenote_active":false,"_monsterinsights_sitenote_note":"","_monsterinsights_sitenote_category":0,"_joinchat":[],"footnotes":""},"class_list":["post-7750","page","type-page","status-publish","has-post-thumbnail","hentry"],"acf":[],"_links":{"self":[{"href":"https:\/\/contedoro.com\/de\/wp-json\/wp\/v2\/pages\/7750","targetHints":{"allow":["GET"]}}],"collection":[{"href":"https:\/\/contedoro.com\/de\/wp-json\/wp\/v2\/pages"}],"about":[{"href":"https:\/\/contedoro.com\/de\/wp-json\/wp\/v2\/types\/page"}],"author":[{"embeddable":true,"href":"https:\/\/contedoro.com\/de\/wp-json\/wp\/v2\/users\/70"}],"replies":[{"embeddable":true,"href":"https:\/\/contedoro.com\/de\/wp-json\/wp\/v2\/comments?post=7750"}],"version-history":[{"count":28,"href":"https:\/\/contedoro.com\/de\/wp-json\/wp\/v2\/pages\/7750\/revisions"}],"predecessor-version":[{"id":8593,"href":"https:\/\/contedoro.com\/de\/wp-json\/wp\/v2\/pages\/7750\/revisions\/8593"}],"wp:featuredmedia":[{"embeddable":true,"href":"https:\/\/contedoro.com\/de\/wp-json\/wp\/v2\/media\/6549"}],"wp:attachment":[{"href":"https:\/\/contedoro.com\/de\/wp-json\/wp\/v2\/media?parent=7750"}],"curies":[{"name":"wp","href":"https:\/\/api.w.org\/{rel}","templated":true}]}}