{"id":7831,"date":"2022-02-15T11:57:39","date_gmt":"2022-02-15T10:57:39","guid":{"rendered":"https:\/\/contedoro.com\/negozio\/unkategorisiert\/natives-olivenoel-extra-mit-zitronengeschmack\/"},"modified":"2025-08-22T19:28:24","modified_gmt":"2025-08-22T17:28:24","slug":"natives-olivenoel-extra-mit-zitronengeschmack","status":"publish","type":"product","link":"https:\/\/contedoro.com\/de\/laden\/natives-olivenoel-extra\/natives-olivenoel-extra-mit-zitronengeschmack\/","title":{"rendered":"Natives Oliven\u00f6l extra mit Zitronengeschmack"},"content":{"rendered":"<p>ist sehr fruchtig und hat einen delikaten Geschmack. Roh ist er ideal, um gegrilltem oder ged\u00fcnstetem Fisch und wei\u00dfem Fleisch, Carpaccio, Salaten oder gekochtem Gem\u00fcse einen Hauch von Zitrusfrische zu verleihen. Er kann auch zum nat\u00fcrlichen Aromatisieren von hausgemachten Kuchen und Cremes verwendet werden.  <\/p>\n<p>&nbsp;<\/p>\n","protected":false},"excerpt":{"rendered":"<p>Contedoro bietet f\u00fcr die raffiniertesten Gaumen ein aromatisiertes Natives Oliven\u00f6l Extra an.<\/p>\n<p>Acht Geschmacksrichtungen, die alle auf nat\u00fcrliche Weise mit Rohstoffen von hervorragender Qualit\u00e4t hergestellt werden, die sorgf\u00e4ltig ausgew\u00e4hlt werden, um Ihren Gerichten einen Hauch von \u00e4u\u00dferster Delikatesse zu verleihen.<\/p>\n","protected":false},"featured_media":5358,"template":"","meta":{"_acf_changed":false,"_monsterinsights_skip_tracking":false,"_monsterinsights_sitenote_active":false,"_monsterinsights_sitenote_note":"","_monsterinsights_sitenote_category":0,"_joinchat":[]},"product_brand":[],"product_cat":[219],"product_tag":[168],"class_list":{"0":"post-7831","1":"product","2":"type-product","3":"status-publish","4":"has-post-thumbnail","6":"product_cat-natives-olivenoel-extra","7":"product_tag-aromatisiertes-ol","9":"first","10":"instock","11":"shipping-taxable","12":"purchasable","13":"product-type-simple"},"acf":[],"_links":{"self":[{"href":"https:\/\/contedoro.com\/de\/wp-json\/wp\/v2\/product\/7831","targetHints":{"allow":["GET"]}}],"collection":[{"href":"https:\/\/contedoro.com\/de\/wp-json\/wp\/v2\/product"}],"about":[{"href":"https:\/\/contedoro.com\/de\/wp-json\/wp\/v2\/types\/product"}],"wp:featuredmedia":[{"embeddable":true,"href":"https:\/\/contedoro.com\/de\/wp-json\/wp\/v2\/media\/5358"}],"wp:attachment":[{"href":"https:\/\/contedoro.com\/de\/wp-json\/wp\/v2\/media?parent=7831"}],"wp:term":[{"taxonomy":"product_brand","embeddable":true,"href":"https:\/\/contedoro.com\/de\/wp-json\/wp\/v2\/product_brand?post=7831"},{"taxonomy":"product_cat","embeddable":true,"href":"https:\/\/contedoro.com\/de\/wp-json\/wp\/v2\/product_cat?post=7831"},{"taxonomy":"product_tag","embeddable":true,"href":"https:\/\/contedoro.com\/de\/wp-json\/wp\/v2\/product_tag?post=7831"}],"curies":[{"name":"wp","href":"https:\/\/api.w.org\/{rel}","templated":true}]}}