{"id":7836,"date":"2022-02-15T11:56:01","date_gmt":"2022-02-15T10:56:01","guid":{"rendered":"https:\/\/contedoro.com\/negozio\/unkategorisiert\/natives-olivenoel-extra-mit-basilikum-geschmack\/"},"modified":"2025-08-22T19:26:36","modified_gmt":"2025-08-22T17:26:36","slug":"natives-olivenoel-extra-mit-basilikum-geschmack","status":"publish","type":"product","link":"https:\/\/contedoro.com\/de\/laden\/natives-olivenoel-extra\/natives-olivenoel-extra-mit-basilikum-geschmack\/","title":{"rendered":"Natives Oliven\u00f6l extra mit Basilikum-Geschmack"},"content":{"rendered":"<p>Mit seinem delikaten Duft und Geschmack ist er ideal, um Tomaten-Nudelgerichten, Nudel- und Reissalaten, Bruschette, Caprese, Frischk\u00e4se und Tomatenpizza rohen Geschmack und Frische zu verleihen.<\/p>\n<p>&nbsp;<\/p>\n","protected":false},"excerpt":{"rendered":"<p>Contedoro bietet f\u00fcr die raffiniertesten Gaumen ein aromatisiertes Natives Oliven\u00f6l Extra an.<\/p>\n<p>Acht Geschmacksrichtungen, die alle auf nat\u00fcrliche Weise mit Rohstoffen von hervorragender Qualit\u00e4t hergestellt werden, die sorgf\u00e4ltig ausgew\u00e4hlt werden, um Ihren Gerichten einen Hauch von \u00e4u\u00dferster Delikatesse zu verleihen.<\/p>\n","protected":false},"featured_media":5355,"template":"","meta":{"_acf_changed":false,"_monsterinsights_skip_tracking":false,"_monsterinsights_sitenote_active":false,"_monsterinsights_sitenote_note":"","_monsterinsights_sitenote_category":0,"_joinchat":[]},"product_brand":[],"product_cat":[219],"product_tag":[168],"class_list":{"0":"post-7836","1":"product","2":"type-product","3":"status-publish","4":"has-post-thumbnail","6":"product_cat-natives-olivenoel-extra","7":"product_tag-aromatisiertes-ol","9":"first","10":"instock","11":"shipping-taxable","12":"purchasable","13":"product-type-simple"},"acf":[],"_links":{"self":[{"href":"https:\/\/contedoro.com\/de\/wp-json\/wp\/v2\/product\/7836","targetHints":{"allow":["GET"]}}],"collection":[{"href":"https:\/\/contedoro.com\/de\/wp-json\/wp\/v2\/product"}],"about":[{"href":"https:\/\/contedoro.com\/de\/wp-json\/wp\/v2\/types\/product"}],"wp:featuredmedia":[{"embeddable":true,"href":"https:\/\/contedoro.com\/de\/wp-json\/wp\/v2\/media\/5355"}],"wp:attachment":[{"href":"https:\/\/contedoro.com\/de\/wp-json\/wp\/v2\/media?parent=7836"}],"wp:term":[{"taxonomy":"product_brand","embeddable":true,"href":"https:\/\/contedoro.com\/de\/wp-json\/wp\/v2\/product_brand?post=7836"},{"taxonomy":"product_cat","embeddable":true,"href":"https:\/\/contedoro.com\/de\/wp-json\/wp\/v2\/product_cat?post=7836"},{"taxonomy":"product_tag","embeddable":true,"href":"https:\/\/contedoro.com\/de\/wp-json\/wp\/v2\/product_tag?post=7836"}],"curies":[{"name":"wp","href":"https:\/\/api.w.org\/{rel}","templated":true}]}}