{"id":7841,"date":"2022-02-15T12:02:02","date_gmt":"2022-02-15T11:02:02","guid":{"rendered":"https:\/\/contedoro.com\/negozio\/unkategorisiert\/natives-olivenoel-extra-mit-rosmarin-geschmack\/"},"modified":"2025-08-22T19:29:06","modified_gmt":"2025-08-22T17:29:06","slug":"natives-olivenoel-extra-mit-rosmarin-geschmack","status":"publish","type":"product","link":"https:\/\/contedoro.com\/de\/laden\/natives-olivenoel-extra\/natives-olivenoel-extra-mit-rosmarin-geschmack\/","title":{"rendered":"Natives Oliven\u00f6l extra mit Rosmarin-Geschmack"},"content":{"rendered":"<p>mit seinem intensiven, umh\u00fcllenden Aroma und Geschmack ist ideal, um ersten G\u00e4ngen auf der Basis von H\u00fclsenfr\u00fcchten, H\u00fclsenfrucht- oder Gem\u00fcsesuppen, Braten, gebackenen Kartoffeln und Gem\u00fcse, Pilzen und Kleingem\u00fcse einen Hauch von mediterraner Rustikalit\u00e4t zu verleihen.<\/p>\n<p>&nbsp;<\/p>\n","protected":false},"excerpt":{"rendered":"<p>Contedoro bietet f\u00fcr die raffiniertesten Gaumen ein aromatisiertes Natives Oliven\u00f6l Extra an.<\/p>\n<p>Acht Geschmacksrichtungen, die alle auf nat\u00fcrliche Weise mit Rohstoffen von hervorragender Qualit\u00e4t hergestellt werden, die sorgf\u00e4ltig ausgew\u00e4hlt werden, um Ihren Gerichten einen Hauch von \u00e4u\u00dferster Delikatesse zu verleihen.<\/p>\n","protected":false},"featured_media":5370,"template":"","meta":{"_acf_changed":false,"_monsterinsights_skip_tracking":false,"_monsterinsights_sitenote_active":false,"_monsterinsights_sitenote_note":"","_monsterinsights_sitenote_category":0,"_joinchat":[]},"product_brand":[],"product_cat":[219],"product_tag":[168],"class_list":{"0":"post-7841","1":"product","2":"type-product","3":"status-publish","4":"has-post-thumbnail","6":"product_cat-natives-olivenoel-extra","7":"product_tag-aromatisiertes-ol","9":"first","10":"instock","11":"shipping-taxable","12":"purchasable","13":"product-type-simple"},"acf":[],"_links":{"self":[{"href":"https:\/\/contedoro.com\/de\/wp-json\/wp\/v2\/product\/7841","targetHints":{"allow":["GET"]}}],"collection":[{"href":"https:\/\/contedoro.com\/de\/wp-json\/wp\/v2\/product"}],"about":[{"href":"https:\/\/contedoro.com\/de\/wp-json\/wp\/v2\/types\/product"}],"wp:featuredmedia":[{"embeddable":true,"href":"https:\/\/contedoro.com\/de\/wp-json\/wp\/v2\/media\/5370"}],"wp:attachment":[{"href":"https:\/\/contedoro.com\/de\/wp-json\/wp\/v2\/media?parent=7841"}],"wp:term":[{"taxonomy":"product_brand","embeddable":true,"href":"https:\/\/contedoro.com\/de\/wp-json\/wp\/v2\/product_brand?post=7841"},{"taxonomy":"product_cat","embeddable":true,"href":"https:\/\/contedoro.com\/de\/wp-json\/wp\/v2\/product_cat?post=7841"},{"taxonomy":"product_tag","embeddable":true,"href":"https:\/\/contedoro.com\/de\/wp-json\/wp\/v2\/product_tag?post=7841"}],"curies":[{"name":"wp","href":"https:\/\/api.w.org\/{rel}","templated":true}]}}