{"id":7842,"date":"2022-02-15T11:59:35","date_gmt":"2022-02-15T10:59:35","guid":{"rendered":"https:\/\/contedoro.com\/negozio\/unkategorisiert\/natives-olivenoel-extra-mit-chiligeschmack\/"},"modified":"2025-08-22T19:26:34","modified_gmt":"2025-08-22T17:26:34","slug":"natives-olivenoel-extra-mit-chiligeschmack","status":"publish","type":"product","link":"https:\/\/contedoro.com\/de\/laden\/natives-olivenoel-extra\/natives-olivenoel-extra-mit-chiligeschmack\/","title":{"rendered":"Natives Oliven\u00f6l extra mit Chiligeschmack"},"content":{"rendered":"<p>mit seiner einzigartigen Farbe und seinem Aroma ist ideal, um Gerichten wie Nudelgerichten, gekochtem Fleisch, Gem\u00fcse- oder H\u00fclsenfr\u00fcchtesuppen, Pizzen und speziellen Bruschettas einen Hauch von Lebendigkeit und Einzigartigkeit zu verleihen.<\/p>\n<p>&nbsp;<\/p>\n","protected":false},"excerpt":{"rendered":"<p>Contedoro bietet f\u00fcr die raffiniertesten Gaumen ein aromatisiertes Natives Oliven\u00f6l Extra an.<\/p>\n<p>Acht Geschmacksrichtungen, die alle auf nat\u00fcrliche Weise mit Rohstoffen von hervorragender Qualit\u00e4t hergestellt werden, die sorgf\u00e4ltig ausgew\u00e4hlt werden, um Ihren Gerichten einen Hauch von \u00e4u\u00dferster Delikatesse zu verleihen.<\/p>\n","protected":false},"featured_media":5361,"template":"","meta":{"_acf_changed":false,"_monsterinsights_skip_tracking":false,"_monsterinsights_sitenote_active":false,"_monsterinsights_sitenote_note":"","_monsterinsights_sitenote_category":0,"_joinchat":[]},"product_brand":[],"product_cat":[219],"product_tag":[168],"class_list":{"0":"post-7842","1":"product","2":"type-product","3":"status-publish","4":"has-post-thumbnail","6":"product_cat-natives-olivenoel-extra","7":"product_tag-aromatisiertes-ol","9":"first","10":"instock","11":"shipping-taxable","12":"purchasable","13":"product-type-simple"},"acf":[],"_links":{"self":[{"href":"https:\/\/contedoro.com\/de\/wp-json\/wp\/v2\/product\/7842","targetHints":{"allow":["GET"]}}],"collection":[{"href":"https:\/\/contedoro.com\/de\/wp-json\/wp\/v2\/product"}],"about":[{"href":"https:\/\/contedoro.com\/de\/wp-json\/wp\/v2\/types\/product"}],"wp:featuredmedia":[{"embeddable":true,"href":"https:\/\/contedoro.com\/de\/wp-json\/wp\/v2\/media\/5361"}],"wp:attachment":[{"href":"https:\/\/contedoro.com\/de\/wp-json\/wp\/v2\/media?parent=7842"}],"wp:term":[{"taxonomy":"product_brand","embeddable":true,"href":"https:\/\/contedoro.com\/de\/wp-json\/wp\/v2\/product_brand?post=7842"},{"taxonomy":"product_cat","embeddable":true,"href":"https:\/\/contedoro.com\/de\/wp-json\/wp\/v2\/product_cat?post=7842"},{"taxonomy":"product_tag","embeddable":true,"href":"https:\/\/contedoro.com\/de\/wp-json\/wp\/v2\/product_tag?post=7842"}],"curies":[{"name":"wp","href":"https:\/\/api.w.org\/{rel}","templated":true}]}}