{"id":7849,"date":"2022-02-15T13:26:56","date_gmt":"2022-02-15T12:26:56","guid":{"rendered":"https:\/\/contedoro.com\/negozio\/unkategorisiert\/tomatenpueree\/"},"modified":"2025-08-22T19:26:28","modified_gmt":"2025-08-22T17:26:28","slug":"tomatenpueree","status":"publish","type":"product","link":"https:\/\/contedoro.com\/de\/laden\/saucen-und-eintopfe\/tomatenpueree\/","title":{"rendered":"Tomatenp\u00fcree"},"content":{"rendered":"<p>Gro\u00dfmutters Fleischkl\u00f6\u00dfchen mit So\u00dfe! Die sch\u00f6nste Erinnerung an die eigene <strong>Kindheit<\/strong>. <\/p>\n<p>Dieses <strong>Tomatenp\u00fcree<\/strong> wird aus Tomaten aus Irpinia hergestellt, genau nach den <strong>Traditionen<\/strong>, die uns unsere Gro\u00dfeltern \u00fcberliefert haben, den <strong>b\u00e4uerlichen Gepflogenheiten<\/strong> der guten K\u00fcche, die f\u00fcr alle gut ist: f\u00fcr Jung und Alt.<\/p>\n<p>Jedes Jahr, in Erwartung des Winters, ist es vor allem in S\u00fcditalien Tradition, die \u201e<strong><em>la conserva<\/em><\/strong>\u201c, die Vorratshaltung von Tomatenp\u00fcree f\u00fcr den kommenden Winter. Wir machen es immer, jedes Jahr, und dieses Jahr dachten wir, wir machen es auch f\u00fcr Sie. <\/p>\n<p>In zwei Worten: <strong>Authentizit\u00e4t<\/strong> und <strong>Einfachheit<\/strong>. Probieren Sie es aus, Sie werden es nie wieder \u00e4ndern! <\/p>\n<p>&nbsp;<\/p>\n<p><strong>ZUTATEN<\/strong>: Tomaten, Salz.<\/p>\n<p><strong>DURCHSCHNITTLICHE WERTE AUF 100g PRODUKT<\/strong><br \/>\nEnergie 22kcal\/92Kj<br \/>\nEiwei\u00df 1,3g<br \/>\nKohlenhydrate 3g, davon Zucker 3g<br \/>\nFett 0,2g, davon ges\u00e4ttigt 0,0g<br \/>\nBallaststoffe 1,5g<br \/>\nSalz 0,5g<\/p>\n<p>&nbsp;<\/p>\n<p>Von W\u00e4rmequellen fernhalten, nach dem \u00d6ffnen im K\u00fchlschrank aufbewahren und innerhalb von 2-3 Tagen verbrauchen.<\/p>\n","protected":false},"excerpt":{"rendered":"<div class=\"woocommerce-product-details__short-description\">\n<p>Unser vollmundiges und duftendes <strong>Tomatenp\u00fcree<\/strong> eignet sich perfekt f\u00fcr alle Ihre Rezepte, insbesondere f\u00fcr Saucen und Ragouts mit einer langsamen und sehr langen Kochzeit, wie sie f\u00fcr traditionelle Rezepte aus Irpinia und S\u00fcditalien typisch sind. Italienische, gesunde, echte Tomaten.  Versuchen Sie es jetzt!<\/p>\n<\/div>\n","protected":false},"featured_media":7032,"template":"","meta":{"_acf_changed":false,"_monsterinsights_skip_tracking":false,"_monsterinsights_sitenote_active":false,"_monsterinsights_sitenote_note":"","_monsterinsights_sitenote_category":0,"_joinchat":[]},"product_brand":[],"product_cat":[173],"product_tag":[],"class_list":{"0":"post-7849","1":"product","2":"type-product","3":"status-publish","4":"has-post-thumbnail","6":"product_cat-saucen-und-eintopfe","8":"first","9":"instock","10":"shipping-taxable","11":"purchasable","12":"product-type-variable"},"acf":[],"_links":{"self":[{"href":"https:\/\/contedoro.com\/de\/wp-json\/wp\/v2\/product\/7849","targetHints":{"allow":["GET"]}}],"collection":[{"href":"https:\/\/contedoro.com\/de\/wp-json\/wp\/v2\/product"}],"about":[{"href":"https:\/\/contedoro.com\/de\/wp-json\/wp\/v2\/types\/product"}],"wp:featuredmedia":[{"embeddable":true,"href":"https:\/\/contedoro.com\/de\/wp-json\/wp\/v2\/media\/7032"}],"wp:attachment":[{"href":"https:\/\/contedoro.com\/de\/wp-json\/wp\/v2\/media?parent=7849"}],"wp:term":[{"taxonomy":"product_brand","embeddable":true,"href":"https:\/\/contedoro.com\/de\/wp-json\/wp\/v2\/product_brand?post=7849"},{"taxonomy":"product_cat","embeddable":true,"href":"https:\/\/contedoro.com\/de\/wp-json\/wp\/v2\/product_cat?post=7849"},{"taxonomy":"product_tag","embeddable":true,"href":"https:\/\/contedoro.com\/de\/wp-json\/wp\/v2\/product_tag?post=7849"}],"curies":[{"name":"wp","href":"https:\/\/api.w.org\/{rel}","templated":true}]}}