{"id":7854,"date":"2022-02-15T13:30:46","date_gmt":"2022-02-15T12:30:46","guid":{"rendered":"https:\/\/contedoro.com\/negozio\/unkategorisiert\/sugo-pronto-270gr\/"},"modified":"2025-08-22T19:29:11","modified_gmt":"2025-08-22T17:29:11","slug":"sugo-pronto-270gr","status":"publish","type":"product","link":"https:\/\/contedoro.com\/de\/laden\/saucen-und-eintopfe\/sugo-pronto-270gr\/","title":{"rendered":"Sugo Pronto 270gr"},"content":{"rendered":"<p>Diese Contedoro Fertigsauce enth\u00e4lt alles, was Sie brauchen, wenn Sie ein einfaches Nudelgericht <strong>schnell und bequem<\/strong> zubereiten m\u00f6chten. Und das alles, ohne auf die <strong>Qualit\u00e4t<\/strong> eines <strong>handwerklichen<\/strong>, <strong>b\u00e4uerlichen<\/strong> und <strong>gesunden<\/strong> Produkts zu verzichten, wie es nur wenige andere gibt. <\/p>\n<p>Im Inneren sorgen einige einfache Zutaten wie Basilikum, Montoro-Kupferzwiebeln und Contedoro-Oliven\u00f6l extra vergine f\u00fcr ein <strong>kompromisslos leckeres<\/strong> Ergebnis. Probieren Sie es! <\/p>\n<p>&nbsp;<\/p>\n<p><strong>ZUTATEN<\/strong>: Tomaten (75%), EVO-\u00d6l, Montoro Kupferzwiebel, Basilikum (5%) und Salz.<br \/>\n<strong>DURCHSCHNITTSWERTE AUF 100g PRODUKT<\/strong><br \/>\nEnergie 28kcal\/118Kj<br \/>\nEiwei\u00df 1.3g<br \/>\nKohlenhydrate 4.5g davon Zucker 3.89g<br \/>\nFett 0.3g davon ges\u00e4ttigt 0.1g<br \/>\nSalz 0.3g<\/p>\n<p>&nbsp;<\/p>\n<p>Von W\u00e4rmequellen fernhalten, nach dem \u00d6ffnen im K\u00fchlschrank aufbewahren und innerhalb von 2-3 Tagen verbrauchen.<\/p>\n","protected":false},"excerpt":{"rendered":"<p>Fertige So\u00dfe aus <strong>italienischen Tomaten<\/strong>, gebrauchsfertig und perfekt f\u00fcr alle, die wenig Zeit zum Kochen haben und nicht auf die Qualit\u00e4t eines <strong>ausgezeichneten<\/strong>, <strong>echten<\/strong> und <strong>gesunden<\/strong> <strong>Produkts<\/strong> verzichten m\u00f6chten.<\/p>\n","protected":false},"featured_media":7026,"template":"","meta":{"_acf_changed":false,"_monsterinsights_skip_tracking":false,"_monsterinsights_sitenote_active":false,"_monsterinsights_sitenote_note":"","_monsterinsights_sitenote_category":0,"_joinchat":[]},"product_brand":[],"product_cat":[173],"product_tag":[],"class_list":{"0":"post-7854","1":"product","2":"type-product","3":"status-publish","4":"has-post-thumbnail","6":"product_cat-saucen-und-eintopfe","8":"first","9":"outofstock","10":"shipping-taxable","11":"purchasable","12":"product-type-simple"},"acf":[],"_links":{"self":[{"href":"https:\/\/contedoro.com\/de\/wp-json\/wp\/v2\/product\/7854","targetHints":{"allow":["GET"]}}],"collection":[{"href":"https:\/\/contedoro.com\/de\/wp-json\/wp\/v2\/product"}],"about":[{"href":"https:\/\/contedoro.com\/de\/wp-json\/wp\/v2\/types\/product"}],"wp:featuredmedia":[{"embeddable":true,"href":"https:\/\/contedoro.com\/de\/wp-json\/wp\/v2\/media\/7026"}],"wp:attachment":[{"href":"https:\/\/contedoro.com\/de\/wp-json\/wp\/v2\/media?parent=7854"}],"wp:term":[{"taxonomy":"product_brand","embeddable":true,"href":"https:\/\/contedoro.com\/de\/wp-json\/wp\/v2\/product_brand?post=7854"},{"taxonomy":"product_cat","embeddable":true,"href":"https:\/\/contedoro.com\/de\/wp-json\/wp\/v2\/product_cat?post=7854"},{"taxonomy":"product_tag","embeddable":true,"href":"https:\/\/contedoro.com\/de\/wp-json\/wp\/v2\/product_tag?post=7854"}],"curies":[{"name":"wp","href":"https:\/\/api.w.org\/{rel}","templated":true}]}}