{"id":7865,"date":"2022-02-15T13:21:08","date_gmt":"2022-02-15T12:21:08","guid":{"rendered":"https:\/\/contedoro.com\/negozio\/unkategorisiert\/sulla-honig-240g\/"},"modified":"2025-08-22T19:26:32","modified_gmt":"2025-08-22T17:26:32","slug":"sulla-honig-240g","status":"publish","type":"product","link":"https:\/\/contedoro.com\/de\/laden\/honig-und-fruchtkompott\/sulla-honig-240g\/","title":{"rendered":"Sulla Honig 240g"},"content":{"rendered":"<p>Er hat eine geringere S\u00fc\u00dfkraft als<strong> Saccharose<\/strong> (der gew\u00f6hnliche Haushaltszucker), liefert aber<strong> 33% weniger Kalorien<\/strong> in der gleichen Menge, so dass er in allen Ern\u00e4hrungsregimen als Alternative zu Zucker betrachtet werden kann.<\/p>\n<p>Seine<em>\u201egeringere S\u00fc\u00dfe<\/em>\u201c h\u00e4ngt mit der geringeren Menge an Fruktose zusammen. Ein weiteres Merkmal, das den Sulla-Honig von allen anderen unterscheidet, ist <strong>die Geschwindigkeit der Kristallisation<\/strong>, die auf den geringen Wassergehalt und die h\u00f6here Glukosekonzentration als Fruktosekonzentration zur\u00fcckzuf\u00fchren ist. <\/p>\n<p>Dieser besondere nat\u00fcrliche Honig wird Sie zum Verlieben bringen, da er dem K\u00f6rper mit seinen <strong>wertvollen nat\u00fcrlichen entz\u00fcndungshemmenden Eigenschaften<\/strong> zugute kommt. Probieren Sie ihn! <\/p>\n<p>&nbsp;<\/p>\n<p><strong>DURCHSCHNITTLICHER ERN\u00c4HRUNGSWERT pro 100 g HONIG<\/strong><\/p>\n<p>Energiewert 1375 kJ\/324kcal <\/p>\n<p>Fett 0 g, davon ges\u00e4ttigtes Fett 0 g<\/p>\n<p>Kohlenhydrate 80.3 g, davon Zucker 80.3 g<\/p>\n<p>Eiwei\u00df 0,6 g<\/p>\n<p>Salz 0,03 g<\/p>\n","protected":false},"excerpt":{"rendered":"<p>Aus der Sulla, einer im Mittelmeerraum weit verbreiteten H\u00fclsenfrucht mit charakteristischen violetten Bl\u00fcten, entsteht dieses <strong>au\u00dfergew\u00f6hnliche Produkt mit einem delikaten Geschmack<\/strong> und einer vagen <strong>Kr\u00e4uternote<\/strong> und einer fast durchsichtigen strohgelben Farbe. Ein<strong> 100% nat\u00fcrlicher<\/strong> und italienischer Nektar. <\/p>\n","protected":false},"featured_media":6984,"template":"","meta":{"_acf_changed":false,"_monsterinsights_skip_tracking":false,"_monsterinsights_sitenote_active":false,"_monsterinsights_sitenote_note":"","_monsterinsights_sitenote_category":0,"_joinchat":[]},"product_brand":[],"product_cat":[177],"product_tag":[],"class_list":{"0":"post-7865","1":"product","2":"type-product","3":"status-publish","4":"has-post-thumbnail","6":"product_cat-honig-und-fruchtkompott","8":"first","9":"outofstock","10":"shipping-taxable","11":"purchasable","12":"product-type-simple"},"acf":[],"_links":{"self":[{"href":"https:\/\/contedoro.com\/de\/wp-json\/wp\/v2\/product\/7865","targetHints":{"allow":["GET"]}}],"collection":[{"href":"https:\/\/contedoro.com\/de\/wp-json\/wp\/v2\/product"}],"about":[{"href":"https:\/\/contedoro.com\/de\/wp-json\/wp\/v2\/types\/product"}],"wp:featuredmedia":[{"embeddable":true,"href":"https:\/\/contedoro.com\/de\/wp-json\/wp\/v2\/media\/6984"}],"wp:attachment":[{"href":"https:\/\/contedoro.com\/de\/wp-json\/wp\/v2\/media?parent=7865"}],"wp:term":[{"taxonomy":"product_brand","embeddable":true,"href":"https:\/\/contedoro.com\/de\/wp-json\/wp\/v2\/product_brand?post=7865"},{"taxonomy":"product_cat","embeddable":true,"href":"https:\/\/contedoro.com\/de\/wp-json\/wp\/v2\/product_cat?post=7865"},{"taxonomy":"product_tag","embeddable":true,"href":"https:\/\/contedoro.com\/de\/wp-json\/wp\/v2\/product_tag?post=7865"}],"curies":[{"name":"wp","href":"https:\/\/api.w.org\/{rel}","templated":true}]}}