{"id":7870,"date":"2022-02-15T13:10:13","date_gmt":"2022-02-15T12:10:13","guid":{"rendered":"https:\/\/contedoro.com\/negozio\/unkategorisiert\/kompott-aus-feigen-und-mandeln\/"},"modified":"2025-08-22T19:26:50","modified_gmt":"2025-08-22T17:26:50","slug":"kompott-aus-feigen-und-mandeln","status":"publish","type":"product","link":"https:\/\/contedoro.com\/de\/laden\/honig-und-fruchtkompott\/kompott-aus-feigen-und-mandeln\/","title":{"rendered":"Kompott aus Feigen und Mandeln"},"content":{"rendered":"<p>Unser Feigen- und Mandelkompott wird aus sorgf\u00e4ltig ausgew\u00e4hlten Rohstoffen f\u00fcr ein Produkt mit einem<strong> au\u00dfergew\u00f6hnlichen<\/strong> und unvergesslichen<strong> Geschmack<\/strong> hergestellt. Dieses exquisite <strong>Kompott aus frischen Fr\u00fcchten<\/strong> ist perfekt, um es pur oder auf einer Scheibe Brot zu genie\u00dfen, aber auch in allt\u00e4glichen Desserts kommt es gut zur Geltung. <\/p>\n<p>Nat\u00fcrliche Produkte ohne Konservierungsmittel und Verdickungsmittel.<\/p>\n<p><strong>120 g Fr\u00fcchte pro 100 g des fertigen Produkts<\/strong><\/p>\n<p>Die fettgedruckten Zutaten sind Allergene. Nach dem \u00d6ffnen im K\u00fchlschrank aufbewahren und innerhalb von ein paar Tagen verbrauchen. F\u00fcrchten Sie Quellen von Hitze und Feuchtigkeit  <\/p>\n<p>&nbsp;<\/p>\n<p><strong>DURCHSCHNITTLICHER ERN\u00c4HRUNGSWERT pro 100g<\/strong><\/p>\n<p>Energiewert 791 kJ\/189 kcal <\/p>\n<p>Fett 0.2 g davon ges\u00e4ttigtes Fett 0 g<\/p>\n<p>Kohlenhydrate 46 g, davon Zucker 32 g<\/p>\n<p>Eiwei\u00df 0,9 g<\/p>\n<p>Salz 0 g<\/p>\n<p>Aufgrund der <strong>ausschlie\u00dflich handwerklichen<\/strong> Verarbeitung des Produkts k\u00f6nnen Farbabweichungen auftreten.<\/p>\n<p>Glutenfrei und f\u00fcr Veganer geeignet.<\/p>\n","protected":false},"excerpt":{"rendered":"<p>Ein Kompott mit<strong> 100 Prozent frischen Fr\u00fcchten<\/strong>. Mit zarten K\u00f6rnern von fein verarbeiteten Mandeln, die kunstvoll mit besonderen roten Feigen aus San Mango sul Calore vermischt werden. <\/p>\n<p>Genie\u00dfen Sie den Geschmack eines <strong>Kompotts mit echten Fr\u00fcchten<\/strong>, 100% echt!<\/p>\n","protected":false},"featured_media":6975,"template":"","meta":{"_acf_changed":false,"_monsterinsights_skip_tracking":false,"_monsterinsights_sitenote_active":false,"_monsterinsights_sitenote_note":"","_monsterinsights_sitenote_category":0,"_joinchat":[]},"product_brand":[],"product_cat":[177],"product_tag":[],"class_list":{"0":"post-7870","1":"product","2":"type-product","3":"status-publish","4":"has-post-thumbnail","6":"product_cat-honig-und-fruchtkompott","8":"first","9":"outofstock","10":"shipping-taxable","11":"purchasable","12":"product-type-simple"},"acf":[],"_links":{"self":[{"href":"https:\/\/contedoro.com\/de\/wp-json\/wp\/v2\/product\/7870","targetHints":{"allow":["GET"]}}],"collection":[{"href":"https:\/\/contedoro.com\/de\/wp-json\/wp\/v2\/product"}],"about":[{"href":"https:\/\/contedoro.com\/de\/wp-json\/wp\/v2\/types\/product"}],"wp:featuredmedia":[{"embeddable":true,"href":"https:\/\/contedoro.com\/de\/wp-json\/wp\/v2\/media\/6975"}],"wp:attachment":[{"href":"https:\/\/contedoro.com\/de\/wp-json\/wp\/v2\/media?parent=7870"}],"wp:term":[{"taxonomy":"product_brand","embeddable":true,"href":"https:\/\/contedoro.com\/de\/wp-json\/wp\/v2\/product_brand?post=7870"},{"taxonomy":"product_cat","embeddable":true,"href":"https:\/\/contedoro.com\/de\/wp-json\/wp\/v2\/product_cat?post=7870"},{"taxonomy":"product_tag","embeddable":true,"href":"https:\/\/contedoro.com\/de\/wp-json\/wp\/v2\/product_tag?post=7870"}],"curies":[{"name":"wp","href":"https:\/\/api.w.org\/{rel}","templated":true}]}}