{"id":7871,"date":"2022-02-15T13:17:55","date_gmt":"2022-02-15T12:17:55","guid":{"rendered":"https:\/\/contedoro.com\/negozio\/unkategorisiert\/gegrillte-artischocken-in-oel-270gr\/"},"modified":"2025-08-22T19:26:43","modified_gmt":"2025-08-22T17:26:43","slug":"gegrillte-artischocken-in-oel-270gr","status":"publish","type":"product","link":"https:\/\/contedoro.com\/de\/laden\/sottoli-de\/gegrillte-artischocken-in-oel-270gr\/","title":{"rendered":"Gegrillte Artischocken in \u00d6l 270gr"},"content":{"rendered":"<p>Diese <strong>gegrillten<\/strong> und in nativem Oliven\u00f6l extra von Contedoro eingelegten <strong>Artischocken<\/strong> sind eine Delikatesse f\u00fcr die Zubereitung Ihrer <strong>Beilagen<\/strong>. Bringen Sie sie jeden Tag auf den Tisch oder zum Mittagessen mit der Familie und erleben Sie den <strong>authentischen Geschmack<\/strong> der Tradition von Irpinia. Gewonnen durch <strong>handwerkliche<\/strong> Verarbeitung.  <\/p>\n<p>Echt und italienisch!<\/p>\n<p>&nbsp;<\/p>\n<p><strong>ZUTATEN<\/strong><\/p>\n<p>Gegrillte Nelkenartischocken (72%), natives Oliven\u00f6l extra, Sonnenblumen\u00f6l mit hohem \u00d6ls\u00e4uregehalt, Salz, Petersilie und Spuren von Wei\u00dfweinessig.<\/p>\n<p><em>Ohne Konservierungsstoffe<\/em><\/p>\n<p>&nbsp;<\/p>\n<p><strong>DURCHSCHNITTSWERTE AUF 100g PRODUKT<\/strong><br \/>\nEnergie 137kcal\/575Kj<br \/>\nEiwei\u00df 1.5g<br \/>\nKohlenhydrate 4.3g davon Zucker 0.7g<br \/>\nFett 12g davon ges\u00e4ttigt 1.4g<br \/>\nSalz 1.2g<\/p>\n","protected":false},"excerpt":{"rendered":"<p><strong>Italienische<\/strong>, <strong>nat\u00fcrliche<\/strong>, einfach <strong>k\u00f6stliche<\/strong><strong>gegrillte Artischocken<\/strong> in \u00d6l! Kunstvoll verarbeitet nach alter Tradition und fein verpackt. Probieren Sie sie und lassen Sie sich von ihrem Geschmack \u00fcberzeugen! <\/p>\n","protected":false},"featured_media":6963,"template":"","meta":{"_acf_changed":false,"_monsterinsights_skip_tracking":false,"_monsterinsights_sitenote_active":false,"_monsterinsights_sitenote_note":"","_monsterinsights_sitenote_category":0,"_joinchat":[]},"product_brand":[],"product_cat":[172],"product_tag":[],"class_list":{"0":"post-7871","1":"product","2":"type-product","3":"status-publish","4":"has-post-thumbnail","6":"product_cat-sottoli-de","8":"first","9":"instock","10":"shipping-taxable","11":"purchasable","12":"product-type-simple"},"acf":[],"_links":{"self":[{"href":"https:\/\/contedoro.com\/de\/wp-json\/wp\/v2\/product\/7871","targetHints":{"allow":["GET"]}}],"collection":[{"href":"https:\/\/contedoro.com\/de\/wp-json\/wp\/v2\/product"}],"about":[{"href":"https:\/\/contedoro.com\/de\/wp-json\/wp\/v2\/types\/product"}],"wp:featuredmedia":[{"embeddable":true,"href":"https:\/\/contedoro.com\/de\/wp-json\/wp\/v2\/media\/6963"}],"wp:attachment":[{"href":"https:\/\/contedoro.com\/de\/wp-json\/wp\/v2\/media?parent=7871"}],"wp:term":[{"taxonomy":"product_brand","embeddable":true,"href":"https:\/\/contedoro.com\/de\/wp-json\/wp\/v2\/product_brand?post=7871"},{"taxonomy":"product_cat","embeddable":true,"href":"https:\/\/contedoro.com\/de\/wp-json\/wp\/v2\/product_cat?post=7871"},{"taxonomy":"product_tag","embeddable":true,"href":"https:\/\/contedoro.com\/de\/wp-json\/wp\/v2\/product_tag?post=7871"}],"curies":[{"name":"wp","href":"https:\/\/api.w.org\/{rel}","templated":true}]}}