{"id":7876,"date":"2022-02-15T13:13:51","date_gmt":"2022-02-15T12:13:51","guid":{"rendered":"https:\/\/contedoro.com\/negozio\/unkategorisiert\/kompott-aus-birne-und-walnuss\/"},"modified":"2025-08-22T19:27:10","modified_gmt":"2025-08-22T17:27:10","slug":"kompott-aus-birne-und-walnuss","status":"publish","type":"product","link":"https:\/\/contedoro.com\/de\/laden\/honig-und-fruchtkompott\/kompott-aus-birne-und-walnuss\/","title":{"rendered":"Kompott aus Birne und Walnuss"},"content":{"rendered":"<p>Unsere Kompottbirnen sind eine der<strong> herausragenden Spezialit\u00e4ten Kampaniens<\/strong>, die &#8218;pere mastantuono&#8216; oder &#8218;pere e mast&#8217;Antuono&#8216;.<\/p>\n<p>Die Mastantuono-Birne ist ein au\u00dfergew\u00f6hnliches, aber immer <strong>seltener werd<\/strong>endes Produkt, das in den Gebieten im Landesinneren Kampaniens heimisch ist. Die Mastantuono-Birne ist klein, rundlich, von gelblicher Farbe mit brauner Sprenkelung und einem kurzen Stiel. Das weiche und sehr duftende Fruchtfleisch macht die <strong>Mastantuono-Birne perfekt<\/strong> f\u00fcr Kompotte. Diese Eigenschaften machen sie auch zu einem der klassischen kampanischen Desserts, dem Ricotta-Birnen-Kuchen.  <\/p>\n<p>Die Zugabe von gehackten Waln\u00fcssen verleiht dem <strong>frischen Birnenkompott<\/strong> das gewisse Etwas und macht es zu einem perfekten Produkt f\u00fcr eine Pause.<\/p>\n<p>&nbsp;<\/p>\n<p><strong>DURCHSCHNITTLICHER ERN\u00c4HRUNGSWERT pro 100g<\/strong><\/p>\n<p>Energiewert 482 kJ\/115 kcal <\/p>\n<p>Fett 0.3 g davon ges\u00e4ttigtes Fett 0 g<\/p>\n<p>Kohlenhydrate 46 g, davon Zucker 33 g<\/p>\n<p>Eiwei\u00df 0,9 g<\/p>\n<p>Salz 0 g<\/p>\n<p>Aufgrund der <strong>ausschlie\u00dflich handwerklichen<\/strong> Verarbeitung des Produkts k\u00f6nnen Farbabweichungen auftreten.<\/p>\n<p>Glutenfrei und f\u00fcr Veganer geeignet.<\/p>\n","protected":false},"excerpt":{"rendered":"<p>Dieses <strong>duftende<\/strong>, mit Walnusskernen angereicherte <strong>Fruchtkompott<\/strong> schmeckt fantastisch zu einer Auswahl reifer K\u00e4sesorten, eignet sich aber ebenso gut f\u00fcr hausgemachte Desserts. Handgemacht, gesund und nur mit <strong>100% frischen italienischen Fr\u00fcchten<\/strong>. Was kann man noch hinzuf\u00fcgen?  <\/p>\n","protected":false},"featured_media":6972,"template":"","meta":{"_acf_changed":false,"_monsterinsights_skip_tracking":false,"_monsterinsights_sitenote_active":false,"_monsterinsights_sitenote_note":"","_monsterinsights_sitenote_category":0,"_joinchat":[]},"product_brand":[],"product_cat":[177],"product_tag":[],"class_list":{"0":"post-7876","1":"product","2":"type-product","3":"status-publish","4":"has-post-thumbnail","6":"product_cat-honig-und-fruchtkompott","8":"first","9":"outofstock","10":"shipping-taxable","11":"purchasable","12":"product-type-simple"},"acf":[],"_links":{"self":[{"href":"https:\/\/contedoro.com\/de\/wp-json\/wp\/v2\/product\/7876","targetHints":{"allow":["GET"]}}],"collection":[{"href":"https:\/\/contedoro.com\/de\/wp-json\/wp\/v2\/product"}],"about":[{"href":"https:\/\/contedoro.com\/de\/wp-json\/wp\/v2\/types\/product"}],"wp:featuredmedia":[{"embeddable":true,"href":"https:\/\/contedoro.com\/de\/wp-json\/wp\/v2\/media\/6972"}],"wp:attachment":[{"href":"https:\/\/contedoro.com\/de\/wp-json\/wp\/v2\/media?parent=7876"}],"wp:term":[{"taxonomy":"product_brand","embeddable":true,"href":"https:\/\/contedoro.com\/de\/wp-json\/wp\/v2\/product_brand?post=7876"},{"taxonomy":"product_cat","embeddable":true,"href":"https:\/\/contedoro.com\/de\/wp-json\/wp\/v2\/product_cat?post=7876"},{"taxonomy":"product_tag","embeddable":true,"href":"https:\/\/contedoro.com\/de\/wp-json\/wp\/v2\/product_tag?post=7876"}],"curies":[{"name":"wp","href":"https:\/\/api.w.org\/{rel}","templated":true}]}}