{"id":7878,"date":"2022-02-15T12:52:20","date_gmt":"2022-02-15T11:52:20","guid":{"rendered":"https:\/\/contedoro.com\/negozio\/unkategorisiert\/champignons-in-oel-270-gr\/"},"modified":"2025-08-22T19:29:09","modified_gmt":"2025-08-22T17:29:09","slug":"champignons-in-oel-270-gr","status":"publish","type":"product","link":"https:\/\/contedoro.com\/de\/laden\/sottoli-de\/champignons-in-oel-270-gr\/","title":{"rendered":"Champignons in \u00d6l 270 gr"},"content":{"rendered":"<p>Diese k\u00f6stlichen <strong>Cardoncelli-Pilze in \u00d6l<\/strong>, die seit der Antike f\u00fcr ihre aphrodisierende Wirkung bekannt sind, eignen sich perfekt auf einer Bruschetta, um Ihren Aperitifs einen Hauch von Originalit\u00e4t zu verleihen.<\/p>\n<p>Sie werden auf v\u00f6llig nat\u00fcrliche Weise angebaut, so dass Sie sie auf den Tisch bringen k\u00f6nnen und h\u00f6chste Qualit\u00e4t sowie einen <strong>einzigartigen und unverf\u00e4lschten Geschmack<\/strong> garantieren k\u00f6nnen.<\/p>\n<p>&nbsp;<\/p>\n<p><strong>ZUTATEN<\/strong>: Cardoncelli-Pilze, natives Oliven\u00f6l extra (15%), Sonnenblumen\u00f6l mit hohem \u00d6ls\u00e4uregehalt, Salz, Petersilie und Spuren von Wei\u00dfweinessig.<\/p>\n<p>&nbsp;<\/p>\n<p><strong>DURCHSCHNITTSWERTE AUF 100g PRODUKT<\/strong><br \/>\nEnergie 55kcal\/230Kj<br \/>\nEiwei\u00df 3g<br \/>\nKohlenhydrate 0.7g davon Zucker0.2g<br \/>\nFett 3.6g davon ges\u00e4ttigt 1.3g<br \/>\nSalz 1.5g<\/p>\n","protected":false},"excerpt":{"rendered":"<p>Die festen und vollmundigen<strong> Cardoncelli-Pilze<\/strong> sind das richtige Produkt f\u00fcr alle, die ihre Gerichte mit kr\u00e4ftigen, nat\u00fcrlich schmeckenden Zutaten bereichern m\u00f6chten. Ein <strong>Naturprodukt<\/strong>, das durch einfache, traditionelle Verarbeitung gewonnen wird. Probieren Sie sie jetzt!  <\/p>\n","protected":false},"featured_media":7041,"template":"","meta":{"_acf_changed":false,"_monsterinsights_skip_tracking":false,"_monsterinsights_sitenote_active":false,"_monsterinsights_sitenote_note":"","_monsterinsights_sitenote_category":0,"_joinchat":[]},"product_brand":[],"product_cat":[172],"product_tag":[],"class_list":{"0":"post-7878","1":"product","2":"type-product","3":"status-publish","4":"has-post-thumbnail","6":"product_cat-sottoli-de","8":"first","9":"instock","10":"shipping-taxable","11":"purchasable","12":"product-type-simple"},"acf":[],"_links":{"self":[{"href":"https:\/\/contedoro.com\/de\/wp-json\/wp\/v2\/product\/7878","targetHints":{"allow":["GET"]}}],"collection":[{"href":"https:\/\/contedoro.com\/de\/wp-json\/wp\/v2\/product"}],"about":[{"href":"https:\/\/contedoro.com\/de\/wp-json\/wp\/v2\/types\/product"}],"wp:featuredmedia":[{"embeddable":true,"href":"https:\/\/contedoro.com\/de\/wp-json\/wp\/v2\/media\/7041"}],"wp:attachment":[{"href":"https:\/\/contedoro.com\/de\/wp-json\/wp\/v2\/media?parent=7878"}],"wp:term":[{"taxonomy":"product_brand","embeddable":true,"href":"https:\/\/contedoro.com\/de\/wp-json\/wp\/v2\/product_brand?post=7878"},{"taxonomy":"product_cat","embeddable":true,"href":"https:\/\/contedoro.com\/de\/wp-json\/wp\/v2\/product_cat?post=7878"},{"taxonomy":"product_tag","embeddable":true,"href":"https:\/\/contedoro.com\/de\/wp-json\/wp\/v2\/product_tag?post=7878"}],"curies":[{"name":"wp","href":"https:\/\/api.w.org\/{rel}","templated":true}]}}