{"id":7880,"date":"2022-02-15T13:08:50","date_gmt":"2022-02-15T12:08:50","guid":{"rendered":"https:\/\/contedoro.com\/negozio\/unkategorisiert\/apfel-orangen-kompott\/"},"modified":"2025-08-22T19:27:20","modified_gmt":"2025-08-22T17:27:20","slug":"apfel-orangen-kompott","status":"publish","type":"product","link":"https:\/\/contedoro.com\/de\/laden\/honig-und-fruchtkompott\/apfel-orangen-kompott\/","title":{"rendered":"Apfel-Orangen-Kompott"},"content":{"rendered":"<p>Der besondere Geschmack unseres Apfel-Orangen-Kompotts entsteht durch die <strong>perfekte Synergie<\/strong> zweier Fr\u00fcchte mit v\u00f6llig unterschiedlichen und scheinbar gegens\u00e4tzlichen Texturen und Aromen.<\/p>\n<p>Die Vollmundigkeit und Festigkeit des <strong>Apfels<\/strong> verbindet sich perfekt mit der Leichtigkeit der <strong>Orangen<\/strong>, so wie der s\u00fc\u00dfe, anhaltende Geschmack der \u00c4pfel in Kombination mit dem sauren und duftenden Geschmack der Orangen unserem Kompott eine wirklich unvergessliche Geschmacksharmonie verleiht.<\/p>\n<p>Das Apfel-Orangen-Kompott wird in einem langsamen, handwerklichen Verfahren ohne Farbstoffe oder Verdickungsmittel aus <strong>echten Rohstoffen von<\/strong> h\u00f6chster Qualit\u00e4t hergestellt. Es enth\u00e4lt<strong> nur frisches Obst<\/strong> und einen geringen Anteil an Rohrzucker, damit es f\u00fcr jeden geeignet ist.<\/p>\n<p>&nbsp;<\/p>\n<p><strong>DURCHSCHNITTLICHER ERN\u00c4HRUNGSWERT pro 100g<\/strong><\/p>\n<p>Energiewert 791 kJ\/189 kcal <\/p>\n<p>Fett 0.1 g davon ges\u00e4ttigtes Fett 0.1 g<\/p>\n<p>Kohlenhydrate 34 g, davon Zucker 26,7 g<\/p>\n<p>Eiwei\u00df 0,8 g<\/p>\n<p>Salz 0,01 g<\/p>\n<p>Ballaststoffe 2,5 g<\/p>\n<p>Aufgrund der <strong>ausschlie\u00dflich handwerklichen<\/strong> Verarbeitung des Produkts k\u00f6nnen Farbabweichungen auftreten.<\/p>\n<p>Glutenfrei und f\u00fcr Veganer geeignet.<\/p>\n","protected":false},"excerpt":{"rendered":"<p>Der <strong>s\u00fc\u00dfe<\/strong> Geschmack der <strong>\u00c4pfel<\/strong> vermischt sich perfekt mit den leicht s\u00e4uerlichen Noten der <strong>Orangen<\/strong>, was dieses Kompott perfekt f\u00fcr alle macht, die Kontraste lieben. Genie\u00dfen Sie es mit kr\u00fcmeligen trockenen Keksen oder kombinieren Sie es mit K\u00e4se und Sie werden von der<strong>Harmonie der Geschm\u00e4cker<\/strong> begeistert sein. <\/p>\n<p>Probieren Sie ein 100% hausgemachtes Kompott mit echten Fr\u00fcchten aus kontrollierten Quellen!<\/p>\n<p>&nbsp;<\/p>\n","protected":false},"featured_media":6966,"template":"","meta":{"_acf_changed":false,"_monsterinsights_skip_tracking":false,"_monsterinsights_sitenote_active":false,"_monsterinsights_sitenote_note":"","_monsterinsights_sitenote_category":0,"_joinchat":[]},"product_brand":[],"product_cat":[177],"product_tag":[],"class_list":{"0":"post-7880","1":"product","2":"type-product","3":"status-publish","4":"has-post-thumbnail","6":"product_cat-honig-und-fruchtkompott","8":"first","9":"outofstock","10":"shipping-taxable","11":"purchasable","12":"product-type-simple"},"acf":[],"_links":{"self":[{"href":"https:\/\/contedoro.com\/de\/wp-json\/wp\/v2\/product\/7880","targetHints":{"allow":["GET"]}}],"collection":[{"href":"https:\/\/contedoro.com\/de\/wp-json\/wp\/v2\/product"}],"about":[{"href":"https:\/\/contedoro.com\/de\/wp-json\/wp\/v2\/types\/product"}],"wp:featuredmedia":[{"embeddable":true,"href":"https:\/\/contedoro.com\/de\/wp-json\/wp\/v2\/media\/6966"}],"wp:attachment":[{"href":"https:\/\/contedoro.com\/de\/wp-json\/wp\/v2\/media?parent=7880"}],"wp:term":[{"taxonomy":"product_brand","embeddable":true,"href":"https:\/\/contedoro.com\/de\/wp-json\/wp\/v2\/product_brand?post=7880"},{"taxonomy":"product_cat","embeddable":true,"href":"https:\/\/contedoro.com\/de\/wp-json\/wp\/v2\/product_cat?post=7880"},{"taxonomy":"product_tag","embeddable":true,"href":"https:\/\/contedoro.com\/de\/wp-json\/wp\/v2\/product_tag?post=7880"}],"curies":[{"name":"wp","href":"https:\/\/api.w.org\/{rel}","templated":true}]}}