{"id":7884,"date":"2022-02-15T13:12:07","date_gmt":"2022-02-15T12:12:07","guid":{"rendered":"https:\/\/contedoro.com\/negozio\/unkategorisiert\/zitronen-apfel-kompott\/"},"modified":"2025-08-22T19:26:53","modified_gmt":"2025-08-22T17:26:53","slug":"zitronen-apfel-kompott","status":"publish","type":"product","link":"https:\/\/contedoro.com\/de\/laden\/honig-und-fruchtkompott\/zitronen-apfel-kompott\/","title":{"rendered":"Zitronen-Apfel-Kompott"},"content":{"rendered":"<p>Das Zitronen-Apfelkompott enth\u00e4lt fast 80 Prozent frisches Obst und wird nach <strong>traditionellen l\u00e4ndlichen Rezepten<\/strong> ohne Farb- und Verdickungsmittel zubereitet.<\/p>\n<p>Es ist ein<strong> gluten- und laktosefreies<\/strong> Produkt und daher auch perfekt f\u00fcr Z\u00f6liakiekranke und Menschen mit Laktoseintoleranz geeignet. Da er von Natur aus frei von Konservierungsstoffen ist, sollte das Glas nach dem \u00d6ffnen einige Tage im K\u00fchlschrank aufbewahrt werden, um organoleptische Ver\u00e4nderungen zu vermeiden. <\/p>\n<p>&nbsp;<\/p>\n<p><strong>DURCHSCHNITTLICHER ERN\u00c4HRUNGSWERT pro 100g<\/strong><\/p>\n<p>Energiewert 794 kJ\/190 kcal <\/p>\n<p>Fett 0.1 g davon ges\u00e4ttigtes Fett 0 g<\/p>\n<p>Kohlenhydrate 46 g, davon Zucker 32 g<\/p>\n<p>Eiwei\u00df 0,5 g<\/p>\n<p>Salz 0,6 mg<\/p>\n<p>Aufgrund der <strong>ausschlie\u00dflich handwerklichen<\/strong> Verarbeitung des Produkts k\u00f6nnen Farbabweichungen auftreten.<\/p>\n<p>Glutenfrei und f\u00fcr Veganer geeignet.<\/p>\n","protected":false},"excerpt":{"rendered":"<p>Mit ihrem sauren Geschmack und dem Duft von Zitrusfr\u00fcchten sind die<strong> Limoncelle-\u00c4pfel<\/strong> eine der (wenig bekannten) <strong>K\u00f6stlichkeiten<\/strong> der gr\u00fcnen H\u00fcgel <strong>Irpiniens<\/strong>. Das Zitronen-Apfel-Kompott ist perfekt, um Ihrer Pause den letzten Kick zu geben. <\/p>\n","protected":false},"featured_media":6969,"template":"","meta":{"_acf_changed":false,"_monsterinsights_skip_tracking":false,"_monsterinsights_sitenote_active":false,"_monsterinsights_sitenote_note":"","_monsterinsights_sitenote_category":0,"_joinchat":[]},"product_brand":[],"product_cat":[177],"product_tag":[],"class_list":{"0":"post-7884","1":"product","2":"type-product","3":"status-publish","4":"has-post-thumbnail","6":"product_cat-honig-und-fruchtkompott","8":"first","9":"outofstock","10":"shipping-taxable","11":"purchasable","12":"product-type-simple"},"acf":[],"_links":{"self":[{"href":"https:\/\/contedoro.com\/de\/wp-json\/wp\/v2\/product\/7884","targetHints":{"allow":["GET"]}}],"collection":[{"href":"https:\/\/contedoro.com\/de\/wp-json\/wp\/v2\/product"}],"about":[{"href":"https:\/\/contedoro.com\/de\/wp-json\/wp\/v2\/types\/product"}],"wp:featuredmedia":[{"embeddable":true,"href":"https:\/\/contedoro.com\/de\/wp-json\/wp\/v2\/media\/6969"}],"wp:attachment":[{"href":"https:\/\/contedoro.com\/de\/wp-json\/wp\/v2\/media?parent=7884"}],"wp:term":[{"taxonomy":"product_brand","embeddable":true,"href":"https:\/\/contedoro.com\/de\/wp-json\/wp\/v2\/product_brand?post=7884"},{"taxonomy":"product_cat","embeddable":true,"href":"https:\/\/contedoro.com\/de\/wp-json\/wp\/v2\/product_cat?post=7884"},{"taxonomy":"product_tag","embeddable":true,"href":"https:\/\/contedoro.com\/de\/wp-json\/wp\/v2\/product_tag?post=7884"}],"curies":[{"name":"wp","href":"https:\/\/api.w.org\/{rel}","templated":true}]}}