{"id":7887,"date":"2022-02-15T13:20:12","date_gmt":"2022-02-15T12:20:12","guid":{"rendered":"https:\/\/contedoro.com\/negozio\/unkategorisiert\/millefiori-honig\/"},"modified":"2025-08-22T19:26:36","modified_gmt":"2025-08-22T17:26:36","slug":"millefiori-honig","status":"publish","type":"product","link":"https:\/\/contedoro.com\/de\/laden\/honig-und-fruchtkompott\/millefiori-honig\/","title":{"rendered":"Millefiori-Honig"},"content":{"rendered":"<p>Der <strong>Millefiori-Honig<\/strong> ist sicherlich der beliebteste und dank seiner Zartheit auch der beliebteste. Er eignet sich perfekt, um allein genossen zu werden oder um alle Ihre Zubereitungen zu bereichern.<\/p>\n<p>Es gibt zwei Arten von Mischbl\u00fctenhonig: den <strong>helleren<\/strong>, fast <strong>durchsichtigen<\/strong>, der f\u00fcr <strong>h\u00fcgelige<\/strong> und flache <strong>Gebiete<\/strong> typisch ist und sich durch einen viel delikateren Geschmack auszeichnet, und den <strong>bernsteinfarbenen<\/strong>, kr\u00e4ftigeren, der in den <strong>Bergregionen<\/strong> vorherrscht und dessen Farbe vage an das Harz der hohen Kiefern erinnert, die f\u00fcr die Apenninen und Alpen typisch sind.<\/p>\n<p>Honig, und insbesondere <strong>Wildbl\u00fctenhonig<\/strong>, ist dank seiner<strong> unz\u00e4hligen positiven Eigenschaften<\/strong> ein wahres Superfood. Unser Honig wird nach <strong>handwerklichen Methoden <\/strong>hergestellt, ohne Zusatz von Konservierungsstoffen, Farbstoffen und Zucker, die seine organoleptischen Eigenschaften ver\u00e4ndern k\u00f6nnten. <\/p>\n<p>&nbsp;<\/p>\n<p><strong>DURCHSCHNITTLICHER ERN\u00c4HRUNGSWERT pro 100 g HONIG<\/strong><\/p>\n<p>Energiewert 1375 kJ\/324kcal <\/p>\n<p>Fett 0 g, davon ges\u00e4ttigtes Fett 0 g<\/p>\n<p>Kohlenhydrate 80.3 g, davon Zucker 80.3 g<\/p>\n<p>Eiwei\u00df 0,6 g<\/p>\n<p>Salz 0,03 g<\/p>\n","protected":false},"excerpt":{"rendered":"<p>Die <strong>Zartheit<\/strong> und <strong>S\u00fc\u00dfe<\/strong> des <strong>Wildbl\u00fctenhonigs<\/strong> r\u00fchrt von den vielen blumigen Noten her, die er enth\u00e4lt. Kein Duft \u00fcberwiegt die anderen, sondern alle koexistieren in einer<strong>Harmonie, die f\u00fcr den<\/strong> Gaumen<strong>eine reine Freude ist<\/strong>.<\/p>\n","protected":false},"featured_media":6981,"template":"","meta":{"_acf_changed":false,"_monsterinsights_skip_tracking":false,"_monsterinsights_sitenote_active":false,"_monsterinsights_sitenote_note":"","_monsterinsights_sitenote_category":0,"_joinchat":[]},"product_brand":[],"product_cat":[177],"product_tag":[],"class_list":{"0":"post-7887","1":"product","2":"type-product","3":"status-publish","4":"has-post-thumbnail","6":"product_cat-honig-und-fruchtkompott","8":"first","9":"instock","10":"shipping-taxable","11":"purchasable","12":"product-type-variable"},"acf":[],"_links":{"self":[{"href":"https:\/\/contedoro.com\/de\/wp-json\/wp\/v2\/product\/7887","targetHints":{"allow":["GET"]}}],"collection":[{"href":"https:\/\/contedoro.com\/de\/wp-json\/wp\/v2\/product"}],"about":[{"href":"https:\/\/contedoro.com\/de\/wp-json\/wp\/v2\/types\/product"}],"wp:featuredmedia":[{"embeddable":true,"href":"https:\/\/contedoro.com\/de\/wp-json\/wp\/v2\/media\/6981"}],"wp:attachment":[{"href":"https:\/\/contedoro.com\/de\/wp-json\/wp\/v2\/media?parent=7887"}],"wp:term":[{"taxonomy":"product_brand","embeddable":true,"href":"https:\/\/contedoro.com\/de\/wp-json\/wp\/v2\/product_brand?post=7887"},{"taxonomy":"product_cat","embeddable":true,"href":"https:\/\/contedoro.com\/de\/wp-json\/wp\/v2\/product_cat?post=7887"},{"taxonomy":"product_tag","embeddable":true,"href":"https:\/\/contedoro.com\/de\/wp-json\/wp\/v2\/product_tag?post=7887"}],"curies":[{"name":"wp","href":"https:\/\/api.w.org\/{rel}","templated":true}]}}