{"id":7891,"date":"2022-02-15T13:35:54","date_gmt":"2022-02-15T12:35:54","guid":{"rendered":"https:\/\/contedoro.com\/negozio\/unkategorisiert\/spaghetti-500gr\/"},"modified":"2025-08-22T19:29:13","modified_gmt":"2025-08-22T17:29:13","slug":"spaghetti-500gr","status":"publish","type":"product","link":"https:\/\/contedoro.com\/de\/laden\/nudeln-und-brot\/spaghetti-500gr\/","title":{"rendered":"Spaghetti 500gr"},"content":{"rendered":"<p>Diese Contedoro Spaghetti sind ein <strong>hervorragendes Produkt<\/strong> f\u00fcr Gastronomen und Kochbegeisterte, die nur das Beste auf den Tisch bringen. Hergestellt aus <strong>Hartweizenmehl<\/strong>, das in Irpinia angebaut wird, sind sie frei von <strong>Glyphosat<\/strong> und <strong>chemischen<\/strong> Verarbeitungsr\u00fcckst\u00e4nden. Gewonnen durch eine sorgf\u00e4ltige Verarbeitung nach b\u00e4uerlicher Tradition.  <\/p>\n<p>Also v\u00f6llig nat\u00fcrlich!<\/p>\n<p>&nbsp;<\/p>\n<p><strong>ZUTATEN<\/strong>: Hartweizengrie\u00df, Wasser.<\/p>\n<p>Allergene: GLUTEN, EIER, SOJA und N\u00dcSSE<\/p>\n<p>&nbsp;<\/p>\n<p><strong>DURCHSCHNITTLICHER ERN\u00c4HRUNGSWERT PRO 100 g<\/strong><\/p>\n<p>Energie 1209 Kj\/286 kcal<\/p>\n<p>Fett 2.4g<\/p>\n<p>Ges\u00e4ttigte Fetts\u00e4uren 0,4g<\/p>\n<p>Kohlenhydrate 53.0g<\/p>\n<p>Zucker 2.7g<\/p>\n<p>Eiwei\u00df 13g<\/p>\n<p>Salz 0g<\/p>\n<p>&nbsp;<\/p>\n<p><strong>KOCHZEIT<\/strong><\/p>\n<p>12-15 min<\/p>\n","protected":false},"excerpt":{"rendered":"<p>Die Spaghetti Contedoro sind dank des <strong>Bronzeziehens<\/strong> und der langsamen Trocknung bei niedrigen Temperaturen ein <strong>hervorragendes<\/strong> Produkt aus der Region <strong>Irpinia<\/strong>. Die au\u00dfergew\u00f6hnliche<strong> Kochfestigkeit <\/strong>und die <strong>Abwesenheit von<\/strong> <strong>Pestiziden<\/strong> und <strong>Glyphosat<\/strong> im Weizen garantieren ein gesundes und unverf\u00e4lschtes Produkt. Probieren Sie sie jetzt!  <\/p>\n","protected":false},"featured_media":7038,"template":"","meta":{"_acf_changed":false,"_monsterinsights_skip_tracking":false,"_monsterinsights_sitenote_active":false,"_monsterinsights_sitenote_note":"","_monsterinsights_sitenote_category":0,"_joinchat":[]},"product_brand":[],"product_cat":[178],"product_tag":[],"class_list":{"0":"post-7891","1":"product","2":"type-product","3":"status-publish","4":"has-post-thumbnail","6":"product_cat-nudeln-und-brot","8":"first","9":"outofstock","10":"shipping-taxable","11":"purchasable","12":"product-type-simple"},"acf":[],"_links":{"self":[{"href":"https:\/\/contedoro.com\/de\/wp-json\/wp\/v2\/product\/7891","targetHints":{"allow":["GET"]}}],"collection":[{"href":"https:\/\/contedoro.com\/de\/wp-json\/wp\/v2\/product"}],"about":[{"href":"https:\/\/contedoro.com\/de\/wp-json\/wp\/v2\/types\/product"}],"wp:featuredmedia":[{"embeddable":true,"href":"https:\/\/contedoro.com\/de\/wp-json\/wp\/v2\/media\/7038"}],"wp:attachment":[{"href":"https:\/\/contedoro.com\/de\/wp-json\/wp\/v2\/media?parent=7891"}],"wp:term":[{"taxonomy":"product_brand","embeddable":true,"href":"https:\/\/contedoro.com\/de\/wp-json\/wp\/v2\/product_brand?post=7891"},{"taxonomy":"product_cat","embeddable":true,"href":"https:\/\/contedoro.com\/de\/wp-json\/wp\/v2\/product_cat?post=7891"},{"taxonomy":"product_tag","embeddable":true,"href":"https:\/\/contedoro.com\/de\/wp-json\/wp\/v2\/product_tag?post=7891"}],"curies":[{"name":"wp","href":"https:\/\/api.w.org\/{rel}","templated":true}]}}