{"id":7896,"date":"2023-02-23T10:55:26","date_gmt":"2023-02-23T09:55:26","guid":{"rendered":"https:\/\/contedoro.com\/negozio\/unkategorisiert\/oelkrug-spike\/"},"modified":"2025-08-22T19:29:24","modified_gmt":"2025-08-22T17:29:24","slug":"oelkrug-spike","status":"publish","type":"product","link":"https:\/\/contedoro.com\/de\/laden\/olkruge-aus-keramik\/oelkrug-spike\/","title":{"rendered":"\u00d6lkrug | Spike"},"content":{"rendered":"<p>Das Gef\u00e4\u00df \u201e<em><strong>Spiga<\/strong><\/em>\u201c ist ein kleines handbemaltes Kunstwerk. Es ist eine elegante und rustikale Option f\u00fcr Ihre <strong>Hochzeitsgeschenke<\/strong>. Die Dekoration erinnert an die nat\u00fcrliche Sch\u00f6nheit von <strong>reifem Weizen mit<\/strong> handgemalten <strong>\u00c4hren und Wildblumen<\/strong> auf jedem St\u00fcck.  <\/p>\n<p>Diese Dekoration macht jedes Glas einzigartig und besonders und verleiht Ihren Gastgeschenken einen Hauch von Eleganz und Originalit\u00e4t. Mit einem <strong>Fassungsverm\u00f6gen von 250 ml<\/strong> sind diese Gl\u00e4ser perfekt f\u00fcr die Aufbewahrung von <strong>Nativem Oliven\u00f6l Extra<\/strong> geeignet. <\/p>\n<p>Ganz gleich, ob Sie eine Hochzeit im Freien oder in einer st\u00e4dtischen Umgebung planen, das handbemalte<strong>\u201eSpiga<\/strong>\u201c-Gef\u00e4\u00df ist eine zeitlose Option, die mit Sicherheit einen bleibenden Eindruck bei Ihren G\u00e4sten hinterl\u00e4sst. Sie werden nicht nur das Gef\u00e4\u00df, sondern auch seinen EVO-\u00d6lgehalt sch\u00e4tzen.<\/p>\n<p>&nbsp;<\/p>\n<p>Kontaktieren Sie uns jetzt unverbindlich und bereiten Sie den Boden f\u00fcr Ihre unvergessliche <strong>Zeremonie<\/strong>!<\/p>\n","protected":false},"excerpt":{"rendered":"<p>Das Einmachglas \u201e<strong><em>Korn\u00e4hre<\/em><\/strong>\u201c ist eine Dekoration, die <strong>an die Sch\u00f6nheit des reifen Weizens erinnert, mit<\/strong> handgemalten \u00c4hren <strong>und Blumen<\/strong> auf jedem St\u00fcck. So erh\u00e4lt jedes Gef\u00e4\u00df die Einzigartigkeit, die auch einzelne \u00c4hren haben, denn <em>die Natur<\/em> hat in jeder ihrer Sch\u00f6pfungen ihre eigene, einzigartige Essenz. <\/p>\n<p>&nbsp;<\/p>\n<p>Ist es Ihre ideale Wahl? Finden Sie mehr heraus! <\/p>\n","protected":false},"featured_media":6831,"template":"","meta":{"_acf_changed":false,"_monsterinsights_skip_tracking":false,"_monsterinsights_sitenote_active":false,"_monsterinsights_sitenote_note":"","_monsterinsights_sitenote_category":0,"_joinchat":[]},"product_brand":[],"product_cat":[179],"product_tag":[],"class_list":{"0":"post-7896","1":"product","2":"type-product","3":"status-publish","4":"has-post-thumbnail","6":"product_cat-olkruge-aus-keramik","7":"pa_formato-250ml-de","9":"first","10":"instock","11":"shipping-taxable","12":"product-type-simple"},"acf":[],"_links":{"self":[{"href":"https:\/\/contedoro.com\/de\/wp-json\/wp\/v2\/product\/7896","targetHints":{"allow":["GET"]}}],"collection":[{"href":"https:\/\/contedoro.com\/de\/wp-json\/wp\/v2\/product"}],"about":[{"href":"https:\/\/contedoro.com\/de\/wp-json\/wp\/v2\/types\/product"}],"wp:featuredmedia":[{"embeddable":true,"href":"https:\/\/contedoro.com\/de\/wp-json\/wp\/v2\/media\/6831"}],"wp:attachment":[{"href":"https:\/\/contedoro.com\/de\/wp-json\/wp\/v2\/media?parent=7896"}],"wp:term":[{"taxonomy":"product_brand","embeddable":true,"href":"https:\/\/contedoro.com\/de\/wp-json\/wp\/v2\/product_brand?post=7896"},{"taxonomy":"product_cat","embeddable":true,"href":"https:\/\/contedoro.com\/de\/wp-json\/wp\/v2\/product_cat?post=7896"},{"taxonomy":"product_tag","embeddable":true,"href":"https:\/\/contedoro.com\/de\/wp-json\/wp\/v2\/product_tag?post=7896"}],"curies":[{"name":"wp","href":"https:\/\/api.w.org\/{rel}","templated":true}]}}