{"id":7913,"date":"2023-02-24T12:38:37","date_gmt":"2023-02-24T11:38:37","guid":{"rendered":"https:\/\/contedoro.com\/negozio\/unkategorisiert\/oelauslauf-phoenix\/"},"modified":"2025-08-22T19:25:48","modified_gmt":"2025-08-22T17:25:48","slug":"oelauslauf-phoenix","status":"publish","type":"product","link":"https:\/\/contedoro.com\/de\/laden\/olkruge-aus-keramik\/oelauslauf-phoenix\/","title":{"rendered":"\u00d6lauslauf | Phoenix"},"content":{"rendered":"<p>Dieses wunderbare handbemalte<strong> Keramik-\u00d6lgef\u00e4\u00df<\/strong> haben wir in <em><strong>Phoenix genannt. <\/strong><\/em>Er ist ein Kunstwerk, das Eleganz und Raffinesse ausstrahlt. Dank seines eleganten Designs und des Inhalts aus <strong>preisgekr\u00f6ntem nativem Oliven\u00f6l extra<\/strong> ist dieses Keramikgef\u00e4\u00df<strong> ideal als Hochzeitsgeschenk geeignet.<\/strong> <\/p>\n<p>Der Name erinnert an den <em><strong>Ph\u00f6nix,<\/strong><\/em> ein mythologisches Wesen, das in vielen alten Kulturen vorkommt, aber am besten in der griechischen und r\u00f6mischen Mythologie bekannt ist. Der <strong>Ph\u00f6nix<\/strong> galt als legend\u00e4rer Vogel <strong>, der die Wiedergeburt symbolisierte, da er die F\u00e4higkeit besa\u00df, sich aus seiner Asche zu erheben.<\/strong> <\/p>\n<p>Auch das<strong>in dem Glas enthaltene native Oliven\u00f6l extra<\/strong> ist ein feines, hochwertiges Geschenk, das nicht nur die Augen, sondern auch den Gaumen Ihrer G\u00e4ste verzaubern wird.<\/p>\n<p>&nbsp;<\/p>\n<p>Bitte z\u00f6gern Sie nicht, uns zu kontaktieren, um weitere Informationen \u00fcber dieses <strong>Hochzeitsgeschenk zu erhalten.<\/strong> Wir versorgen Sie gerne mit allen notwendigen Informationen und<strong> helfen Ihnen, Ihr Geschenk nach Ihren W\u00fcnschen zu gestalten<\/strong>. <\/p>\n<p>&nbsp;<\/p>\n<p>Kaufen Sie dieses Keramik-Hochzeitsgeschenk jetzt und machen Sie Ihren G\u00e4sten ein einzigartiges und unvergessliches Geschenk!<\/p>\n","protected":false},"excerpt":{"rendered":"<p>Der \u00d6lauslauf mit dem Namen <em><strong>Phoenix <\/strong><\/em>aus unserer Kollektion <strong><em>Wiedergeburt <\/em><\/strong>geh\u00f6rt dank seiner Originalit\u00e4t und seines raffinierten Dekors zu den Bestsellern der gesamten Kollektion.<\/p>\n<p>In der modernen Popul\u00e4rkultur<strong> wird der Ph\u00f6nix oft als Symbol f\u00fcr Hoffnung<\/strong>, <strong>Mut<\/strong> und<strong> innere St\u00e4rke<\/strong><strong> verwendet<\/strong>. Er wird auch mit Feuer und Licht assoziiert, denn die Legende besagt, dass seine brennenden Fl\u00fcgel die Dunkelheit erhellen und die D\u00fcsternis vertreiben k\u00f6nnen. <\/p>\n<p>&nbsp;<\/p>\n<p>Mit<strong> 250 ml nativem Oliven\u00f6l extra<\/strong> ist es ein originelles und einzigartiges Geschenk, das Ihren Hochzeitstag zu etwas Besonderem machen wird. Dank seiner Eleganz und Raffinesse wird es <strong>ein gesch\u00e4tztes Geschenk f\u00fcr Ihre G\u00e4ste<\/strong> sein, die mit dem nativen Oliven\u00f6l extra ihre Lieblingsrezepte zubereiten und das Glas als Beh\u00e4lter in der K\u00fcche oder als elegante Dekoration verwenden k\u00f6nnen. <\/p>\n<p>&nbsp;<\/p>\n<p>M\u00f6chten Sie mehr erfahren?<\/p>\n<p>Erfahren Sie hier mehr!<\/p>\n","protected":false},"featured_media":7395,"template":"","meta":{"_acf_changed":false,"_monsterinsights_skip_tracking":false,"_monsterinsights_sitenote_active":false,"_monsterinsights_sitenote_note":"","_monsterinsights_sitenote_category":0,"_joinchat":[]},"product_brand":[],"product_cat":[179],"product_tag":[],"class_list":{"0":"post-7913","1":"product","2":"type-product","3":"status-publish","4":"has-post-thumbnail","6":"product_cat-olkruge-aus-keramik","7":"pa_formato-250ml-de","9":"first","10":"instock","11":"shipping-taxable","12":"product-type-simple"},"acf":[],"_links":{"self":[{"href":"https:\/\/contedoro.com\/de\/wp-json\/wp\/v2\/product\/7913","targetHints":{"allow":["GET"]}}],"collection":[{"href":"https:\/\/contedoro.com\/de\/wp-json\/wp\/v2\/product"}],"about":[{"href":"https:\/\/contedoro.com\/de\/wp-json\/wp\/v2\/types\/product"}],"wp:featuredmedia":[{"embeddable":true,"href":"https:\/\/contedoro.com\/de\/wp-json\/wp\/v2\/media\/7395"}],"wp:attachment":[{"href":"https:\/\/contedoro.com\/de\/wp-json\/wp\/v2\/media?parent=7913"}],"wp:term":[{"taxonomy":"product_brand","embeddable":true,"href":"https:\/\/contedoro.com\/de\/wp-json\/wp\/v2\/product_brand?post=7913"},{"taxonomy":"product_cat","embeddable":true,"href":"https:\/\/contedoro.com\/de\/wp-json\/wp\/v2\/product_cat?post=7913"},{"taxonomy":"product_tag","embeddable":true,"href":"https:\/\/contedoro.com\/de\/wp-json\/wp\/v2\/product_tag?post=7913"}],"curies":[{"name":"wp","href":"https:\/\/api.w.org\/{rel}","templated":true}]}}