{"id":7915,"date":"2023-02-24T11:38:08","date_gmt":"2023-02-24T10:38:08","guid":{"rendered":"https:\/\/contedoro.com\/negozio\/unkategorisiert\/oelkrug-sonnenblume\/"},"modified":"2025-08-22T19:25:52","modified_gmt":"2025-08-22T17:25:52","slug":"oelkrug-sonnenblume","status":"publish","type":"product","link":"https:\/\/contedoro.com\/de\/laden\/olkruge-aus-keramik\/oelkrug-sonnenblume\/","title":{"rendered":"\u00d6lkrug | Sonnenblume"},"content":{"rendered":"<div class=\"flex flex-grow flex-col gap-3\">\n<div class=\"min-h-[20px] flex flex-col items-start gap-4 whitespace-pre-wrap\">\n<div class=\"markdown prose w-full break-words dark:prose-invert light\">\n<p>Dieses wunderbare <strong>handbemalte Glas mit \u00d6l f\u00fcr Hochzeitsgeschenke<\/strong> mit einer <strong>Sonnenblumendekoration <\/strong>ist ein authentisches Kunstwerk, das den Optimismus und die Lebensfreude der Sonnenblume darstellt, wenn sie das Licht wahrnimmt. Das rustikale, aber gepflegte Design und der Inhalt <strong>von 250 ml<\/strong> <strong>feinem nativem Oliven\u00f6l extra von Contedoro<\/strong> machen es zu einem idealen<strong> Hochzeitsgeschenk<\/strong>, um Ihren G\u00e4sten ein kleines St\u00fcck Landgeschichte zu schenken. <\/p>\n<p>&nbsp;<\/p>\n<p>Die Sonnenblume steht auch f\u00fcr <strong>Vitalit\u00e4t<\/strong> und <strong>innere St\u00e4rke<\/strong>, denn sie ist eine Blume, die <strong>auch unter schwierigen Bedingungen wachsen und gedeihen<\/strong> kann. Diese F\u00e4higkeit, zu \u00fcberleben und zu gedeihen, macht sie zu<strong> einem Symbol f\u00fcr Hoffnung und Mut<\/strong>. <\/p>\n<p>Die Sonnenblume ist eine Blume voller positiver Bedeutungen und <strong>steht f\u00fcr Gl\u00fcck, Energie und Positivit\u00e4t<\/strong>. Deshalb wollten wir sie in unsere Kollektion aufnehmen. <em><strong>Wiedergeburt<\/strong><\/em>als positives Zeichen und als unausl\u00f6schliche Erinnerung an eine sch\u00f6ne Zeremonie aufnehmen wollten.<\/p>\n<\/div>\n<\/div>\n<\/div>\n<p>&nbsp;<\/p>\n<p>&nbsp;<\/p>\n<p>Kaufen Sie diesen<strong>\u00d6lkrug<\/strong> jetzt<strong>als Hochzeitsgeschenk<\/strong> und machen Sie Ihren G\u00e4sten ein einzigartiges und unvergessliches Geschenk.<\/p>\n","protected":false},"excerpt":{"rendered":"<p><strong>Einmachgl\u00e4ser mit \u00d6l f\u00fcr Gastgeschenke<\/strong> mit <b>Sonnenblumendekoration <\/b>aus unserer Kollektion <strong><em>Wiedergeburt <\/em><\/strong>symbolisiert <strong>Gl\u00fcck, Energie und Optimismus<\/strong>. Ihr Hauptmerkmal ist, dass sie der Sonne hinterherl\u00e4uft und dabei ihre Bl\u00fcte so dreht, dass sie sie immer im Blick hat. <\/p>\n<p>Dieses Verhalten wird als<strong> eine Metapher f\u00fcr Positivit\u00e4t und Entschlossenheit im Leben<\/strong> interpretiert<strong>.<\/strong><\/p>\n<p>&nbsp;<\/p>\n<p>Mit seinem Inhalt von<strong> 250 ml EVO-\u00d6l ist es nicht nur ein sch\u00f6nes, sondern auch ein n\u00fctzliches Geschenk<\/strong>, das Ihre Zeremonie zu etwas Besonderem machen wird. <strong>Ein Geschenk, das<\/strong> Ihre G\u00e4ste nicht nur wegen seiner Sch\u00f6nheit sch\u00e4tzen werden, sondern auch wegen der Tatsache, dass es auch nach dem Genuss des exquisiten \u00d6ls noch n\u00fctzlich sein wird.<\/p>\n<p>Denn ist es nicht immer die Sorge, sch\u00f6ne, aber nutzlose Hochzeitsgeschenke zu erhalten?<\/p>\n<p>Mit unserem <strong>Gef\u00e4\u00df mit \u00d6l als Gastgeschenk<\/strong> k\u00f6nnen Sie Ihren G\u00e4sten endlich ein sch\u00f6nes, originelles und n\u00fctzliches Geschenk machen!<\/p>\n<p>&nbsp;<\/p>\n<p>M\u00f6chten Sie mehr erfahren?<\/p>\n<p>Erfahren Sie hier mehr!<\/p>\n","protected":false},"featured_media":7458,"template":"","meta":{"_acf_changed":false,"_monsterinsights_skip_tracking":false,"_monsterinsights_sitenote_active":false,"_monsterinsights_sitenote_note":"","_monsterinsights_sitenote_category":0,"_joinchat":[]},"product_brand":[],"product_cat":[179],"product_tag":[],"class_list":{"0":"post-7915","1":"product","2":"type-product","3":"status-publish","4":"has-post-thumbnail","6":"product_cat-olkruge-aus-keramik","7":"pa_formato-250ml-de","9":"first","10":"instock","11":"shipping-taxable","12":"product-type-simple"},"acf":[],"_links":{"self":[{"href":"https:\/\/contedoro.com\/de\/wp-json\/wp\/v2\/product\/7915","targetHints":{"allow":["GET"]}}],"collection":[{"href":"https:\/\/contedoro.com\/de\/wp-json\/wp\/v2\/product"}],"about":[{"href":"https:\/\/contedoro.com\/de\/wp-json\/wp\/v2\/types\/product"}],"wp:featuredmedia":[{"embeddable":true,"href":"https:\/\/contedoro.com\/de\/wp-json\/wp\/v2\/media\/7458"}],"wp:attachment":[{"href":"https:\/\/contedoro.com\/de\/wp-json\/wp\/v2\/media?parent=7915"}],"wp:term":[{"taxonomy":"product_brand","embeddable":true,"href":"https:\/\/contedoro.com\/de\/wp-json\/wp\/v2\/product_brand?post=7915"},{"taxonomy":"product_cat","embeddable":true,"href":"https:\/\/contedoro.com\/de\/wp-json\/wp\/v2\/product_cat?post=7915"},{"taxonomy":"product_tag","embeddable":true,"href":"https:\/\/contedoro.com\/de\/wp-json\/wp\/v2\/product_tag?post=7915"}],"curies":[{"name":"wp","href":"https:\/\/api.w.org\/{rel}","templated":true}]}}