{"id":7918,"date":"2023-02-24T10:15:51","date_gmt":"2023-02-24T09:15:51","guid":{"rendered":"https:\/\/contedoro.com\/negozio\/unkategorisiert\/orcio-olio-lotus-und-lotus-giro\/"},"modified":"2025-08-22T19:25:53","modified_gmt":"2025-08-22T17:25:53","slug":"orcio-olio-lotus-und-lotus-giro","status":"publish","type":"product","link":"https:\/\/contedoro.com\/de\/laden\/olkruge-aus-keramik\/orcio-olio-lotus-und-lotus-giro\/","title":{"rendered":"Orcio Olio | Lotus und Lotus Giro"},"content":{"rendered":"<p>Dieser <strong>wundersch\u00f6ne, handbemalte Keramiktopf<\/strong> mit<strong> Lotosblumen-Dekor<\/strong> ist ein Kunstwerk, das Eleganz und Raffinesse ausstrahlt. Dank seines eleganten Designs und des Inhalts aus <strong>feinem, preisgekr\u00f6ntem nativem Oliven\u00f6l extra<\/strong> ist dieses Keramikgef\u00e4\u00df<strong> ideal als Hochzeitsgeschenk<\/strong> geeignet. <\/p>\n<p>Die Lotusblume ist ein Symbol f\u00fcr <strong>Reinheit<\/strong> und <strong>spirituelle Wiedergeburt<\/strong>. Sie eignet sich perfekt, um W\u00fcnsche f\u00fcr ein Leben voller Gl\u00fcck und Erfolg im neuen<strong> Eheabenteuer<\/strong> auszudr\u00fccken. Auch das in dem Glas enthaltene native Oliven\u00f6l extra ist ein feines, hochwertiges Geschenk, das nicht nur die Augen, sondern auch den Gaumen Ihrer G\u00e4ste verzaubern wird.<\/p>\n<p>&nbsp;<\/p>\n<p>Bitte z\u00f6gern Sie nicht, uns zu kontaktieren, um weitere Informationen \u00fcber dieses <strong>Hochzeitsgeschenk zu erhalten.<\/strong> Wir versorgen Sie gerne mit allen notwendigen Informationen und<strong> helfen Ihnen, Ihr Geschenk nach Ihren W\u00fcnschen zu gestalten<\/strong>. <\/p>\n<p>&nbsp;<\/p>\n<p>Kaufen Sie dieses Keramik-Hochzeitsgeschenk jetzt und machen Sie Ihren G\u00e4sten ein einzigartiges und unvergessliches Geschenk!<\/p>\n","protected":false},"excerpt":{"rendered":"<p>\u00d6lkrug mit <b>Lotus <\/b>oder<strong> Lotus Giro<\/strong> Dekoration aus unserer Kollektion <strong><em>Wiedergeburt <\/em><\/strong>ist bei unseren Kunden wegen seiner Originalit\u00e4t und der Raffinesse, die diese Blumen dem Gef\u00e4\u00df verleihen, sehr beliebt.<\/p>\n<p>Mit<strong> 250 ml nativem Oliven\u00f6l extra<\/strong> ist es ein originelles und einzigartiges Geschenk, das Ihren Hochzeitstag zu etwas Besonderem machen wird. Dank seiner Eleganz und Raffinesse wird es <strong>ein gesch\u00e4tztes Geschenk f\u00fcr Ihre G\u00e4ste<\/strong> sein, die mit dem nativen Oliven\u00f6l extra ihre Lieblingsrezepte zubereiten und das Glas als Beh\u00e4lter in der K\u00fcche oder als elegante Dekoration verwenden k\u00f6nnen. <\/p>\n<p>&nbsp;<\/p>\n<p>M\u00f6chten Sie mehr erfahren?<\/p>\n<p>Erfahren Sie hier mehr!<\/p>\n","protected":false},"featured_media":7392,"template":"","meta":{"_acf_changed":false,"_monsterinsights_skip_tracking":false,"_monsterinsights_sitenote_active":false,"_monsterinsights_sitenote_note":"","_monsterinsights_sitenote_category":0,"_joinchat":[]},"product_brand":[],"product_cat":[179],"product_tag":[],"class_list":{"0":"post-7918","1":"product","2":"type-product","3":"status-publish","4":"has-post-thumbnail","6":"product_cat-olkruge-aus-keramik","7":"pa_formato-250ml-de","9":"first","10":"instock","11":"shipping-taxable","12":"product-type-simple"},"acf":[],"_links":{"self":[{"href":"https:\/\/contedoro.com\/de\/wp-json\/wp\/v2\/product\/7918","targetHints":{"allow":["GET"]}}],"collection":[{"href":"https:\/\/contedoro.com\/de\/wp-json\/wp\/v2\/product"}],"about":[{"href":"https:\/\/contedoro.com\/de\/wp-json\/wp\/v2\/types\/product"}],"wp:featuredmedia":[{"embeddable":true,"href":"https:\/\/contedoro.com\/de\/wp-json\/wp\/v2\/media\/7392"}],"wp:attachment":[{"href":"https:\/\/contedoro.com\/de\/wp-json\/wp\/v2\/media?parent=7918"}],"wp:term":[{"taxonomy":"product_brand","embeddable":true,"href":"https:\/\/contedoro.com\/de\/wp-json\/wp\/v2\/product_brand?post=7918"},{"taxonomy":"product_cat","embeddable":true,"href":"https:\/\/contedoro.com\/de\/wp-json\/wp\/v2\/product_cat?post=7918"},{"taxonomy":"product_tag","embeddable":true,"href":"https:\/\/contedoro.com\/de\/wp-json\/wp\/v2\/product_tag?post=7918"}],"curies":[{"name":"wp","href":"https:\/\/api.w.org\/{rel}","templated":true}]}}