{"id":7919,"date":"2023-02-24T08:43:09","date_gmt":"2023-02-24T07:43:09","guid":{"rendered":"https:\/\/contedoro.com\/negozio\/unkategorisiert\/oelauslauf-spirale-und-doppelspirale\/"},"modified":"2025-08-22T19:26:03","modified_gmt":"2025-08-22T17:26:03","slug":"oelauslauf-spirale-und-doppelspirale","status":"publish","type":"product","link":"https:\/\/contedoro.com\/de\/laden\/olkruge-aus-keramik\/oelauslauf-spirale-und-doppelspirale\/","title":{"rendered":"\u00d6lauslauf | Spirale und Doppelspirale"},"content":{"rendered":"<p><em><strong>Spirale<\/strong> <\/em> ist ein elegantes und einzigartiges <strong>250ml Keramikgef\u00e4\u00df mit Nativem Oliven\u00f6l Extra<\/strong>. Unsere lokalen Handwerker bemalen sie eins nach dem anderen von Hand. <\/p>\n<p>Wir haben die <strong>Spirale als Dekoration<\/strong> gew\u00e4hlt, weil sie ein Symbol f\u00fcr <strong>Vitalit\u00e4t<\/strong>, <strong>Wachstum<\/strong> und <strong>Transformation<\/strong> ist. Sie vermittelt ein Gef\u00fchl von <strong>Harmonie<\/strong>, Gleichgewicht und Kontinuit\u00e4t mit dem Fluss der Zeit und dem Leben selbst. <\/p>\n<p>&nbsp;<\/p>\n<p>Seine dynamische und flie\u00dfende Form l\u00e4dt uns ein, \u00fcber unsere F\u00e4higkeit nachzudenken, uns an die Ver\u00e4nderungen des Lebens anzupassen und<strong> an den Erfahrungen zu wachsen, die wir auf unserem Weg machen<\/strong>.<\/p>\n<p>&nbsp;<\/p>\n<p>Wenn Sie die Dekoration am meisten beeindruckt hat, brauchen Sie<strong> uns nur zu kontaktieren und die untenstehenden Felder auszuf\u00fcllen<\/strong>, um weitere Informationen zu erhalten!<\/p>\n","protected":false},"excerpt":{"rendered":"<p>Unser \u00d6lkrug mit <strong>Spirale<\/strong> oder <strong>Doppelspirale <\/strong>ist ein fester Bestandteil unserer Kollektion <strong><em>Wiedergeburt<\/em><\/strong>.<\/p>\n<p>Ein antikes Symbol, das auf jedem St\u00fcck handdekoriert ist. Diese<strong> elegante Webart<\/strong> ist bei unseren Kunden wegen ihres rustikalen Charakters sehr begehrt. <\/p>\n<p>Angereichert mit<strong> 250 ml des<\/strong> preisgekr\u00f6nten<strong> nativen Oliven\u00f6ls extra von Contedoro<\/strong>, wird dieses Glas Ihr Hochzeitsgeschenk unvergesslich machen!<\/p>\n<p>&nbsp;<\/p>\n<p>Ist dies<strong> das richtige Gef\u00e4\u00df f\u00fcr Ihre Zeremonie<\/strong>? Finden Sie es hier heraus! <\/p>\n","protected":false},"featured_media":7389,"template":"","meta":{"_acf_changed":false,"_monsterinsights_skip_tracking":false,"_monsterinsights_sitenote_active":false,"_monsterinsights_sitenote_note":"","_monsterinsights_sitenote_category":0,"_joinchat":[]},"product_brand":[],"product_cat":[179],"product_tag":[],"class_list":{"0":"post-7919","1":"product","2":"type-product","3":"status-publish","4":"has-post-thumbnail","6":"product_cat-olkruge-aus-keramik","7":"pa_formato-250ml-de","9":"first","10":"instock","11":"shipping-taxable","12":"product-type-simple"},"acf":[],"_links":{"self":[{"href":"https:\/\/contedoro.com\/de\/wp-json\/wp\/v2\/product\/7919","targetHints":{"allow":["GET"]}}],"collection":[{"href":"https:\/\/contedoro.com\/de\/wp-json\/wp\/v2\/product"}],"about":[{"href":"https:\/\/contedoro.com\/de\/wp-json\/wp\/v2\/types\/product"}],"wp:featuredmedia":[{"embeddable":true,"href":"https:\/\/contedoro.com\/de\/wp-json\/wp\/v2\/media\/7389"}],"wp:attachment":[{"href":"https:\/\/contedoro.com\/de\/wp-json\/wp\/v2\/media?parent=7919"}],"wp:term":[{"taxonomy":"product_brand","embeddable":true,"href":"https:\/\/contedoro.com\/de\/wp-json\/wp\/v2\/product_brand?post=7919"},{"taxonomy":"product_cat","embeddable":true,"href":"https:\/\/contedoro.com\/de\/wp-json\/wp\/v2\/product_cat?post=7919"},{"taxonomy":"product_tag","embeddable":true,"href":"https:\/\/contedoro.com\/de\/wp-json\/wp\/v2\/product_tag?post=7919"}],"curies":[{"name":"wp","href":"https:\/\/api.w.org\/{rel}","templated":true}]}}