{"id":7926,"date":"2022-03-03T11:09:29","date_gmt":"2022-03-03T10:09:29","guid":{"rendered":"https:\/\/contedoro.com\/negozio\/unkategorisiert\/trockenwurst-250-280g\/"},"modified":"2025-08-22T19:29:20","modified_gmt":"2025-08-22T17:29:20","slug":"trockenwurst-250-280g","status":"publish","type":"product","link":"https:\/\/contedoro.com\/de\/laden\/kase-und-aufschnitt\/trockenwurst-250-280g\/","title":{"rendered":"Trockenwurst 250-280g"},"content":{"rendered":"<p>Unsere Trockenwurst ist vollst\u00e4ndig<strong>\u201epaesana<\/strong>\u201c, wie wir in unserer Gegend sagen. Das hei\u00dft, sie wird mit <strong>handwerklichen Methoden<\/strong> hergestellt und hat keine chemischen oder k\u00fcnstlichen Behandlungen zur Konservierung des Fleisches erhalten. <\/p>\n<p>Unser gesamtes Fleisch wurde sorgf\u00e4ltig ausgew\u00e4hlt, <strong>nur lokales, 100% italienisches Fleisch<\/strong>!<\/p>\n<p>Perfekt f\u00fcr Ihre Vorspeisen, erfreuen Sie sich an dieser Spezialit\u00e4t aus dem unber\u00fchrten Gebiet Irpins.<\/p>\n","protected":false},"excerpt":{"rendered":"<p>Salsiccia secca irpina, eine <strong>zeitlose Delikatesse<\/strong>. Diese Spezialit\u00e4t aus Kampanien wird in ganz Italien f\u00fcr ihren <strong>vollmundigen Geschmack<\/strong> und ihr <strong>delikates<\/strong> <strong>Aroma<\/strong> gesch\u00e4tzt. Sie ist oft in unserem Pacco Contadino zu finden und wird von vielen Feinschmeckern bevorzugt, wenn es um getrocknete Wurst geht!  <\/p>\n<p>Probieren Sie es jetzt, schmecken Sie das Gute!<\/p>\n<p>&nbsp;<\/p>\n","protected":false},"featured_media":7068,"template":"","meta":{"_acf_changed":false,"_monsterinsights_skip_tracking":false,"_monsterinsights_sitenote_active":false,"_monsterinsights_sitenote_note":"","_monsterinsights_sitenote_category":0,"_joinchat":[]},"product_brand":[],"product_cat":[182],"product_tag":[],"class_list":{"0":"post-7926","1":"product","2":"type-product","3":"status-publish","4":"has-post-thumbnail","6":"product_cat-kase-und-aufschnitt","8":"first","9":"instock","10":"shipping-taxable","11":"purchasable","12":"product-type-simple"},"acf":[],"_links":{"self":[{"href":"https:\/\/contedoro.com\/de\/wp-json\/wp\/v2\/product\/7926","targetHints":{"allow":["GET"]}}],"collection":[{"href":"https:\/\/contedoro.com\/de\/wp-json\/wp\/v2\/product"}],"about":[{"href":"https:\/\/contedoro.com\/de\/wp-json\/wp\/v2\/types\/product"}],"wp:featuredmedia":[{"embeddable":true,"href":"https:\/\/contedoro.com\/de\/wp-json\/wp\/v2\/media\/7068"}],"wp:attachment":[{"href":"https:\/\/contedoro.com\/de\/wp-json\/wp\/v2\/media?parent=7926"}],"wp:term":[{"taxonomy":"product_brand","embeddable":true,"href":"https:\/\/contedoro.com\/de\/wp-json\/wp\/v2\/product_brand?post=7926"},{"taxonomy":"product_cat","embeddable":true,"href":"https:\/\/contedoro.com\/de\/wp-json\/wp\/v2\/product_cat?post=7926"},{"taxonomy":"product_tag","embeddable":true,"href":"https:\/\/contedoro.com\/de\/wp-json\/wp\/v2\/product_tag?post=7926"}],"curies":[{"name":"wp","href":"https:\/\/api.w.org\/{rel}","templated":true}]}}