{"id":7928,"date":"2022-03-03T11:07:23","date_gmt":"2022-03-03T10:07:23","guid":{"rendered":"https:\/\/contedoro.com\/negozio\/unkategorisiert\/soppressata-trocken-250-280g\/"},"modified":"2025-08-22T19:29:21","modified_gmt":"2025-08-22T17:29:21","slug":"soppressata-trocken-250-280g","status":"publish","type":"product","link":"https:\/\/contedoro.com\/de\/laden\/kase-und-aufschnitt\/soppressata-trocken-250-280g\/","title":{"rendered":"Soppressata trocken 250-280g"},"content":{"rendered":"<p><strong>Soppressata, die gute<\/strong>, hat einen dickeren Darm als Wurst, so dass das Fleisch kompakter ist. Der Name zeugt sogar davon. <\/p>\n<p>Dieses exquisite italienische Produkt wird allgemein f\u00fcr seinen <strong>ausgewogenen Geschmack<\/strong> und seine Salzigkeit gesch\u00e4tzt. Es schmeckt hervorragend zu <strong>frischem Brot und K\u00e4se<\/strong> und wird mit einem <strong>guten Rotwein<\/strong> heruntergesp\u00fclt <strong>.<\/strong> <\/p>\n<p>Bei Contedoro verarbeiten wir unser lokales Fleisch ausschlie\u00dflich mit <strong>traditionellen Methoden<\/strong>; wir sind nicht an einer Industrialisierung der Produktion interessiert.<\/p>\n<p>Das Motto lautet: <strong>wenig, aber gut!<\/strong><\/p>\n<p>&nbsp;<\/p>\n<p>Probieren Sie es aus, der Geschmack dieser Soppressata wird Sie \u00fcberzeugen!<\/p>\n","protected":false},"excerpt":{"rendered":"<p>Unsere <strong>getrocknete Soppressata<\/strong> ist eine k\u00f6stliche Wahl, wenn Sie den s\u00fc\u00dfen Geschmack von gep\u00f6keltem Fleisch lieben, der in Vorspeisen noch besser zur Geltung kommt.<\/p>\n<p>Diese in ganz Italien und dar\u00fcber hinaus gesch\u00e4tzte Spezialit\u00e4t aus Kampanien ist auch die perfekte Wahl f\u00fcr leckere rustikale Sandwiches. Hergestellt aus <strong>100% italienischem Schweinefleisch<\/strong>, frisch geschlachtet und kunstvoll verarbeitet nach den Vorgaben der lokalen irpinischen Tradition. <\/p>\n<p>Versuchen Sie es jetzt!<\/p>\n","protected":false},"featured_media":7071,"template":"","meta":{"_acf_changed":false,"_monsterinsights_skip_tracking":false,"_monsterinsights_sitenote_active":false,"_monsterinsights_sitenote_note":"","_monsterinsights_sitenote_category":0,"_joinchat":[]},"product_brand":[],"product_cat":[182],"product_tag":[],"class_list":{"0":"post-7928","1":"product","2":"type-product","3":"status-publish","4":"has-post-thumbnail","6":"product_cat-kase-und-aufschnitt","8":"first","9":"instock","10":"shipping-taxable","11":"purchasable","12":"product-type-simple"},"acf":[],"_links":{"self":[{"href":"https:\/\/contedoro.com\/de\/wp-json\/wp\/v2\/product\/7928","targetHints":{"allow":["GET"]}}],"collection":[{"href":"https:\/\/contedoro.com\/de\/wp-json\/wp\/v2\/product"}],"about":[{"href":"https:\/\/contedoro.com\/de\/wp-json\/wp\/v2\/types\/product"}],"wp:featuredmedia":[{"embeddable":true,"href":"https:\/\/contedoro.com\/de\/wp-json\/wp\/v2\/media\/7071"}],"wp:attachment":[{"href":"https:\/\/contedoro.com\/de\/wp-json\/wp\/v2\/media?parent=7928"}],"wp:term":[{"taxonomy":"product_brand","embeddable":true,"href":"https:\/\/contedoro.com\/de\/wp-json\/wp\/v2\/product_brand?post=7928"},{"taxonomy":"product_cat","embeddable":true,"href":"https:\/\/contedoro.com\/de\/wp-json\/wp\/v2\/product_cat?post=7928"},{"taxonomy":"product_tag","embeddable":true,"href":"https:\/\/contedoro.com\/de\/wp-json\/wp\/v2\/product_tag?post=7928"}],"curies":[{"name":"wp","href":"https:\/\/api.w.org\/{rel}","templated":true}]}}