{"id":7933,"date":"2021-11-19T12:06:06","date_gmt":"2021-11-19T11:06:06","guid":{"rendered":"https:\/\/contedoro.com\/negozio\/unkategorisiert\/bauern-paket-vier-jahreszeiten\/"},"modified":"2025-08-22T19:28:18","modified_gmt":"2025-08-22T17:28:18","slug":"bauern-paket-vier-jahreszeiten","status":"publish","type":"product","link":"https:\/\/contedoro.com\/de\/laden\/bauerliche-parzelle\/bauern-paket-vier-jahreszeiten\/","title":{"rendered":"Bauern-Paket - Vier Jahreszeiten"},"content":{"rendered":"<ul class=\"ul1\">\n<li class=\"li1\">Tomatenp\u00fcree aus lokalen Rohstoffen. Ideal f\u00fcr die Zubereitung von leckeren Ragouts f\u00fcr Trockennudeln <\/li>\n<li class=\"li1\">Olio Evo Ravece, die Exzellenz der Gew\u00fcrze aus Kampanien. Ein \u00d6l mit intensivem Geschmack, das Sie roh auf Speisen genie\u00dfen k\u00f6nnen <\/li>\n<li class=\"li1\">Handgemachte getrocknete Spaghetti. Sie bleiben al dente gekocht und verbinden sich harmonisch mit den Saucen <\/li>\n<li class=\"li1\">Aglianico Irpino der Klassiker unter den kampanischen Weinen<\/li>\n<li class=\"li1\">Getrocknete Wurst, typische irpinische Wurst, die nur aus Schweinefleisch hergestellt wird<\/li>\n<li class=\"li1\">Gegrillte Artischocken in \u00d6l, eine schmackhafte Beilage<\/li>\n<li class=\"li1\">Birnen-Walnuss-Konfit\u00fcre, ausgezeichnet f\u00fcr s\u00fc\u00dfe Zubereitungen, aber auch zu trockenem oder halbgereiftem K\u00e4se zu genie\u00dfen<\/li>\n<\/ul>\n","protected":false},"excerpt":{"rendered":"<p>&nbsp;<\/p>\n<p>In dieser Bauernparzelle gibt es nicht nur gastronomische Produkte. Nein! Es gibt die ganze <strong>Tradition eines unber\u00fchrten Landes: Irpinia<\/strong>, das gr\u00fcne Herz Kampaniens, das sich seit jeher der gesunden und biologischen Landwirtschaft verschrieben hat.  <\/p>\n<p>In diesem Farmer&#8217;s Pack entdecken Sie die Spannung, die <strong>Authentizit\u00e4t<\/strong> von Produkten mit unvergleichlichem Geschmack zu probieren.<\/p>\n<p>Das Four Seasons Farmer&#8217;s Pack ist auch eine beliebte <strong>Geschenkidee<\/strong>- schenken Sie es jemandem, den Sie lieben!<\/p>\n<p class=\"p1\"><strong>Um Irpinia das ganze Jahr \u00fcber zu genie\u00dfen.<\/strong><\/p>\n","protected":false},"featured_media":6765,"template":"","meta":{"_acf_changed":false,"_monsterinsights_skip_tracking":false,"_monsterinsights_sitenote_active":false,"_monsterinsights_sitenote_note":"","_monsterinsights_sitenote_category":0,"_joinchat":[]},"product_brand":[],"product_cat":[167],"product_tag":[],"class_list":{"0":"post-7933","1":"product","2":"type-product","3":"status-publish","4":"has-post-thumbnail","6":"product_cat-bauerliche-parzelle","8":"first","9":"instock","10":"shipping-taxable","11":"purchasable","12":"product-type-simple"},"acf":[],"_links":{"self":[{"href":"https:\/\/contedoro.com\/de\/wp-json\/wp\/v2\/product\/7933","targetHints":{"allow":["GET"]}}],"collection":[{"href":"https:\/\/contedoro.com\/de\/wp-json\/wp\/v2\/product"}],"about":[{"href":"https:\/\/contedoro.com\/de\/wp-json\/wp\/v2\/types\/product"}],"wp:featuredmedia":[{"embeddable":true,"href":"https:\/\/contedoro.com\/de\/wp-json\/wp\/v2\/media\/6765"}],"wp:attachment":[{"href":"https:\/\/contedoro.com\/de\/wp-json\/wp\/v2\/media?parent=7933"}],"wp:term":[{"taxonomy":"product_brand","embeddable":true,"href":"https:\/\/contedoro.com\/de\/wp-json\/wp\/v2\/product_brand?post=7933"},{"taxonomy":"product_cat","embeddable":true,"href":"https:\/\/contedoro.com\/de\/wp-json\/wp\/v2\/product_cat?post=7933"},{"taxonomy":"product_tag","embeddable":true,"href":"https:\/\/contedoro.com\/de\/wp-json\/wp\/v2\/product_tag?post=7933"}],"curies":[{"name":"wp","href":"https:\/\/api.w.org\/{rel}","templated":true}]}}