{"id":7934,"date":"2022-03-03T09:59:08","date_gmt":"2022-03-03T08:59:08","guid":{"rendered":"https:\/\/contedoro.com\/negozio\/unkategorisiert\/pacco-contadino-ostern-in-irpinia\/"},"modified":"2025-08-22T19:29:16","modified_gmt":"2025-08-22T17:29:16","slug":"pacco-contadino-ostern-in-irpinia","status":"publish","type":"product","link":"https:\/\/contedoro.com\/de\/laden\/bauerliche-parzelle\/pacco-contadino-ostern-in-irpinia\/","title":{"rendered":"Pacco Contadino - Ostern in Irpinia"},"content":{"rendered":"<p>Bio-Oliven\u00f6l 500 ml, gepresst aus 100% lokalen und nat\u00fcrlichen Oliven. Ein \u00d6l, das im Einklang mit der Natur hergestellt wird<br \/>\nWildbl\u00fctenhonig 250 g, zart, harmonisch und mit tausend Aromen<br \/>\nEiertaralli 300 g, handgemacht nach einem traditionellen Rezept und mit lokalen Zutaten<br \/>\nColomba mit kandierten Fr\u00fcchten 1 kg, handgemacht<br \/>\nSpaghetti 500 g, handgemacht. Sie bleiben al dente gekocht und verbinden sich harmonisch mit den So\u00dfen<br \/>\nAuberginenfilets 270 g, eine echte Beilage mit l\u00e4ndlichem Geschmack<br \/>\nTomatenp\u00fcree 680 g, hergestellt aus lokalen Zutaten. Ideal nicht nur f\u00fcr die Zubereitung von Ragouts, sondern auch zum W\u00fcrzen von leckeren Suppen   <\/p>\n","protected":false},"excerpt":{"rendered":"<p>In dieser Bauernparzelle gibt es nicht nur gastronomische Produkte. Nein! Es gibt die ganze <strong>Tradition eines unber\u00fchrten Landes: Irpinia<\/strong>, das gr\u00fcne Herz Kampaniens, das sich seit jeher der gesunden und biologischen Landwirtschaft verschrieben hat.  <\/p>\n<p>In diesem Farmer&#8217;s Pack entdecken Sie die Spannung, die <strong>Authentizit\u00e4t<\/strong> von Produkten mit unvergleichlichem Geschmack zu probieren.<\/p>\n<p>Das Ostern in Irpinia Bauernpaket ist auch eine sehr beliebte <strong>Geschenkidee<\/strong>, schenken Sie es jemandem, den Sie lieben!<\/p>\n","protected":false},"featured_media":7050,"template":"","meta":{"_acf_changed":false,"_monsterinsights_skip_tracking":false,"_monsterinsights_sitenote_active":false,"_monsterinsights_sitenote_note":"","_monsterinsights_sitenote_category":0,"_joinchat":[]},"product_brand":[],"product_cat":[167],"product_tag":[],"class_list":{"0":"post-7934","1":"product","2":"type-product","3":"status-publish","4":"has-post-thumbnail","6":"product_cat-bauerliche-parzelle","8":"first","9":"outofstock","10":"shipping-taxable","11":"purchasable","12":"product-type-simple"},"acf":[],"_links":{"self":[{"href":"https:\/\/contedoro.com\/de\/wp-json\/wp\/v2\/product\/7934","targetHints":{"allow":["GET"]}}],"collection":[{"href":"https:\/\/contedoro.com\/de\/wp-json\/wp\/v2\/product"}],"about":[{"href":"https:\/\/contedoro.com\/de\/wp-json\/wp\/v2\/types\/product"}],"wp:featuredmedia":[{"embeddable":true,"href":"https:\/\/contedoro.com\/de\/wp-json\/wp\/v2\/media\/7050"}],"wp:attachment":[{"href":"https:\/\/contedoro.com\/de\/wp-json\/wp\/v2\/media?parent=7934"}],"wp:term":[{"taxonomy":"product_brand","embeddable":true,"href":"https:\/\/contedoro.com\/de\/wp-json\/wp\/v2\/product_brand?post=7934"},{"taxonomy":"product_cat","embeddable":true,"href":"https:\/\/contedoro.com\/de\/wp-json\/wp\/v2\/product_cat?post=7934"},{"taxonomy":"product_tag","embeddable":true,"href":"https:\/\/contedoro.com\/de\/wp-json\/wp\/v2\/product_tag?post=7934"}],"curies":[{"name":"wp","href":"https:\/\/api.w.org\/{rel}","templated":true}]}}