{"id":7938,"date":"2022-03-02T16:00:48","date_gmt":"2022-03-02T15:00:48","guid":{"rendered":"https:\/\/contedoro.com\/negozio\/unkategorisiert\/getrocknete-tomaten-in-oel-270g\/"},"modified":"2025-08-22T19:29:15","modified_gmt":"2025-08-22T17:29:15","slug":"getrocknete-tomaten-in-oel-270g","status":"publish","type":"product","link":"https:\/\/contedoro.com\/de\/laden\/sottoli-de\/getrocknete-tomaten-in-oel-270g\/","title":{"rendered":"Getrocknete Tomaten in \u00d6l 270g"},"content":{"rendered":"<p>Getrocknete Tomaten sind eine der <strong>kulinarischen K\u00f6stlichkeiten S\u00fcditaliens<\/strong>, wo sie je nach regionaler Tradition auf unterschiedliche Weise zubereitet werden.<\/p>\n<p>Hier in <strong>Irpinia<\/strong>, an unseren <strong>unber\u00fchrten H\u00e4ngen<\/strong>, wachsen die Tomaten in einer gesunden und ausgewogenen Umgebung. Sie werden im richtigen <strong>Reifestadium<\/strong> geerntet und nach den \u00e4ltesten Regeln unserer <strong>landwirtschaftlichen Tradition<\/strong> verarbeitet. Dazu geh\u00f6rt die langsame <strong>, nat\u00fcrliche<\/strong> <strong>Trocknung<\/strong> in der Sonne, ohne die Hilfe industrieller Verfahren. <\/p>\n<p>Das verleiht ihnen ihren ganz besonderen Geschmack, der in der K\u00fcche so beliebt und gesch\u00e4tzt ist.<\/p>\n<p>&nbsp;<\/p>\n<p><strong>ZUTATEN<\/strong><\/p>\n<p>Sonnengetrocknete Tomaten (76%), natives Oliven\u00f6l extra, Sonnenblumen\u00f6l mit hohem \u00d6ls\u00e4uregehalt, Salz, Oregano, Spuren von Wei\u00dfweinessig.<\/p>\n<p><em>Ohne Konservierungsstoffe<\/em><\/p>\n<p>&nbsp;<\/p>\n<p><strong>DURCHSCHNITTSWERTE AUF 100g PRODUKT<\/strong><br \/>\nEnergie 507kcal\/2122Kj<br \/>\nEiwei\u00df 8.5g<br \/>\nKohlenhydrate 26g davon Zucker 20g<br \/>\nFett 41g davon ges\u00e4ttigt 6.6g<br \/>\nSalz 1.5g<\/p>\n","protected":false},"excerpt":{"rendered":"<p>100% italienische sonnengetrocknete <strong>Tomaten in \u00d6l<\/strong>.<\/p>\n<p>Bei Contedoro haben wir das seit Generationen \u00fcberlieferte <strong>Rezept<\/strong> f\u00fcr die Zubereitung und Konservierung <strong>sonnengetrockneter<\/strong> Tomaten, die handwerklich verarbeitet und <strong>in der Sonne getrocknet<\/strong> werden, in die Praxis umgesetzt.<br \/>\nProbieren Sie sie jetzt!<\/p>\n","protected":false},"featured_media":7047,"template":"","meta":{"_acf_changed":false,"_monsterinsights_skip_tracking":false,"_monsterinsights_sitenote_active":false,"_monsterinsights_sitenote_note":"","_monsterinsights_sitenote_category":0,"_joinchat":[]},"product_brand":[],"product_cat":[172],"product_tag":[],"class_list":{"0":"post-7938","1":"product","2":"type-product","3":"status-publish","4":"has-post-thumbnail","6":"product_cat-sottoli-de","8":"first","9":"instock","10":"shipping-taxable","11":"purchasable","12":"product-type-simple"},"acf":[],"_links":{"self":[{"href":"https:\/\/contedoro.com\/de\/wp-json\/wp\/v2\/product\/7938","targetHints":{"allow":["GET"]}}],"collection":[{"href":"https:\/\/contedoro.com\/de\/wp-json\/wp\/v2\/product"}],"about":[{"href":"https:\/\/contedoro.com\/de\/wp-json\/wp\/v2\/types\/product"}],"wp:featuredmedia":[{"embeddable":true,"href":"https:\/\/contedoro.com\/de\/wp-json\/wp\/v2\/media\/7047"}],"wp:attachment":[{"href":"https:\/\/contedoro.com\/de\/wp-json\/wp\/v2\/media?parent=7938"}],"wp:term":[{"taxonomy":"product_brand","embeddable":true,"href":"https:\/\/contedoro.com\/de\/wp-json\/wp\/v2\/product_brand?post=7938"},{"taxonomy":"product_cat","embeddable":true,"href":"https:\/\/contedoro.com\/de\/wp-json\/wp\/v2\/product_cat?post=7938"},{"taxonomy":"product_tag","embeddable":true,"href":"https:\/\/contedoro.com\/de\/wp-json\/wp\/v2\/product_tag?post=7938"}],"curies":[{"name":"wp","href":"https:\/\/api.w.org\/{rel}","templated":true}]}}