{"id":7941,"date":"2021-11-19T12:02:29","date_gmt":"2021-11-19T11:02:29","guid":{"rendered":"https:\/\/contedoro.com\/negozio\/unkategorisiert\/farmers-package-weihnachten-mit-tradition\/"},"modified":"2025-08-22T19:28:16","modified_gmt":"2025-08-22T17:28:16","slug":"farmers-package-weihnachten-mit-tradition","status":"publish","type":"product","link":"https:\/\/contedoro.com\/de\/laden\/bauerliche-parzelle\/farmers-package-weihnachten-mit-tradition\/","title":{"rendered":"Farmer&#8217;s Package - Weihnachten mit Tradition"},"content":{"rendered":"<ul class=\"ul1\">\n<li class=\"li1\">Tomatenp\u00fcree aus lokalen Rohstoffen. Ideal nicht nur f\u00fcr die Zubereitung von Ragouts, sondern auch zum W\u00fcrzen von leckeren Suppen <\/li>\n<li class=\"li1\">Bio-Oliven\u00f6l, gepresst aus 100% lokalen und nat\u00fcrlichen Oliven. Ein \u00d6l, das im Einklang mit der Natur hergestellt wird <\/li>\n<li class=\"li1\">Handgemachte getrocknete Spaghetti. Sie bleiben al dente gekocht und verbinden sich harmonisch mit den Saucen <\/li>\n<li class=\"li1\">Aromatisierte Native Oliven\u00f6le Extra aus nat\u00fcrlichen Rohstoffen. Ideal, um Gerichten mehr Charakter und einen kr\u00e4ftigeren Geschmack zu verleihen <\/li>\n<li class=\"li1\">Linsen als Wunsch f\u00fcr ein neues Jahr voller Reichtum<\/li>\n<li class=\"li1\">Mostaccioli, typische S\u00fc\u00dfigkeiten aus Kampanien, die nach Weihnachtsgew\u00fcrzen duften und mit Schokolade \u00fcberzogen sind.<\/li>\n<li class=\"li1\">Gef\u00fcllte Paprikaschoten sind das weihnachtliche Must-Have auf arischen Tischen. Im Inneren befindet sich eine s\u00fc\u00dfe F\u00fcllung aus gekochtem Wein, Brot und getrockneten Fr\u00fcchten <\/li>\n<li class=\"li1\">Aglianico Irpino der Klassiker unter den kampanischen Weinen<\/li>\n<\/ul>\n","protected":false},"excerpt":{"rendered":"<p>In dieser Bauernparzelle gibt es nicht nur gastronomische Produkte. Nein! Es gibt die ganze <strong>Tradition eines unber\u00fchrten Landes: Irpinia<\/strong>, das gr\u00fcne Herz Kampaniens, das sich seit jeher der gesunden und biologischen Landwirtschaft verschrieben hat.  <\/p>\n<p>In diesem Farmer&#8217;s Pack entdecken Sie die Spannung, die <strong>Authentizit\u00e4t<\/strong> von Produkten mit unvergleichlichem Geschmack zu probieren.<\/p>\n<p>Das Countryman&#8217;s Package Weihnachten in Tradition ist auch eine beliebte <strong>Geschenkidee<\/strong>, schenken Sie es jemandem, den Sie lieben!<\/p>\n<p class=\"p1\"><strong>F\u00fcr ein Weihnachten, das nach Urspr\u00fcngen riecht.<\/strong><\/p>\n","protected":false},"featured_media":6759,"template":"","meta":{"_acf_changed":false,"_monsterinsights_skip_tracking":false,"_monsterinsights_sitenote_active":false,"_monsterinsights_sitenote_note":"","_monsterinsights_sitenote_category":0,"_joinchat":[]},"product_brand":[],"product_cat":[167],"product_tag":[],"class_list":{"0":"post-7941","1":"product","2":"type-product","3":"status-publish","4":"has-post-thumbnail","6":"product_cat-bauerliche-parzelle","8":"first","9":"instock","10":"shipping-taxable","11":"purchasable","12":"product-type-simple"},"acf":[],"_links":{"self":[{"href":"https:\/\/contedoro.com\/de\/wp-json\/wp\/v2\/product\/7941","targetHints":{"allow":["GET"]}}],"collection":[{"href":"https:\/\/contedoro.com\/de\/wp-json\/wp\/v2\/product"}],"about":[{"href":"https:\/\/contedoro.com\/de\/wp-json\/wp\/v2\/types\/product"}],"wp:featuredmedia":[{"embeddable":true,"href":"https:\/\/contedoro.com\/de\/wp-json\/wp\/v2\/media\/6759"}],"wp:attachment":[{"href":"https:\/\/contedoro.com\/de\/wp-json\/wp\/v2\/media?parent=7941"}],"wp:term":[{"taxonomy":"product_brand","embeddable":true,"href":"https:\/\/contedoro.com\/de\/wp-json\/wp\/v2\/product_brand?post=7941"},{"taxonomy":"product_cat","embeddable":true,"href":"https:\/\/contedoro.com\/de\/wp-json\/wp\/v2\/product_cat?post=7941"},{"taxonomy":"product_tag","embeddable":true,"href":"https:\/\/contedoro.com\/de\/wp-json\/wp\/v2\/product_tag?post=7941"}],"curies":[{"name":"wp","href":"https:\/\/api.w.org\/{rel}","templated":true}]}}