{"id":7944,"date":"2021-11-19T11:52:36","date_gmt":"2021-11-19T10:52:36","guid":{"rendered":"https:\/\/contedoro.com\/negozio\/unkategorisiert\/baeuerliches-paket-suppe-wie-sie-frueher-war\/"},"modified":"2025-08-22T19:27:00","modified_gmt":"2025-08-22T17:27:00","slug":"baeuerliches-paket-suppe-wie-sie-frueher-war","status":"publish","type":"product","link":"https:\/\/contedoro.com\/de\/laden\/bauerliche-parzelle\/baeuerliches-paket-suppe-wie-sie-frueher-war\/","title":{"rendered":"B\u00e4uerliches Paket - Suppe, wie sie fr\u00fcher war"},"content":{"rendered":"<ul class=\"ul1\">\n<li class=\"li1\">Tomatenp\u00fcree aus lokalen Rohstoffen. Ideal nicht nur f\u00fcr die Zubereitung von Ragouts, sondern auch zum W\u00fcrzen von leckeren Suppen <\/li>\n<li class=\"li1\">Getrocknete Bohnen auf dem Lande in Irpinien<\/li>\n<li class=\"li1\">Bio-Oliven\u00f6l, gepresst aus 100% lokalen und nat\u00fcrlichen Oliven. Ein \u00d6l, das im Einklang mit der Natur hergestellt wird <\/li>\n<li class=\"li1\">Aromatisierte Native Oliven\u00f6le Extra aus nat\u00fcrlichen Rohstoffen. Ideal, um Gerichten mehr Charakter und einen kr\u00e4ftigeren Geschmack zu verleihen <\/li>\n<\/ul>\n","protected":false},"excerpt":{"rendered":"<p class=\"p1\"><strong>F\u00fcr Liebhaber von altmodischen warmen Aromen.<\/strong><\/p>\n","protected":false},"featured_media":6750,"template":"","meta":{"_acf_changed":false,"_monsterinsights_skip_tracking":false,"_monsterinsights_sitenote_active":false,"_monsterinsights_sitenote_note":"","_monsterinsights_sitenote_category":0,"_joinchat":[]},"product_brand":[],"product_cat":[167],"product_tag":[],"class_list":{"0":"post-7944","1":"product","2":"type-product","3":"status-publish","4":"has-post-thumbnail","6":"product_cat-bauerliche-parzelle","8":"first","9":"instock","10":"shipping-taxable","11":"purchasable","12":"product-type-simple"},"acf":[],"_links":{"self":[{"href":"https:\/\/contedoro.com\/de\/wp-json\/wp\/v2\/product\/7944","targetHints":{"allow":["GET"]}}],"collection":[{"href":"https:\/\/contedoro.com\/de\/wp-json\/wp\/v2\/product"}],"about":[{"href":"https:\/\/contedoro.com\/de\/wp-json\/wp\/v2\/types\/product"}],"wp:featuredmedia":[{"embeddable":true,"href":"https:\/\/contedoro.com\/de\/wp-json\/wp\/v2\/media\/6750"}],"wp:attachment":[{"href":"https:\/\/contedoro.com\/de\/wp-json\/wp\/v2\/media?parent=7944"}],"wp:term":[{"taxonomy":"product_brand","embeddable":true,"href":"https:\/\/contedoro.com\/de\/wp-json\/wp\/v2\/product_brand?post=7944"},{"taxonomy":"product_cat","embeddable":true,"href":"https:\/\/contedoro.com\/de\/wp-json\/wp\/v2\/product_cat?post=7944"},{"taxonomy":"product_tag","embeddable":true,"href":"https:\/\/contedoro.com\/de\/wp-json\/wp\/v2\/product_tag?post=7944"}],"curies":[{"name":"wp","href":"https:\/\/api.w.org\/{rel}","templated":true}]}}