{"id":7945,"date":"2021-11-19T11:59:36","date_gmt":"2021-11-19T10:59:36","guid":{"rendered":"https:\/\/contedoro.com\/negozio\/unkategorisiert\/baeuerliches-paket-antike-aromen\/"},"modified":"2025-08-22T19:26:57","modified_gmt":"2025-08-22T17:26:57","slug":"baeuerliches-paket-antike-aromen","status":"publish","type":"product","link":"https:\/\/contedoro.com\/de\/laden\/bauerliche-parzelle\/baeuerliches-paket-antike-aromen\/","title":{"rendered":"B\u00e4uerliches Paket - Antike Aromen"},"content":{"rendered":"<ul class=\"ul1\">\n<li class=\"li1\">Gesch\u00e4lte Tomaten aus lokalen Rohstoffen. Ideal f\u00fcr leckere und schnelle Saucen <\/li>\n<li class=\"li1\">Olio Evo Ravece, die Exzellenz der Gew\u00fcrze aus Kampanien. Ein \u00d6l mit intensivem Geschmack, das Sie roh auf Speisen genie\u00dfen k\u00f6nnen <\/li>\n<li class=\"li1\">Aromatisierte Native Oliven\u00f6le Extra aus nat\u00fcrlichen Rohstoffen. Ideal, um Gerichten mehr Charakter und einen kr\u00e4ftigeren Geschmack zu verleihen <\/li>\n<li class=\"li1\">Handgemachte getrocknete Spaghetti. Sie bleiben al dente gekocht und verbinden sich harmonisch mit den Saucen <\/li>\n<li class=\"li1\">Artisan Konfetti-Nudeln. Eine dreifarbige Pasta f\u00fcr fantasievolle Gerichte f\u00fcr Jung und Alt <\/li>\n<li class=\"li1\">Typische Fr\u00fchst\u00fcckskekse aus unserer Region. Sie eignen sich hervorragend zum Eintunken in warme Tassen mit Milch oder Gerste, Tee oder Schokolade. <\/li>\n<li class=\"li1\">Der Miele Mille Fiori Honig wird in den k\u00fchlen H\u00fcgeln von Irpinia hergestellt.<\/li>\n<li class=\"li1\">Scaldatelli mit Fenchel, die idealen Taralli f\u00fcr alle, die rustikale und traditionelle Aromen lieben<\/li>\n<\/ul>\n","protected":false},"excerpt":{"rendered":"<p>&nbsp;<\/p>\n<p>In dieser Bauernparzelle gibt es nicht nur gastronomische Produkte. Nein! Es gibt die ganze <strong>Tradition eines unber\u00fchrten Landes: Irpinia<\/strong>, das gr\u00fcne Herz Kampaniens, das sich seit jeher der gesunden und biologischen Landwirtschaft verschrieben hat.  <\/p>\n<p>In diesem Farmer&#8217;s Pack entdecken Sie die Spannung, die <strong>Authentizit\u00e4t<\/strong> von Produkten mit unvergleichlichem Geschmack zu probieren.<\/p>\n<p>Das Antichi Sapori Peasant Pack ist auch eine beliebte <strong>Geschenkidee<\/strong>, schenken Sie es jemandem, den Sie lieben!<\/p>\n<p class=\"p1\"><strong>Um den Geschmack der ganzen Familie zu befriedigen und die Aromen von Irpinia gemeinsam zu genie\u00dfen.<\/strong><\/p>\n","protected":false},"featured_media":6756,"template":"","meta":{"_acf_changed":false,"_monsterinsights_skip_tracking":false,"_monsterinsights_sitenote_active":false,"_monsterinsights_sitenote_note":"","_monsterinsights_sitenote_category":0,"_joinchat":[]},"product_brand":[],"product_cat":[167],"product_tag":[],"class_list":{"0":"post-7945","1":"product","2":"type-product","3":"status-publish","4":"has-post-thumbnail","6":"product_cat-bauerliche-parzelle","8":"first","9":"instock","10":"shipping-taxable","11":"purchasable","12":"product-type-simple"},"acf":[],"_links":{"self":[{"href":"https:\/\/contedoro.com\/de\/wp-json\/wp\/v2\/product\/7945","targetHints":{"allow":["GET"]}}],"collection":[{"href":"https:\/\/contedoro.com\/de\/wp-json\/wp\/v2\/product"}],"about":[{"href":"https:\/\/contedoro.com\/de\/wp-json\/wp\/v2\/types\/product"}],"wp:featuredmedia":[{"embeddable":true,"href":"https:\/\/contedoro.com\/de\/wp-json\/wp\/v2\/media\/6756"}],"wp:attachment":[{"href":"https:\/\/contedoro.com\/de\/wp-json\/wp\/v2\/media?parent=7945"}],"wp:term":[{"taxonomy":"product_brand","embeddable":true,"href":"https:\/\/contedoro.com\/de\/wp-json\/wp\/v2\/product_brand?post=7945"},{"taxonomy":"product_cat","embeddable":true,"href":"https:\/\/contedoro.com\/de\/wp-json\/wp\/v2\/product_cat?post=7945"},{"taxonomy":"product_tag","embeddable":true,"href":"https:\/\/contedoro.com\/de\/wp-json\/wp\/v2\/product_tag?post=7945"}],"curies":[{"name":"wp","href":"https:\/\/api.w.org\/{rel}","templated":true}]}}