{"id":7973,"date":"2022-03-11T21:16:26","date_gmt":"2022-03-11T20:16:26","guid":{"rendered":"https:\/\/contedoro.com\/negozio\/unkategorisiert\/frischer-caciocavallo-campano\/"},"modified":"2025-08-22T19:29:23","modified_gmt":"2025-08-22T17:29:23","slug":"frischer-caciocavallo-campano","status":"publish","type":"product","link":"https:\/\/contedoro.com\/de\/laden\/kase-und-aufschnitt\/frischer-caciocavallo-campano\/","title":{"rendered":"Frischer Caciocavallo Campano"},"content":{"rendered":"<p>Unsere irpinischen K\u00fche, die frei in ihrer nat\u00fcrlichen Umgebung grasen, weiden das frischste Gras unserer irpinischen H\u00fcgel. In einer<strong>unber\u00fchrten, nat\u00fcrlichen Landschaft<\/strong> wird dieser exquisite K\u00e4se mit traditionellen Methoden hergestellt. <\/p>\n<p>Es wird nur aus Kuhmilch, Lab und Salz hergestellt und ist das Nat\u00fcrlichste, was uns unsere Tiere geben k\u00f6nnen - und das seit Jahrhunderten!<\/p>\n<p>&nbsp;<\/p>\n<p><strong>Probieren Sie<\/strong> es, erleben Sie den <strong>Geschmack der Authentizit\u00e4t<\/strong>.<\/p>\n","protected":false},"excerpt":{"rendered":"<p>Caciocavallo ist <strong>eine der beliebtesten K\u00e4sesorten S\u00fcditaliens<\/strong>. Sein weicher und delikater Geschmack verleiht diesem reifen K\u00e4se den Vorrang unter den verschiedenen traditionellen K\u00e4sesorten S\u00fcditaliens. <\/p>\n<p>Unserer ist besonders <strong>authentisch<\/strong>, da er nur aus der Milch von Irpinia-K\u00fchen hergestellt wird.<\/p>\n<p>&nbsp;<\/p>\n<p>Versuchen Sie es jetzt!<\/p>\n","protected":false},"featured_media":7083,"template":"","meta":{"_acf_changed":false,"_monsterinsights_skip_tracking":false,"_monsterinsights_sitenote_active":false,"_monsterinsights_sitenote_note":"","_monsterinsights_sitenote_category":0,"_joinchat":[]},"product_brand":[],"product_cat":[182],"product_tag":[],"class_list":{"0":"post-7973","1":"product","2":"type-product","3":"status-publish","4":"has-post-thumbnail","6":"product_cat-kase-und-aufschnitt","8":"first","9":"instock","10":"shipping-taxable","11":"purchasable","12":"product-type-variable"},"acf":[],"_links":{"self":[{"href":"https:\/\/contedoro.com\/de\/wp-json\/wp\/v2\/product\/7973","targetHints":{"allow":["GET"]}}],"collection":[{"href":"https:\/\/contedoro.com\/de\/wp-json\/wp\/v2\/product"}],"about":[{"href":"https:\/\/contedoro.com\/de\/wp-json\/wp\/v2\/types\/product"}],"wp:featuredmedia":[{"embeddable":true,"href":"https:\/\/contedoro.com\/de\/wp-json\/wp\/v2\/media\/7083"}],"wp:attachment":[{"href":"https:\/\/contedoro.com\/de\/wp-json\/wp\/v2\/media?parent=7973"}],"wp:term":[{"taxonomy":"product_brand","embeddable":true,"href":"https:\/\/contedoro.com\/de\/wp-json\/wp\/v2\/product_brand?post=7973"},{"taxonomy":"product_cat","embeddable":true,"href":"https:\/\/contedoro.com\/de\/wp-json\/wp\/v2\/product_cat?post=7973"},{"taxonomy":"product_tag","embeddable":true,"href":"https:\/\/contedoro.com\/de\/wp-json\/wp\/v2\/product_tag?post=7973"}],"curies":[{"name":"wp","href":"https:\/\/api.w.org\/{rel}","templated":true}]}}