{"id":8935,"date":"2021-05-29T12:53:23","date_gmt":"2021-05-29T10:53:23","guid":{"rendered":"https:\/\/contedoro.com\/nos-prix-pour-lhuile-evo\/"},"modified":"2025-08-22T12:31:00","modified_gmt":"2025-08-22T10:31:00","slug":"nos-prix-pour-lhuile-evo","status":"publish","type":"page","link":"https:\/\/contedoro.com\/fr\/nos-prix-pour-lhuile-evo\/","title":{"rendered":"Nos prix pour l&rsquo;huile EVO"},"content":{"rendered":"\n<figure class=\"wp-block-image size-large is-resized w-100 img-responsive\"><img loading=\"lazy\" decoding=\"async\" src=\"https:\/\/contedoro.com\/wp-content\/uploads\/2021\/06\/premi-1-1024x576.jpg\" alt=\"opinions et r&#xE9;compenses sur le p&#xE9;trole de contedoro\" class=\"wp-image-2497\" width=\"1024\" height=\"576\" srcset=\"https:\/\/contedoro.com\/wp-content\/uploads\/2021\/06\/premi-1-1024x576.jpg 1024w, https:\/\/contedoro.com\/wp-content\/uploads\/2021\/06\/premi-1-300x169.jpg 300w, https:\/\/contedoro.com\/wp-content\/uploads\/2021\/06\/premi-1-768x432.jpg 768w, https:\/\/contedoro.com\/wp-content\/uploads\/2021\/06\/premi-1-1536x864.jpg 1536w, https:\/\/contedoro.com\/wp-content\/uploads\/2021\/06\/premi-1-600x338.jpg 600w, https:\/\/contedoro.com\/wp-content\/uploads\/2021\/06\/premi-1.jpg 1920w\" sizes=\"auto, (max-width: 1024px) 100vw, 1024px\" \/><figcaption>Zoom sur notre huile fra\u00eeche : ses reflets dor\u00e9s, son parfum, son go\u00fbt<\/figcaption><\/figure>\n\n<div style=\"height:24px\" aria-hidden=\"true\" class=\"wp-block-spacer\"><\/div>\n\n<p>Chez Contedoro, nous avons adopt\u00e9 une m\u00e9thode de travail qui place la <strong>satisfaction de nos clients<\/strong> au centre de nos pr\u00e9occupations. Pour ce faire, nous avons mis en place un processus d&rsquo;am\u00e9lioration continue des produits, dans lequel nous nous engageons jour apr\u00e8s jour, depuis des ann\u00e9es. <\/p>\n\n<p>Les <strong>prix <\/strong>que <strong>nos huiles vierges extra re\u00e7oivent<\/strong> chaque ann\u00e9e, depuis plus de dix ans, <strong>lors des concours nationaux et internationaux les plus renomm\u00e9s<\/strong>, tels que <strong>Slow Food<\/strong>, <strong>L&rsquo;Oro d&rsquo;Italia<\/strong>, <strong>AIPO D&rsquo;argento<\/strong>, <strong>Concorso Armonia<\/strong> et bien d&rsquo;autres, t\u00e9moignent de notre engagement et de notre volont\u00e9 d&rsquo;am\u00e9lioration continue.<\/p>\n\n<div style=\"height:24px\" aria-hidden=\"true\" class=\"wp-block-spacer\"><\/div>\n\n<h2 class=\"has-text-align-center wp-block-heading\">LES PRIX DE L&rsquo;HUILE VIERGE EXTRA CONTEDORO<\/h2>\n\n<p class=\"has-text-align-center has-medium-font-size\">Cliquez sur les logos pour voir les certificats originaux.<\/p>\n","protected":false},"excerpt":{"rendered":"<p>Chez Contedoro, nous avons adopt\u00e9 une m\u00e9thode de travail qui place la satisfaction de nos clients au centre de nos pr\u00e9occupations. Pour ce faire, nous avons mis en place un processus d&rsquo;am\u00e9lioration continue des produits, dans lequel nous nous engageons jour apr\u00e8s jour, depuis des ann\u00e9es. Les prix que nos huiles vierges extra re\u00e7oivent chaque [&hellip;]<\/p>\n","protected":false},"author":72,"featured_media":0,"parent":0,"menu_order":4,"comment_status":"closed","ping_status":"closed","template":"page-premi-olio-extravergine-contedoro.php","meta":{"_acf_changed":false,"_monsterinsights_skip_tracking":false,"_monsterinsights_sitenote_active":false,"_monsterinsights_sitenote_note":"","_monsterinsights_sitenote_category":0,"_joinchat":[],"footnotes":""},"class_list":["post-8935","page","type-page","status-publish","hentry"],"acf":[],"_links":{"self":[{"href":"https:\/\/contedoro.com\/fr\/wp-json\/wp\/v2\/pages\/8935","targetHints":{"allow":["GET"]}}],"collection":[{"href":"https:\/\/contedoro.com\/fr\/wp-json\/wp\/v2\/pages"}],"about":[{"href":"https:\/\/contedoro.com\/fr\/wp-json\/wp\/v2\/types\/page"}],"author":[{"embeddable":true,"href":"https:\/\/contedoro.com\/fr\/wp-json\/wp\/v2\/users\/72"}],"replies":[{"embeddable":true,"href":"https:\/\/contedoro.com\/fr\/wp-json\/wp\/v2\/comments?post=8935"}],"version-history":[{"count":1,"href":"https:\/\/contedoro.com\/fr\/wp-json\/wp\/v2\/pages\/8935\/revisions"}],"predecessor-version":[{"id":8936,"href":"https:\/\/contedoro.com\/fr\/wp-json\/wp\/v2\/pages\/8935\/revisions\/8936"}],"wp:attachment":[{"href":"https:\/\/contedoro.com\/fr\/wp-json\/wp\/v2\/media?parent=8935"}],"curies":[{"name":"wp","href":"https:\/\/api.w.org\/{rel}","templated":true}]}}