{"id":8942,"date":"2022-12-22T12:35:17","date_gmt":"2022-12-22T11:35:17","guid":{"rendered":"https:\/\/contedoro.com\/huile-dolive-extra-vierge-biologique\/"},"modified":"2025-08-23T09:36:13","modified_gmt":"2025-08-23T07:36:13","slug":"huile-dolive-extra-vierge-biologique","status":"publish","type":"page","link":"https:\/\/contedoro.com\/fr\/huile-dolive-extra-vierge-biologique\/","title":{"rendered":"Huile d&rsquo;olive extra vierge biologique"},"content":{"rendered":"<div class=\"wp-block-image\">\n<figure class=\"aligncenter size-full is-resized\"><img loading=\"lazy\" decoding=\"async\" width=\"600\" height=\"400\" src=\"https:\/\/contedoro.com\/wp-content\/uploads\/2022\/12\/Olio-biologico-contedoro.jpg\" alt=\"Olives pour la production d'huile biologique\" class=\"wp-image-3905\" style=\"width:660px;height:440px\" srcset=\"https:\/\/contedoro.com\/wp-content\/uploads\/2022\/12\/Olio-biologico-contedoro.jpg 600w, https:\/\/contedoro.com\/wp-content\/uploads\/2022\/12\/Olio-biologico-contedoro-300x200.jpg 300w\" sizes=\"auto, (max-width: 600px) 100vw, 600px\" \/><figcaption class=\"wp-element-caption\">Olives biologiques pour notre production d&rsquo;huile biologique<\/figcaption><\/figure>\n<\/div>\n\n\n<div style=\"height:40px\" aria-hidden=\"true\" class=\"wp-block-spacer\"><\/div>\n\n\n\n<p><strong>INDEX<\/strong><\/p>\n\n\n\n<ul class=\"wp-block-list\">\n<li><a href=\"#Il-prezzo\" data-type=\"internal\" data-id=\"#Il-prezzo\">Le prix<\/a><\/li>\n\n\n\n<li><a href=\"#I-controlli\">Contr\u00f4les<\/a><\/li>\n\n\n\n<li><a href=\"#Alcuni-studi-che-hanno-dimostrato-i-benefici-dell%E2%80%99Olio-Extravergine-di-Oliva-(anche-Biologico)\" data-type=\"internal\" data-id=\"#Alcuni-studi-che-hanno-dimostrato-i-benefici-dell\u2019Olio-Extravergine-di-Oliva-(anche-Biologico)\">Quelques \u00e9tudes qui ont d\u00e9montr\u00e9 les bienfaits de l&rsquo;huile d&rsquo;olive extra vierge (\u00e9galement biologique)<\/a><\/li>\n\n\n\n<li><a href=\"#Riferimenti\">R\u00e9f\u00e9rences<\/a><\/li>\n<\/ul>\n\n\n\n<div style=\"height:40px\" aria-hidden=\"true\" class=\"wp-block-spacer\"><\/div>\n\n\n\n<p>L&rsquo;<strong>huile biologique<\/strong> est un type d&rsquo;huile obtenu par pression \u00e0 froid d&rsquo;olives biologiques, c&rsquo;est-\u00e0-dire cultiv\u00e9es sans l&rsquo;utilisation de produits chimiques tels que les pesticides ou les engrais. En outre, pour \u00eatre consid\u00e9r\u00e9e comme biologique, l&rsquo;huile d&rsquo;olive extra vierge doit r\u00e9pondre \u00e0 certaines normes de production et de traitement, notamment <strong>ne pas utiliser d&rsquo;OGM<\/strong> (organismes g\u00e9n\u00e9tiquement modifi\u00e9s) ni \u00eatre trait\u00e9e avec des produits chimiques au cours du processus de production. <\/p>\n\n\n\n<p>L&rsquo;huile d&rsquo;olive extra vierge biologique diff\u00e8re de<a href=\"https:\/\/contedoro.com\/fr\/huile-evo-et-huile-dolive-choisissez-comme-ceci\/\"><strong>l&rsquo;huile EVO ordinaire<\/strong><\/a><strong> <\/strong>tant par sa m\u00e9thode de production que par ses propri\u00e9t\u00e9s nutritionnelles et organoleptiques.  <\/p>\n\n\n\n<p>L&rsquo;<strong>huile d&rsquo;olive extra vierge biologique<\/strong> a en effet une teneur en polyph\u00e9nols (antioxydants naturels pr\u00e9sents dans l&rsquo;huile d&rsquo;olive) l\u00e9g\u00e8rement sup\u00e9rieure \u00e0 celle de l&rsquo;huile EVO conventionnelle ou de l&rsquo;huile d&rsquo;<strong>olive extra vierge biologique<\/strong>. <a href=\"https:\/\/contedoro.com\/fr\/ravece\/\" data-type=\"URL\" data-id=\"https:\/\/contedoro.com\/ravece\/\" target=\"_blank\" rel=\"noreferrer noopener\"><strong>Ravece<\/strong><\/a>car les olives biologiques ont une concentration plus \u00e9lev\u00e9e de ces substances en raison de leur capacit\u00e9 \u00e0 se d\u00e9fendre contre les maladies sans l&rsquo;utilisation de produits chimiques.  <\/p>\n\n\n\n<p>En outre, l&rsquo;huile d&rsquo;olive extra vierge biologique a une saveur plus intense et plus caract\u00e9ristique, car <strong>elle n&rsquo;est pas alt\u00e9r\u00e9e par l&rsquo;utilisation de produits chimiques lors de la culture et de la r\u00e9colte des olives<\/strong>.<\/p>\n\n\n<div class=\"wp-block-image\">\n<figure class=\"alignright size-large is-resized\"><img loading=\"lazy\" decoding=\"async\" width=\"1024\" height=\"1024\" src=\"https:\/\/contedoro.com\/wp-content\/uploads\/2022\/12\/bottiglia-olio-biologico-Contedoro-1024x1024.jpg\" alt=\"bouteille d'huile biologique EVO sur une planche \u00e0 d\u00e9couper en bois avec des artichauts et des p\u00e2tes\" class=\"wp-image-3906\" style=\"width:322px;height:322px\" srcset=\"https:\/\/contedoro.com\/wp-content\/uploads\/2022\/12\/bottiglia-olio-biologico-Contedoro-1024x1024.jpg 1024w, https:\/\/contedoro.com\/wp-content\/uploads\/2022\/12\/bottiglia-olio-biologico-Contedoro-300x300.jpg 300w, https:\/\/contedoro.com\/wp-content\/uploads\/2022\/12\/bottiglia-olio-biologico-Contedoro-150x150.jpg 150w, https:\/\/contedoro.com\/wp-content\/uploads\/2022\/12\/bottiglia-olio-biologico-Contedoro-768x768.jpg 768w, https:\/\/contedoro.com\/wp-content\/uploads\/2022\/12\/bottiglia-olio-biologico-Contedoro-600x600.jpg 600w, https:\/\/contedoro.com\/wp-content\/uploads\/2022\/12\/bottiglia-olio-biologico-Contedoro-500x500.jpg 500w, https:\/\/contedoro.com\/wp-content\/uploads\/2022\/12\/bottiglia-olio-biologico-Contedoro-100x100.jpg 100w, https:\/\/contedoro.com\/wp-content\/uploads\/2022\/12\/bottiglia-olio-biologico-Contedoro.jpg 1080w\" sizes=\"auto, (max-width: 1024px) 100vw, 1024px\" \/><figcaption class=\"wp-element-caption\">Notre huile biologique EVO<\/figcaption><\/figure>\n<\/div>\n\n\n<p>L&rsquo;huile d&rsquo;olive extra vierge biologique pr\u00e9sente \u00e9galement des avantages pour l&rsquo;environnement. En effet, la culture biologique contribue \u00e0 pr\u00e9server la biodiversit\u00e9 et \u00e0 r\u00e9duire l&rsquo;impact sur l&rsquo;environnement, car elle n&rsquo;utilise pas de produits chimiques susceptibles de contaminer le sol et l&rsquo;eau. En outre, l&rsquo;<strong>huile d&rsquo;olive extra vierge biologique<\/strong> est une alternative valable pour ceux qui souhaitent consommer des produits sains et de qualit\u00e9, mais aussi pour ceux qui veulent contribuer \u00e0 soutenir un mod\u00e8le de production durable et respectueux de l&rsquo;environnement.  <\/p>\n\n\n\n<h3 class=\"wp-block-heading\" id=\"Il-prezzo\">LE PRIX<\/h3>\n\n\n\n<p>Toutefois, il est important de rappeler que l&rsquo;<strong>huile d&rsquo;olive extra vierge biologique peut \u00eatre l\u00e9g\u00e8rement plus ch\u00e8re <\/strong>que l&rsquo;huile d&rsquo;olive <strong>extra vierge <\/strong>ordinaire, car la production biologique n\u00e9cessite un investissement plus important en termes de temps et de ressources.  <\/p>\n\n\n\n<p>En outre, il est possible que certaines vari\u00e9t\u00e9s d&rsquo;huile d&rsquo;olive extra vierge biologique aient un rendement inf\u00e9rieur en termes de quantit\u00e9 d&rsquo;huile obtenue par rapport \u00e0 l&rsquo;huile EVO normale, car les olives sont <strong>press\u00e9es \u00e0 froid<\/strong> et l&rsquo;huile obtenue est r\u00e9colt\u00e9e avec plus de soin et de mani\u00e8re plus s\u00e9lective afin d&rsquo;en garantir la qualit\u00e9.<\/p>\n\n\n\n<h3 class=\"wp-block-heading\" id=\"I-controlli\">CONTR\u00d4LES<\/h3>\n\n\n\n<p>Il est important de souligner que l&rsquo;huile d&rsquo;olive extra vierge biologique est <strong>soumise \u00e0 des contr\u00f4les stricts <\/strong>afin de garantir sa qualit\u00e9 et son authenticit\u00e9. En effet, pour \u00eatre commercialis\u00e9e en tant qu&rsquo;huile d&rsquo;olive extra vierge biologique, l&rsquo;huile doit \u00eatre certifi\u00e9e par des autorit\u00e9s sp\u00e9ciales, qui v\u00e9rifient sa conformit\u00e9 aux exigences de la r\u00e9glementation relative \u00e0 la production biologique. <\/p>\n\n\n\n<p>Nous pouvons dire que l&rsquo;huile d&rsquo;olive extra vierge biologique est un excellent choix pour ceux qui veulent consommer un produit de qualit\u00e9, <strong>riche en propri\u00e9t\u00e9s nutritionnelles et en bienfaits pour la sant\u00e9<\/strong>, mais aussi pour ceux qui veulent contribuer \u00e0 soutenir un mod\u00e8le de production durable et respectueux de l&rsquo;environnement. Bien qu&rsquo;elle soit l\u00e9g\u00e8rement plus ch\u00e8re que l&rsquo;huile EVO ordinaire, l&rsquo;huile d&rsquo;olive extra vierge biologique est un <strong>investissement \u00e0 long terme pour votre sant\u00e9 et l&rsquo;environnement<\/strong>. <\/p>\n\n\n\n<h2 class=\"wp-block-heading\" id=\"#Alcuni-studi-che-hanno-dimostrato-i-benefici-dell\u2019Olio-Extravergine-di-Oliva-(anche-Biologico)\">L&rsquo;huile d&rsquo;olive extra vierge (\u00e9galement biologique) est bonne pour la sant\u00e9, voici quelques \u00e9tudes qui le prouvent<\/h2>\n\n\n\n<p>Plusieurs \u00e9tudes scientifiques ont prouv\u00e9 les effets b\u00e9n\u00e9fiques de l&rsquo;huile d&rsquo;olive extra vierge sur la sant\u00e9 (d&rsquo;autant plus si elle est biologique).<\/p>\n\n\n<div class=\"wp-block-image is-style-default\">\n<figure class=\"alignleft size-full is-resized\"><img loading=\"lazy\" decoding=\"async\" width=\"1920\" height=\"1080\" src=\"https:\/\/contedoro.com\/wp-content\/uploads\/2022\/12\/Olive-da-agricoltura-biologica-sostenibile.jpg\" alt=\"des olives issues de l'agriculture biologique pour cr\u00e9er notre huile d'olive extra vierge biologique Contedoro\" class=\"wp-image-3907\" style=\"width:480px;height:270px\" srcset=\"https:\/\/contedoro.com\/wp-content\/uploads\/2022\/12\/Olive-da-agricoltura-biologica-sostenibile.jpg 1920w, https:\/\/contedoro.com\/wp-content\/uploads\/2022\/12\/Olive-da-agricoltura-biologica-sostenibile-300x169.jpg 300w, https:\/\/contedoro.com\/wp-content\/uploads\/2022\/12\/Olive-da-agricoltura-biologica-sostenibile-1024x576.jpg 1024w, https:\/\/contedoro.com\/wp-content\/uploads\/2022\/12\/Olive-da-agricoltura-biologica-sostenibile-768x432.jpg 768w, https:\/\/contedoro.com\/wp-content\/uploads\/2022\/12\/Olive-da-agricoltura-biologica-sostenibile-1536x864.jpg 1536w, https:\/\/contedoro.com\/wp-content\/uploads\/2022\/12\/Olive-da-agricoltura-biologica-sostenibile-600x338.jpg 600w\" sizes=\"auto, (max-width: 1920px) 100vw, 1920px\" \/><figcaption class=\"wp-element-caption\">Notre huile d&rsquo;olive extra vierge biologique est toujours soumise aux contr\u00f4les les plus stricts.<\/figcaption><\/figure>\n<\/div>\n\n\n<p>Par exemple, une \u00e9tude publi\u00e9e dans le <em>Journal of the American College of Nutrition<\/em> en 2015 a montr\u00e9 que l&rsquo;huile d&rsquo;olive extra vierge biologique a <strong>un effet protecteur sur la sant\u00e9 cardiaque<\/strong>, car elle contribue \u00e0 r\u00e9duire le mauvais cholest\u00e9rol (LDL) et \u00e0 augmenter le bon cholest\u00e9rol (HDL). En outre, il a \u00e9t\u00e9 d\u00e9montr\u00e9 que l&rsquo;huile d&rsquo;olive extra vierge biologique est capable de <strong>r\u00e9duire l&rsquo;inflammation<\/strong>, un facteur de risque pour plusieurs maladies chroniques telles que le <strong>diab\u00e8te<\/strong>, l&rsquo;<strong>ob\u00e9sit\u00e9<\/strong> et les <strong>maladies cardiovasculaires<\/strong>. <\/p>\n\n\n\n<p>Une autre \u00e9tude, publi\u00e9e dans la revue <em>Nutrition Reviews<\/em> en 2017, a montr\u00e9 que l&rsquo;huile d&rsquo;olive extra vierge biologique peut avoir des effets b\u00e9n\u00e9fiques sur la sant\u00e9 mentale, car elle contient des compos\u00e9s tels que les hydroxytyrosols, dont les propri\u00e9t\u00e9s antioxydantes et anti-inflammatoires ont \u00e9t\u00e9 d\u00e9montr\u00e9es.  <\/p>\n\n\n\n<p>En outre, l&rsquo;huile d&rsquo;olive extra vierge biologique a \u00e9t\u00e9 associ\u00e9e \u00e0 une<strong> r\u00e9duction du risque de d\u00e9mence et d&rsquo;autres maladies du cerveau<\/strong>, telles que la maladie d&rsquo;Alzheimer.<\/p>\n\n\n\n<p>Enfin, une \u00e9tude publi\u00e9e dans la revue <em>Nutrients<\/em> en 2018 a montr\u00e9 que l&rsquo;huile d&rsquo;olive extra vierge biologique peut \u00eatre utile dans la pr\u00e9vention du cancer, car elle contient des compos\u00e9s tels que les polyph\u00e9nols, dont les propri\u00e9t\u00e9s antioxydantes et antiprolif\u00e9ratives ont \u00e9t\u00e9 d\u00e9montr\u00e9es.  <\/p>\n\n\n\n<p>En outre, l&rsquo;<a href=\"https:\/\/contedoro.com\/fr\/huile-evo-et-huile-dolive-choisissez-comme-ceci\/\" target=\"_blank\" data-type=\"URL\" data-id=\"https:\/\/contedoro.com\/olio-evo\/\" rel=\"noreferrer noopener\">huile biologiqueEVO<\/a> a \u00e9t\u00e9 associ\u00e9e \u00e0 une <strong>r\u00e9duction du risque de cancer de l&rsquo;intestin, de l&rsquo;estomac et du sein<\/strong>.<\/p>\n\n\n\n<p>Ce ne sont l\u00e0 que quelques exemples d&rsquo;\u00e9tudes qui ont d\u00e9montr\u00e9 les effets b\u00e9n\u00e9fiques de l&rsquo;huile d&rsquo;olive extra vierge biologique sur la sant\u00e9. Toutefois, il est important de souligner que l&rsquo;huile d&rsquo;olive extra vierge biologique doit \u00eatre consomm\u00e9e dans le cadre d&rsquo;un r\u00e9gime alimentaire \u00e9quilibr\u00e9 et vari\u00e9, avec d&rsquo;autres aliments sains tels que les fruits, les l\u00e9gumes, les c\u00e9r\u00e9ales compl\u00e8tes et les prot\u00e9ines. <\/p>\n\n\n\n<h3 class=\"wp-block-heading\" id=\"Riferimenti\">R\u00c9F\u00c9RENCES<\/h3>\n\n\n\n<p>Voici les liens vers les \u00e9tudes que nous avons mentionn\u00e9es :<\/p>\n\n\n\n<ol class=\"wp-block-list\">\n<li><em>Extra-virgin olive oil and cardiovascular disease : the importance of understanding and communicating the mechanisms of action\u00a0\u00bb publi\u00e9 dans le Journal of the American College of Nutrition <a href=\"https:\/\/www.ncbi.nlm.nih.gov\/pmc\/articles\/PMC4633292\/\" target=\"_blank\" rel=\"noopener\">: https:\/\/www.ncbi.nlm.nih.gov\/pmc\/articles\/PMC4633292\/<\/a><\/em><\/li>\n\n\n\n<li><em>\u00ab\u00a0Extra-virgin olive oil and mental health\u00a0\u00bb publi\u00e9 dans Nutrition Reviews <a href=\"https:\/\/www.ncbi.nlm.nih.gov\/pmc\/articles\/PMC5745550\/\" target=\"_blank\" rel=\"noopener\">: https:\/\/www.ncbi.nlm.nih.gov\/pmc\/articles\/PMC5745550\/<\/a><\/em><\/li>\n\n\n\n<li><em>\u00ab\u00a0Extra-virgin olive oil and cancer prevention : a review\u00a0\u00bb publi\u00e9 dans le journal Nutrients <a href=\"https:\/\/www.ncbi.nlm.nih.gov\/pmc\/articles\/PMC6202960\/\" target=\"_blank\" rel=\"noopener\">: https:\/\/www.ncbi.nlm.nih.gov\/pmc\/articles\/PMC6202960\/<\/a><\/em><\/li>\n<\/ol>\n\n\n\n<div style=\"height:47px\" aria-hidden=\"true\" class=\"wp-block-spacer\"><\/div>\n\n\n\n<p>Il ne vous reste plus qu&rsquo;\u00e0 <strong>d\u00e9couvrir notre huile d&rsquo;olive vierge extra biologique et AOP<\/strong>!<\/p>\n\n\n\n<div class=\"wp-block-buttons is-layout-flex wp-block-buttons-is-layout-flex\">\n<div class=\"wp-block-button aligncenter is-style-fill\"><a class=\"wp-block-button__link has-luminous-vivid-amber-to-luminous-vivid-orange-gradient-background has-background wp-element-button\" href=\"https:\/\/contedoro.com\/fr\/boutique\/huile-dolive-vierge-extra\/huile-dolive-extra-vierge-biologique\/\" target=\"_blank\" rel=\"noreferrer noopener\">Aller \u00e0 l&rsquo;huile <strong>biologique<\/strong><\/a><\/div>\n<\/div>\n\n\n\n<p class=\"has-text-align-center\"><\/p>\n\n\n\n<div style=\"height:35px\" aria-hidden=\"true\" class=\"wp-block-spacer\"><\/div>\n","protected":false},"excerpt":{"rendered":"<p>INDEX L&rsquo;huile biologique est un type d&rsquo;huile obtenu par pression \u00e0 froid d&rsquo;olives biologiques, c&rsquo;est-\u00e0-dire cultiv\u00e9es sans l&rsquo;utilisation de produits chimiques tels que les pesticides ou les engrais. En outre, pour \u00eatre consid\u00e9r\u00e9e comme biologique, l&rsquo;huile d&rsquo;olive extra vierge doit r\u00e9pondre \u00e0 certaines normes de production et de traitement, notamment ne pas utiliser d&rsquo;OGM (organismes [&hellip;]<\/p>\n","protected":false},"author":72,"featured_media":0,"parent":0,"menu_order":1,"comment_status":"closed","ping_status":"closed","template":"","meta":{"_acf_changed":false,"_monsterinsights_skip_tracking":false,"_monsterinsights_sitenote_active":false,"_monsterinsights_sitenote_note":"","_monsterinsights_sitenote_category":0,"_joinchat":[],"footnotes":""},"class_list":["post-8942","page","type-page","status-publish","hentry"],"acf":[],"_links":{"self":[{"href":"https:\/\/contedoro.com\/fr\/wp-json\/wp\/v2\/pages\/8942","targetHints":{"allow":["GET"]}}],"collection":[{"href":"https:\/\/contedoro.com\/fr\/wp-json\/wp\/v2\/pages"}],"about":[{"href":"https:\/\/contedoro.com\/fr\/wp-json\/wp\/v2\/types\/page"}],"author":[{"embeddable":true,"href":"https:\/\/contedoro.com\/fr\/wp-json\/wp\/v2\/users\/72"}],"replies":[{"embeddable":true,"href":"https:\/\/contedoro.com\/fr\/wp-json\/wp\/v2\/comments?post=8942"}],"version-history":[{"count":3,"href":"https:\/\/contedoro.com\/fr\/wp-json\/wp\/v2\/pages\/8942\/revisions"}],"predecessor-version":[{"id":9165,"href":"https:\/\/contedoro.com\/fr\/wp-json\/wp\/v2\/pages\/8942\/revisions\/9165"}],"wp:attachment":[{"href":"https:\/\/contedoro.com\/fr\/wp-json\/wp\/v2\/media?parent=8942"}],"curies":[{"name":"wp","href":"https:\/\/api.w.org\/{rel}","templated":true}]}}