{"id":8946,"date":"2021-05-29T12:52:09","date_gmt":"2021-05-29T10:52:09","guid":{"rendered":"https:\/\/contedoro.com\/certifications\/"},"modified":"2025-08-23T09:44:53","modified_gmt":"2025-08-23T07:44:53","slug":"certifications","status":"publish","type":"page","link":"https:\/\/contedoro.com\/fr\/certifications\/","title":{"rendered":"Certifications"},"content":{"rendered":"\n<p><\/p>\n\n\n\n<h2 class=\"wp-block-heading\">Huile d&rsquo;olive extra vierge Contedoro = Saine, certifi\u00e9e, biologique<\/h2>\n\n\n\n<div class=\"wp-block-columns is-layout-flex wp-container-core-columns-is-layout-9d6595d7 wp-block-columns-is-layout-flex\">\n<div class=\"wp-block-column is-layout-flow wp-block-column-is-layout-flow\"><div class=\"wp-block-image is-style-default\">\n<figure class=\"aligncenter size-large\"><img loading=\"lazy\" decoding=\"async\" width=\"153\" height=\"153\" src=\"https:\/\/contedoro.com\/wp-content\/uploads\/2020\/10\/dop.png\" alt=\"Contedoro Olio Extravergine DOP\" class=\"wp-image-1745\" srcset=\"https:\/\/contedoro.com\/wp-content\/uploads\/2020\/10\/dop.png 153w, https:\/\/contedoro.com\/wp-content\/uploads\/2020\/10\/dop-150x150.png 150w, https:\/\/contedoro.com\/wp-content\/uploads\/2020\/10\/dop-100x100.png 100w, https:\/\/contedoro.com\/wp-content\/uploads\/2020\/10\/dop-60x60.png 60w, https:\/\/contedoro.com\/wp-content\/uploads\/2020\/10\/dop-90x90.png 90w\" sizes=\"auto, (max-width: 153px) 100vw, 153px\" \/><figcaption class=\"wp-element-caption\">DOP<\/figcaption><\/figure>\n<\/div><\/div>\n\n\n\n<div class=\"wp-block-column is-layout-flow wp-block-column-is-layout-flow\"><div class=\"wp-block-image is-resized is-style-default\">\n<figure class=\"aligncenter size-large\"><img loading=\"lazy\" decoding=\"async\" width=\"200\" height=\"200\" src=\"https:\/\/contedoro.com\/wp-content\/uploads\/2021\/06\/igp.gif\" alt=\"Contedoro Olio Extravergine IGP\" class=\"wp-image-2283\"\/><figcaption class=\"wp-element-caption\">IGP<\/figcaption><\/figure>\n<\/div><\/div>\n\n\n\n<div class=\"wp-block-column is-layout-flow wp-block-column-is-layout-flow\"><div class=\"wp-block-image is-resized is-style-default\">\n<figure class=\"aligncenter size-large\"><img loading=\"lazy\" decoding=\"async\" width=\"300\" height=\"200\" src=\"https:\/\/contedoro.com\/wp-content\/uploads\/2021\/06\/bio.png\" alt=\"\" class=\"wp-image-2284\" srcset=\"https:\/\/contedoro.com\/wp-content\/uploads\/2021\/06\/bio.png 300w, https:\/\/contedoro.com\/wp-content\/uploads\/2021\/06\/bio-90x60.png 90w, https:\/\/contedoro.com\/wp-content\/uploads\/2021\/06\/bio-135x90.png 135w\" sizes=\"auto, (max-width: 300px) 100vw, 300px\" \/><figcaption class=\"wp-element-caption\">BIO<\/figcaption><\/figure>\n<\/div><\/div>\n<\/div>\n\n\n\n<div class=\"wp-block-columns is-layout-flex wp-container-core-columns-is-layout-9d6595d7 wp-block-columns-is-layout-flex\">\n<div class=\"wp-block-column is-layout-flow wp-block-column-is-layout-flow\">\n<p>L&rsquo;<strong>huile d&rsquo;olive vierge extra Contedoro<\/strong> a obtenu certaines des <strong>certifications les plus prestigieuses<\/strong>, telles que les labels <strong>DOP<\/strong>, <strong>BIO<\/strong> et <strong>IGP<\/strong>.<\/p>\n\n\n\n<p>L&rsquo;<strong>huile Contedoro<\/strong> est certifi\u00e9e <strong>DOP depuis 2011<\/strong>, mais sur cette page, nous souhaitons aller plus loin : nous vous expliquons <strong>comment obtenir cette certification importante<\/strong>. <strong>Poursuivez votre lecture !<\/strong><\/p>\n\n\n\n<h3 class=\"wp-block-heading\">Les 4 \u00e9tapes du contr\u00f4le de l&rsquo;huile d&rsquo;olive extra vierge<\/h3>\n\n\n\n<p>Tout est r\u00e9alis\u00e9 sous la stricte supervision d&rsquo;<strong>Agroqualit\u00e0<\/strong>, un <strong>organisme national d&rsquo;inspection<\/strong> pour la <strong>certification de la qualit\u00e9 agroalimentaire<\/strong>, accr\u00e9dit\u00e9 par le <strong>Minist\u00e8re de l&rsquo;\u00c9ducation, de l&rsquo;Universit\u00e9 et de la Recherche (MIUR)<\/strong>, qui garantit l&rsquo;ensemble des <strong>processus de production<\/strong>.<\/p>\n\n\n\n<h3 class=\"wp-block-heading\"><strong>RAPPORT DE LA R\u00c9COLTE ET DU MOULAGE<\/strong><\/h3>\n\n\n\n<p>En tant qu&rsquo;<strong>entreprise certifi\u00e9e<\/strong>, nous sommes tenus de <strong>d\u00e9clarer la date de la r\u00e9colte et du broyage<\/strong> afin qu&rsquo;un <strong>inspecteur<\/strong> puisse observer le processus et garantir le bon fonctionnement du <strong>personnel<\/strong>.<\/p>\n\n\n\n<h3 class=\"wp-block-heading\"><strong>TEST PAR UN GROUPE<\/strong><\/h3>\n\n\n\n<p>Apr\u00e8s le <strong>broyage<\/strong>, la <strong>qualit\u00e9 de l&rsquo;huile<\/strong> est imm\u00e9diatement analys\u00e9e par un <strong>panel<\/strong>, r\u00e9alis\u00e9 dans notre cas \u00e0 l&rsquo;<strong>Universit\u00e9 de Portici (Naples)<\/strong>.<\/p>\n\n\n\n<h3 class=\"wp-block-heading\"><strong>STOCKAGE<\/strong><\/h3>\n\n\n\n<p>Apr\u00e8s une <strong>analyse minutieuse<\/strong>, l&rsquo;<strong>huile d&rsquo;olive vierge extra fra\u00eechement press\u00e9e<\/strong> est soumise \u00e0 la d\u00e9licate phase de <strong>conditionnement et mise en bouteille<\/strong>.<br>Pour optimiser la qualit\u00e9 du produit final, elle est <strong>stock\u00e9e<\/strong> dans des <strong>r\u00e9cipients ou bouteilles num\u00e9rot\u00e9s<\/strong>.<br>L&rsquo;<strong>huile<\/strong> doit \u00eatre conserv\u00e9e dans des <strong>bidons<\/strong> et des <strong>bouteilles pleins<\/strong> ou sous <strong>azote<\/strong> (un \u00e9l\u00e9ment naturel qui pr\u00e9vient l&rsquo;<strong>oxydation<\/strong> et pr\u00e9serve sa <strong>fra\u00eecheur<\/strong>). Enfin, elle est entrepos\u00e9e dans des <strong>pi\u00e8ces sp\u00e9ciales<\/strong>, <strong>sombres<\/strong> et \u00e0 <strong>temp\u00e9rature contr\u00f4l\u00e9e<\/strong>.<\/p>\n\n\n\n<h3 class=\"wp-block-heading\"><strong>VENTE<\/strong><\/h3>\n\n\n\n<p>Ce n&rsquo;est qu&rsquo;apr\u00e8s ce <strong>processus d&rsquo;inspection minutieux et m\u00e9ticuleux<\/strong> que l&rsquo;<strong>huile d&rsquo;olive vierge extra Contedoro<\/strong> quitte l&rsquo;<strong>usine<\/strong> et arrive sur votre <strong>table<\/strong>.<\/p>\n<\/div>\n<\/div>\n\n\n<div class=\"my-5 p-5 d-flex align-items-center shadow\" style=\"background: url(https:\/\/contedoro.com\/wp-content\/themes\/templatze5\/images\/bg-call.jpg); background-size:cover; background-position:right; min-height:400px\">\n  <div class=\"row\">\n    <div class=\"col-md-8 text-center text-md-left\">\n      <h4 style=\"color:white; font-size:4rem; text-shadow: 1px 1px 1px rgb(0 0 0);\">\n        Go\u00fbtez-la, profitez d&rsquo;une huile sup\u00e9rieure      <\/h4>\n      <p style=\" font-size:1.5rem; color: white; text-shadow: 1px 1px 1px rgb(0 0 0);\">\n        Huile d&rsquo;olive extra vierge biologique Contedoro      <\/p>\n      <a href=\"https:\/\/contedoro.com\/fr\/boutique\/huile-dolive-vierge-extra\/huile-de-ravece\/\" class=\"button-3\">\n        OK, JE VEUX L&rsquo;ESSAYER !      <\/a>\n\n    <\/div>\n  <\/div>\n<\/div>\n\n\n\n<p><\/p>\n","protected":false},"excerpt":{"rendered":"<p>Huile d&rsquo;olive extra vierge Contedoro = Saine, certifi\u00e9e, biologique L&rsquo;huile d&rsquo;olive vierge extra Contedoro a obtenu certaines des certifications les plus prestigieuses, telles que les labels DOP, BIO et IGP. L&rsquo;huile Contedoro est certifi\u00e9e DOP depuis 2011, mais sur cette page, nous souhaitons aller plus loin : nous vous expliquons comment obtenir cette certification importante. [&hellip;]<\/p>\n","protected":false},"author":72,"featured_media":0,"parent":0,"menu_order":5,"comment_status":"closed","ping_status":"closed","template":"","meta":{"_acf_changed":false,"_monsterinsights_skip_tracking":false,"_monsterinsights_sitenote_active":false,"_monsterinsights_sitenote_note":"","_monsterinsights_sitenote_category":0,"_joinchat":[],"footnotes":""},"class_list":["post-8946","page","type-page","status-publish","hentry"],"acf":[],"_links":{"self":[{"href":"https:\/\/contedoro.com\/fr\/wp-json\/wp\/v2\/pages\/8946","targetHints":{"allow":["GET"]}}],"collection":[{"href":"https:\/\/contedoro.com\/fr\/wp-json\/wp\/v2\/pages"}],"about":[{"href":"https:\/\/contedoro.com\/fr\/wp-json\/wp\/v2\/types\/page"}],"author":[{"embeddable":true,"href":"https:\/\/contedoro.com\/fr\/wp-json\/wp\/v2\/users\/72"}],"replies":[{"embeddable":true,"href":"https:\/\/contedoro.com\/fr\/wp-json\/wp\/v2\/comments?post=8946"}],"version-history":[{"count":4,"href":"https:\/\/contedoro.com\/fr\/wp-json\/wp\/v2\/pages\/8946\/revisions"}],"predecessor-version":[{"id":9174,"href":"https:\/\/contedoro.com\/fr\/wp-json\/wp\/v2\/pages\/8946\/revisions\/9174"}],"wp:attachment":[{"href":"https:\/\/contedoro.com\/fr\/wp-json\/wp\/v2\/media?parent=8946"}],"curies":[{"name":"wp","href":"https:\/\/api.w.org\/{rel}","templated":true}]}}