{"id":8948,"date":"2021-05-20T13:19:05","date_gmt":"2021-05-20T11:19:05","guid":{"rendered":"https:\/\/contedoro.com\/chaine-dapprovisionnement-de-lhuile-contedoro\/"},"modified":"2025-08-23T09:45:56","modified_gmt":"2025-08-23T07:45:56","slug":"chaine-dapprovisionnement-de-lhuile-contedoro","status":"publish","type":"page","link":"https:\/\/contedoro.com\/fr\/chaine-dapprovisionnement-de-lhuile-contedoro\/","title":{"rendered":"Cha\u00eene d&rsquo;approvisionnement de l&rsquo;huile Contedoro"},"content":{"rendered":"\n<div class=\"wp-block-cover is-light\"><img loading=\"lazy\" decoding=\"async\" width=\"1024\" height=\"683\" class=\"wp-block-cover__image-background wp-image-2095\" alt=\"\" src=\"https:\/\/contedoro.com\/wp-content\/uploads\/2021\/05\/IMG_6145-mod1-1024x683.jpg\" data-object-fit=\"cover\" srcset=\"https:\/\/contedoro.com\/wp-content\/uploads\/2021\/05\/IMG_6145-mod1-1024x683.jpg 1024w, https:\/\/contedoro.com\/wp-content\/uploads\/2021\/05\/IMG_6145-mod1-300x200.jpg 300w, https:\/\/contedoro.com\/wp-content\/uploads\/2021\/05\/IMG_6145-mod1-768x512.jpg 768w, https:\/\/contedoro.com\/wp-content\/uploads\/2021\/05\/IMG_6145-mod1-1536x1024.jpg 1536w, https:\/\/contedoro.com\/wp-content\/uploads\/2021\/05\/IMG_6145-mod1-600x400.jpg 600w, https:\/\/contedoro.com\/wp-content\/uploads\/2021\/05\/IMG_6145-mod1-90x60.jpg 90w, https:\/\/contedoro.com\/wp-content\/uploads\/2021\/05\/IMG_6145-mod1-135x90.jpg 135w, https:\/\/contedoro.com\/wp-content\/uploads\/2021\/05\/IMG_6145-mod1.jpg 1920w\" sizes=\"auto, (max-width: 1024px) 100vw, 1024px\" \/><span aria-hidden=\"true\" class=\"wp-block-cover__background has-background-dim\"><\/span><div class=\"wp-block-cover__inner-container is-layout-flow wp-block-cover-is-layout-flow\">\n<p class=\"has-text-align-center has-white-color has-text-color has-link-color wp-elements-dde54f95419773c05cc88a1c7877b2ec\" style=\"font-size:54px\">Comment l&rsquo;<strong>huile d&rsquo;olive vierge extra<\/strong> <strong>Contedoro<\/strong> arrive-t-elle sur votre table ?<\/p>\n<\/div><\/div>\n\n\n\n<div style=\"height:50px\" aria-hidden=\"true\" class=\"wp-block-spacer\"><\/div>\n\n\n\n<h2 class=\"wp-block-heading has-text-align-center\" style=\"font-size:38px\">Comment pr\u00e9parer l&rsquo;huile d&rsquo;olive extra vierge<\/h2>\n\n\n\n<h3 class=\"wp-block-heading has-text-align-center\" style=\"font-size:29px\">Notre processus de production<\/h3>\n\n\n\n<div style=\"height:50px\" aria-hidden=\"true\" class=\"wp-block-spacer\"><\/div>\n\n\n\n<p class=\"has-text-align-left\">L&rsquo;huile d&rsquo;olive extra vierge est connue pour \u00eatre l&rsquo;un des produits les plus contrefaits. M\u00eame les ann\u00e9es o\u00f9 les rendements sont extr\u00eamement faibles en raison de maladies des oliviers ou d&rsquo;\u00e9v\u00e9nements climatiques d\u00e9favorables qui ont compromis la production, nous voyons des entreprises vendre des <strong>tonnes d&rsquo;huile d&rsquo;olive extra vierge \u00ab\u00a0Made in Italy\u00a0\u00bb.<\/strong> Il est \u00e9vident que des entreprises, dont certaines sont tr\u00e8s connues, ach\u00e8tent de l&rsquo;huile d&rsquo;olive d&rsquo;origine douteuse dans des pays \u00e9trangers comme la <strong>Tunisie<\/strong>, la mettent en bouteille et la revendent en tant que production italienne, au m\u00e9pris des lois europ\u00e9ennes cens\u00e9es prot\u00e9ger l&rsquo;authenticit\u00e9 de ce produit d\u00e9licat tant aim\u00e9 des Italiens.  <\/p>\n\n\n\n<p class=\"has-text-align-left\">Nous connaissons parfaitement ce <strong>probl\u00e8me ancestral<\/strong>, c&rsquo;est pourquoi nous vous montrons sur cette page <strong>comment l&rsquo;huile d&rsquo;olive extra vierge Contedoro passe du champ \u00e0 votre table,<\/strong> \u00e9tape par \u00e9tape.  <\/p>\n\n\n\n<p class=\"has-text-align-left\">Chez Contedoro, nous nous sentons responsables de la vente d&rsquo;un produit que de nombreux clients donnent \u00e0 leurs enfants, tout comme nous le faisons pour les n\u00f4tres. C&rsquo;est pourquoi nous tenons \u00e0 ce que vous ayez le plus d&rsquo;informations possible sur l&rsquo;origine et la transformation de nos olives en huile d&rsquo;<strong>olive extra vierge de qualit\u00e9 sup\u00e9rieure<\/strong>, telle que l&rsquo;huile EVO de Contedoro. <\/p>\n\n\n\n<figure class=\"wp-block-pullquote is-style-default\"><blockquote><p><em>\u00ab\u00a0Je ne suis pas int\u00e9ress\u00e9 par la production d&rsquo;un rendement et d&rsquo;une quantit\u00e9 d&rsquo;huile \u00e9lev\u00e9s. Mon seul objectif est de garantir \u00e0 mes clients la <strong>meilleure qualit\u00e9<\/strong> <strong>possible<\/strong> d&rsquo;huile vierge extra. <\/em><\/p><cite>Alfio Lo Conte, propri\u00e9taire du Contedoro<\/cite><\/blockquote><\/figure>\n\n\n\n<div class=\"wp-block-columns is-layout-flex wp-container-core-columns-is-layout-9d6595d7 wp-block-columns-is-layout-flex\">\n<div class=\"wp-block-column is-layout-flow wp-block-column-is-layout-flow\">\n<h2 class=\"wp-block-heading\">1. Activit\u00e9s sur le terrain<\/h2>\n\n\n\n<p>Nos oliveraies sont situ\u00e9es dans les <strong>collines de la verte Irpinia<\/strong>, \u00e0 une altitude comprise entre 500 et 800 m\u00e8tres. Cette plante y a trouv\u00e9 l&rsquo;endroit id\u00e9al pour prosp\u00e9rer gr\u00e2ce \u00e0 l&rsquo;<strong>air pur<\/strong> et \u00e0 l&rsquo;humidit\u00e9 ad\u00e9quate fournie par les ruisseaux et les bois environnants, qui rendent ces arbres luxuriants et sains.   <\/p>\n\n\n\n<p>Ici, pas d&rsquo;\u00e9tendues d&rsquo;oliviers \u00e0 perte de vue. <strong>Pas de production latifundiaire<\/strong> et, contrairement aux oliveraies situ\u00e9es au niveau de la mer, elles ne respirent pas la salinit\u00e9 (qui affecte alors la saveur de l&rsquo;huile) mais le bon air de la campagne.<\/p>\n\n\n\n<p>Nous consid\u00e9rons nos oliviers comme faisant <strong>partie de notre famille<\/strong> et nous en prenons soin en permanence en les <strong>nettoyant<\/strong>, en les <strong>taillant <\/strong>et en <strong>les fertilisant naturellement<\/strong>.  <\/p>\n\n\n\n<p>Cette activit\u00e9 pr\u00e9liminaire \u00e0 la r\u00e9colte des olives requiert professionnalisme et attention afin d&rsquo;<strong>\u00e9viter que les arbres ne tombent malades<\/strong> ou ne produisent des fruits de mauvaise qualit\u00e9.<\/p>\n<\/div>\n\n\n\n<div class=\"wp-block-column is-layout-flow wp-block-column-is-layout-flow\"><div class=\"wp-block-image is-style-default\">\n<figure class=\"aligncenter size-large is-resized\"><img loading=\"lazy\" decoding=\"async\" width=\"1024\" height=\"576\" src=\"https:\/\/contedoro.com\/wp-content\/uploads\/2021\/05\/contedoro-foto-20-1024x576.jpeg\" alt=\"\" class=\"wp-image-2177\" style=\"width:512px;height:288px\" srcset=\"https:\/\/contedoro.com\/wp-content\/uploads\/2021\/05\/contedoro-foto-20-1024x576.jpeg 1024w, https:\/\/contedoro.com\/wp-content\/uploads\/2021\/05\/contedoro-foto-20-300x169.jpeg 300w, https:\/\/contedoro.com\/wp-content\/uploads\/2021\/05\/contedoro-foto-20-768x432.jpeg 768w, https:\/\/contedoro.com\/wp-content\/uploads\/2021\/05\/contedoro-foto-20-1536x864.jpeg 1536w, https:\/\/contedoro.com\/wp-content\/uploads\/2021\/05\/contedoro-foto-20-600x338.jpeg 600w, https:\/\/contedoro.com\/wp-content\/uploads\/2021\/05\/contedoro-foto-20.jpeg 1920w\" sizes=\"auto, (max-width: 1024px) 100vw, 1024px\" \/><\/figure>\n<\/div><\/div>\n<\/div>\n\n\n\n<div style=\"height:49px\" aria-hidden=\"true\" class=\"wp-block-spacer\"><\/div>\n\n\n\n<div class=\"wp-block-columns is-layout-flex wp-container-core-columns-is-layout-9d6595d7 wp-block-columns-is-layout-flex\">\n<div class=\"wp-block-column is-layout-flow wp-block-column-is-layout-flow\">\n<figure class=\"wp-block-image size-large is-resized is-style-default\"><img loading=\"lazy\" decoding=\"async\" width=\"1024\" height=\"576\" src=\"https:\/\/contedoro.com\/wp-content\/uploads\/2021\/05\/contedoro-foto-19-1024x576.jpeg\" alt=\"la r\u00e9colte des olives \u00e0 Contedoro\" class=\"wp-image-2176\" style=\"width:512px;height:288px\" srcset=\"https:\/\/contedoro.com\/wp-content\/uploads\/2021\/05\/contedoro-foto-19-1024x576.jpeg 1024w, https:\/\/contedoro.com\/wp-content\/uploads\/2021\/05\/contedoro-foto-19-300x169.jpeg 300w, https:\/\/contedoro.com\/wp-content\/uploads\/2021\/05\/contedoro-foto-19-768x432.jpeg 768w, https:\/\/contedoro.com\/wp-content\/uploads\/2021\/05\/contedoro-foto-19-1536x864.jpeg 1536w, https:\/\/contedoro.com\/wp-content\/uploads\/2021\/05\/contedoro-foto-19-600x338.jpeg 600w, https:\/\/contedoro.com\/wp-content\/uploads\/2021\/05\/contedoro-foto-19.jpeg 1920w\" sizes=\"auto, (max-width: 1024px) 100vw, 1024px\" \/><\/figure>\n<\/div>\n\n\n\n<div class=\"wp-block-column is-layout-flow wp-block-column-is-layout-flow\">\n<h2 class=\"wp-block-heading has-text-align-left\">2. R\u00e9colte des olives<\/h2>\n\n\n\n<p>Au moment de la r\u00e9colte, nous laissons <strong>les<\/strong> olives <strong>s\u00e9cher naturellement<\/strong> avec les premiers rayons du soleil du matin, sans les forcer \u00e0 s\u00e9cher artificiellement dans le moulin, comme le font aujourd&rsquo;hui de nombreux acteurs du secteur.<\/p>\n\n\n\n<p>Les olives destin\u00e9es \u00e0 notre moulin sont r\u00e9colt\u00e9es exclusivement \u00e0 la main ou \u00e0 l&rsquo;aide de secoueurs de bras qui permettent de les faire tomber sur les filets. Cette m\u00e9thode est non seulement celle exig\u00e9e par la l\u00e9gislation europ\u00e9enne, mais aussi celle qui <strong>nous a \u00e9t\u00e9 transmise par nos grands-parents<\/strong>.   <\/p>\n\n\n\n<p>\u00ab\u00a0<em>La seule fa\u00e7on de faire une bonne huile, guaglio&rsquo;, c&rsquo;est de bien conna\u00eetre toutes les \u00e9tapes, en commen\u00e7ant par la r\u00e9colte !<\/em> C&rsquo;est ce que me disait mon grand-p\u00e8re. <\/p>\n\n\n\n<p><\/p>\n<\/div>\n<\/div>\n\n\n\n<div style=\"height:49px\" aria-hidden=\"true\" class=\"wp-block-spacer\"><\/div>\n\n\n\n<div class=\"wp-block-columns is-layout-flex wp-container-core-columns-is-layout-9d6595d7 wp-block-columns-is-layout-flex\">\n<div class=\"wp-block-column is-layout-flow wp-block-column-is-layout-flow\">\n<h2 class=\"wp-block-heading\">3. Arriv\u00e9e au moulin \u00e0 huile<\/h2>\n\n\n\n<p>Une fois arriv\u00e9es au moulin, les olives sont <strong>tri\u00e9es et<\/strong> <strong>lav\u00e9es \u00e0 l&rsquo;eau potable<\/strong>, ce qui les pr\u00e9pare au moment d\u00e9licat du pressage (\u00e9galement appel\u00e9 broyage).<\/p>\n\n\n\n<p>Notre \u00e9quipe d&rsquo;agronomes <strong>ne s\u00e9lectionne que la meilleure partie des olives<\/strong>, en \u00e9cartant celles qui pr\u00e9sentent des d\u00e9fauts \u00e9vidents ou qui pourraient compromettre la qualit\u00e9 globale de l&rsquo;huile vierge extra.<\/p>\n\n\n\n<p>Apr\u00e8s avoir \u00e9t\u00e9 d\u00e9barrass\u00e9es des brindilles, des feuilles et de tout corps \u00e9tranger, les olives sont pr\u00eates pour l&rsquo;\u00e9tape suivante&#8230;<\/p>\n<\/div>\n\n\n\n<div class=\"wp-block-column is-layout-flow wp-block-column-is-layout-flow\"><div class=\"wp-block-image is-style-default\">\n<figure class=\"aligncenter size-large is-resized\"><img loading=\"lazy\" decoding=\"async\" width=\"1024\" height=\"576\" src=\"https:\/\/contedoro.com\/wp-content\/uploads\/2021\/05\/Contedoro-foto-9-1024x576.jpeg\" alt=\"lavage des olives\" class=\"wp-image-2166\" style=\"width:512px;height:288px\" srcset=\"https:\/\/contedoro.com\/wp-content\/uploads\/2021\/05\/Contedoro-foto-9-1024x576.jpeg 1024w, https:\/\/contedoro.com\/wp-content\/uploads\/2021\/05\/Contedoro-foto-9-300x169.jpeg 300w, https:\/\/contedoro.com\/wp-content\/uploads\/2021\/05\/Contedoro-foto-9-768x432.jpeg 768w, https:\/\/contedoro.com\/wp-content\/uploads\/2021\/05\/Contedoro-foto-9-1536x864.jpeg 1536w, https:\/\/contedoro.com\/wp-content\/uploads\/2021\/05\/Contedoro-foto-9-600x338.jpeg 600w, https:\/\/contedoro.com\/wp-content\/uploads\/2021\/05\/Contedoro-foto-9.jpeg 1920w\" sizes=\"auto, (max-width: 1024px) 100vw, 1024px\" \/><\/figure>\n<\/div><\/div>\n<\/div>\n\n\n\n<div style=\"height:49px\" aria-hidden=\"true\" class=\"wp-block-spacer\"><\/div>\n\n\n\n<div class=\"wp-block-columns is-layout-flex wp-container-core-columns-is-layout-9d6595d7 wp-block-columns-is-layout-flex\">\n<div class=\"wp-block-column is-layout-flow wp-block-column-is-layout-flow\"><div class=\"wp-block-image is-style-default\">\n<figure class=\"aligncenter size-large is-resized\"><img loading=\"lazy\" decoding=\"async\" width=\"1024\" height=\"683\" src=\"https:\/\/contedoro.com\/wp-content\/uploads\/2021\/05\/IMG_5959-mod-1024x683.jpg\" alt=\"le pressage des olives\" class=\"wp-image-2094\" style=\"width:512px;height:342px\" srcset=\"https:\/\/contedoro.com\/wp-content\/uploads\/2021\/05\/IMG_5959-mod-1024x683.jpg 1024w, https:\/\/contedoro.com\/wp-content\/uploads\/2021\/05\/IMG_5959-mod-300x200.jpg 300w, https:\/\/contedoro.com\/wp-content\/uploads\/2021\/05\/IMG_5959-mod-768x512.jpg 768w, https:\/\/contedoro.com\/wp-content\/uploads\/2021\/05\/IMG_5959-mod-1536x1024.jpg 1536w, https:\/\/contedoro.com\/wp-content\/uploads\/2021\/05\/IMG_5959-mod-600x400.jpg 600w, https:\/\/contedoro.com\/wp-content\/uploads\/2021\/05\/IMG_5959-mod-90x60.jpg 90w, https:\/\/contedoro.com\/wp-content\/uploads\/2021\/05\/IMG_5959-mod-135x90.jpg 135w, https:\/\/contedoro.com\/wp-content\/uploads\/2021\/05\/IMG_5959-mod.jpg 1920w\" sizes=\"auto, (max-width: 1024px) 100vw, 1024px\" \/><\/figure>\n<\/div><\/div>\n\n\n\n<div class=\"wp-block-column is-layout-flow wp-block-column-is-layout-flow\">\n<h2 class=\"wp-block-heading has-text-align-left\">4. Pressage \u00e0 froid<\/h2>\n\n\n\n<p>Dans notre moulin, nous travaillons exclusivement avec la m\u00e9thode de <strong>pressage \u00e0 froid<\/strong> des <strong>olives<\/strong>. Cette m\u00e9thode sp\u00e9cifique d&rsquo;extraction de l&rsquo;huile est particuli\u00e8rement recommand\u00e9e pour son efficacit\u00e9 \u00e0 <strong>pr\u00e9server les propri\u00e9t\u00e9s organoleptiques <\/strong>du produit.   <\/p>\n\n\n\n<p>La l\u00e9gislation indique 27\u00b0 degr\u00e9s pour l&rsquo;extraction \u00e0 froid comme gradation maximale, mais<strong>chez Contedoro nous ne d\u00e9passons jamais 24\u00b0 <\/strong>degr\u00e9s pr\u00e9cis\u00e9ment pour garantir la plus grande attention aux propri\u00e9t\u00e9s de notre huile vierge extra.<\/p>\n\n\n\n<p>Le pressage \u00e0 froid imm\u00e9diat des olives r\u00e9colt\u00e9es (en 12-24 heures maximum) pr\u00e9serve les <strong>antioxydants<\/strong>, les <strong>ar\u00f4mes<\/strong>, les <strong>senteurs herbac\u00e9es<\/strong> et accentue la <strong>saveur fruit\u00e9e de<\/strong> l&rsquo;huile EVO.<\/p>\n<\/div>\n<\/div>\n\n\n\n<div style=\"height:49px\" aria-hidden=\"true\" class=\"wp-block-spacer\"><\/div>\n\n\n\n<div class=\"wp-block-columns is-layout-flex wp-container-core-columns-is-layout-9d6595d7 wp-block-columns-is-layout-flex\">\n<div class=\"wp-block-column is-layout-flow wp-block-column-is-layout-flow\">\n<h2 class=\"wp-block-heading\">5. Conditionnement dans l&rsquo;usine<\/h2>\n\n\n\n<p>L&rsquo;huile d&rsquo;olive extra vierge, comme beaucoup d&rsquo;autres produits alimentaires, est <strong>tr\u00e8s sensible \u00e0 l&rsquo;oxyg\u00e8ne <\/strong>qui, s&rsquo;il n&rsquo;est pas stock\u00e9 correctement, provoque l&rsquo;<strong>oxydation <\/strong>et la perte des propri\u00e9t\u00e9s organoleptiques, ainsi que l&rsquo;att\u00e9nuation des saveurs et des ar\u00f4mes.<\/p>\n\n\n\n<p>C&rsquo;est pourquoi Contedoro <strong>conditionne l&rsquo;huile EVO imm\u00e9diatement<\/strong> apr\u00e8s le pressage \u00e0 froid dans des bouteilles et des bidons scell\u00e9s \u00e0 l&rsquo;<strong>azote<\/strong>, un \u00e9l\u00e9ment naturellement pr\u00e9sent dans l&rsquo;atmosph\u00e8re qui garantit une parfaite conservation jusqu&rsquo;\u00e0 18 mois.  <\/p>\n\n\n\n<p>Apr\u00e8s conditionnement, les r\u00e9serves de p\u00e9trole de l&rsquo;ann\u00e9e sont <strong>stock\u00e9es dans l&rsquo;obscurit\u00e9, dans des chambres \u00e0 temp\u00e9rature contr\u00f4l\u00e9e<\/strong>. Rien n&rsquo;est laiss\u00e9 au hasard. <\/p>\n\n\n\n<p>Vous pourrez ainsi profiter d&rsquo;une <a href=\"http:\/\/contedoro.com\/olio-nuovo\/\">nouvelle huile<\/a> tout au long de l&rsquo;ann\u00e9e !<\/p>\n<\/div>\n\n\n\n<div class=\"wp-block-column is-layout-flow wp-block-column-is-layout-flow\">\n<figure class=\"wp-block-image size-large is-resized is-style-default\"><img loading=\"lazy\" decoding=\"async\" width=\"1024\" height=\"683\" src=\"https:\/\/contedoro.com\/wp-content\/uploads\/2021\/05\/DSC_0083-1024x683.jpg\" alt=\"bouteilles pour le conditionnement de l'huile nouvelle\" class=\"wp-image-2092\" style=\"width:512px;height:342px\" srcset=\"https:\/\/contedoro.com\/wp-content\/uploads\/2021\/05\/DSC_0083-1024x683.jpg 1024w, https:\/\/contedoro.com\/wp-content\/uploads\/2021\/05\/DSC_0083-300x200.jpg 300w, https:\/\/contedoro.com\/wp-content\/uploads\/2021\/05\/DSC_0083-768x512.jpg 768w, https:\/\/contedoro.com\/wp-content\/uploads\/2021\/05\/DSC_0083-1536x1024.jpg 1536w, https:\/\/contedoro.com\/wp-content\/uploads\/2021\/05\/DSC_0083-600x400.jpg 600w, https:\/\/contedoro.com\/wp-content\/uploads\/2021\/05\/DSC_0083-90x60.jpg 90w, https:\/\/contedoro.com\/wp-content\/uploads\/2021\/05\/DSC_0083-135x90.jpg 135w, https:\/\/contedoro.com\/wp-content\/uploads\/2021\/05\/DSC_0083.jpg 1920w\" sizes=\"auto, (max-width: 1024px) 100vw, 1024px\" \/><\/figure>\n<\/div>\n<\/div>\n\n\n\n<div style=\"height:49px\" aria-hidden=\"true\" class=\"wp-block-spacer\"><\/div>\n\n\n\n<div class=\"wp-block-columns is-layout-flex wp-container-core-columns-is-layout-9d6595d7 wp-block-columns-is-layout-flex\">\n<div class=\"wp-block-column is-layout-flow wp-block-column-is-layout-flow\">\n<figure class=\"wp-block-image size-large is-style-default\"><img loading=\"lazy\" decoding=\"async\" width=\"661\" height=\"478\" src=\"https:\/\/contedoro.com\/wp-content\/uploads\/2021\/06\/andrea2.jpg\" alt=\"\" class=\"wp-image-2523\" srcset=\"https:\/\/contedoro.com\/wp-content\/uploads\/2021\/06\/andrea2.jpg 661w, https:\/\/contedoro.com\/wp-content\/uploads\/2021\/06\/andrea2-300x217.jpg 300w, https:\/\/contedoro.com\/wp-content\/uploads\/2021\/06\/andrea2-600x434.jpg 600w\" sizes=\"auto, (max-width: 661px) 100vw, 661px\" \/><\/figure>\n<\/div>\n\n\n\n<div class=\"wp-block-column is-layout-flow wp-block-column-is-layout-flow\">\n<h2 class=\"wp-block-heading\">6. Exp\u00e9dition<\/h2>\n\n\n\n<p>Imm\u00e9diatement apr\u00e8s votre achat dans notre magasin, notre \u00e9quipe logistique traitera votre commande dans les plus brefs d\u00e9lais.<\/p>\n\n\n\n<p>En rassemblant vos produits, nous emballerons le colis avec soin et attention, de sorte que m\u00eame les mains puissantes des transporteurs express ne puissent pas l&rsquo;endommager. Et dans les 24 \u00e0 48 heures, vous entendrez sonner \u00e0 votre porte. <\/p>\n\n\n\n<p>Votre colis contenant notre huile d&rsquo;olive extra vierge Contedoro est arriv\u00e9, il ne reste plus que la derni\u00e8re \u00e9tape.<\/p>\n\n\n\n<p>Mais c&rsquo;est \u00e0 vous de d\u00e9cider&#8230;<\/p>\n<\/div>\n<\/div>\n\n\n\n<div style=\"height:49px\" aria-hidden=\"true\" class=\"wp-block-spacer\"><\/div>\n\n\n\n<div class=\"wp-block-columns is-layout-flex wp-container-core-columns-is-layout-9d6595d7 wp-block-columns-is-layout-flex\">\n<div class=\"wp-block-column is-layout-flow wp-block-column-is-layout-flow\">\n<h2 class=\"wp-block-heading\">7. D\u00e9gustation d&rsquo;huile<\/h2>\n\n\n\n<p>La voici enfin sur votre table. L&rsquo;huile d&rsquo;olive extra vierge Contedoro, cette fois-ci <strong>100% italienne !<\/strong> <\/p>\n\n\n\n<p>Apr\u00e8s ouverture, vous remarquerez <strong>le parfum intense et frais<\/strong> que cette huile vierge extra est capable de d\u00e9gager. Profitez-en un instant avant de la d\u00e9guster. <\/p>\n\n\n\n<p>Nous vous recommandons de la d\u00e9guster tout simplement <strong>sur une tranche de pain<\/strong>. C&rsquo;est ainsi que vous sentirez tous les ar\u00f4mes de cette <strong>huile EVO fine<\/strong> se d\u00e9ployer sur votre palais avec des <strong>notes<\/strong> d <strong>&lsquo;herbe et des soup\u00e7ons d&rsquo;artichaut<\/strong>. <\/p>\n\n\n\n<p>Un go\u00fbt extraordinaire pour un <strong>produit 100% sain et authentique<\/strong>, strictement contr\u00f4l\u00e9 tout au long de la cha\u00eene de production.<\/p>\n<\/div>\n\n\n\n<div class=\"wp-block-column is-layout-flow wp-block-column-is-layout-flow\">\n<figure class=\"wp-block-image size-large is-resized is-style-default\"><img loading=\"lazy\" decoding=\"async\" width=\"1024\" height=\"576\" src=\"https:\/\/contedoro.com\/wp-content\/uploads\/2021\/05\/contedoro-foto-16-1024x576.jpeg\" alt=\"L'huile Contedoro sur la table des Italiens\" class=\"wp-image-2173\" style=\"width:512px;height:288px\" srcset=\"https:\/\/contedoro.com\/wp-content\/uploads\/2021\/05\/contedoro-foto-16-1024x576.jpeg 1024w, https:\/\/contedoro.com\/wp-content\/uploads\/2021\/05\/contedoro-foto-16-300x169.jpeg 300w, https:\/\/contedoro.com\/wp-content\/uploads\/2021\/05\/contedoro-foto-16-768x432.jpeg 768w, https:\/\/contedoro.com\/wp-content\/uploads\/2021\/05\/contedoro-foto-16-1536x864.jpeg 1536w, https:\/\/contedoro.com\/wp-content\/uploads\/2021\/05\/contedoro-foto-16-600x338.jpeg 600w, https:\/\/contedoro.com\/wp-content\/uploads\/2021\/05\/contedoro-foto-16.jpeg 1920w\" sizes=\"auto, (max-width: 1024px) 100vw, 1024px\" \/><\/figure>\n<\/div>\n<\/div>\n\n\n\n<div style=\"height:49px\" aria-hidden=\"true\" class=\"wp-block-spacer\"><\/div>\n\n\n\n<p>Cette page a \u00e9t\u00e9 sp\u00e9cialement cr\u00e9\u00e9e pour rendre <strong>notre processus de production transparent et compr\u00e9hensible pour tous.<\/strong> Parce que nous savons exactement ce que nous faisons et comment nous le faisons ! <\/p>\n\n\n\n<p>Cliquez sur le bouton ci-dessous et entrez dans notre boutique. Vous pouvez choisir parmi les diff\u00e9rentes vari\u00e9t\u00e9s d&rsquo;huile d&rsquo;olive extra vierge ou nous contacter si vous avez des questions. Nous restons \u00e0 votre disposition. <\/p>\n\n\n<div class=\"my-5 p-5 d-flex align-items-center shadow\" style=\"background: url(https:\/\/contedoro.com\/wp-content\/themes\/templatze5\/images\/bg-call.jpg); background-size:cover; background-position:right; min-height:400px\">\n  <div class=\"row\">\n    <div class=\"col-md-8 text-center text-md-left\">\n      <h4 style=\"color:white; font-size:4rem; text-shadow: 1px 1px 1px rgb(0 0 0);\">\n        Contactez-nous pour un devis      <\/h4>\n      <p style=\" font-size:1.5rem; color: white; text-shadow: 1px 1px 1px rgb(0 0 0);\">\n              <\/p>\n      <a href=\"https:\/\/contedoro.com\/fr\/contact\/\" class=\"button-3\">\n        Contactez-nous      <\/a>\n\n    <\/div>\n  <\/div>\n<\/div>\n","protected":false},"excerpt":{"rendered":"<p>Comment pr\u00e9parer l&rsquo;huile d&rsquo;olive extra vierge Notre processus de production L&rsquo;huile d&rsquo;olive extra vierge est connue pour \u00eatre l&rsquo;un des produits les plus contrefaits. M\u00eame les ann\u00e9es o\u00f9 les rendements sont extr\u00eamement faibles en raison de maladies des oliviers ou d&rsquo;\u00e9v\u00e9nements climatiques d\u00e9favorables qui ont compromis la production, nous voyons des entreprises vendre des tonnes [&hellip;]<\/p>\n","protected":false},"author":72,"featured_media":0,"parent":0,"menu_order":3,"comment_status":"closed","ping_status":"closed","template":"","meta":{"_acf_changed":false,"_monsterinsights_skip_tracking":false,"_monsterinsights_sitenote_active":false,"_monsterinsights_sitenote_note":"","_monsterinsights_sitenote_category":0,"_joinchat":[],"footnotes":""},"class_list":["post-8948","page","type-page","status-publish","hentry"],"acf":[],"_links":{"self":[{"href":"https:\/\/contedoro.com\/fr\/wp-json\/wp\/v2\/pages\/8948","targetHints":{"allow":["GET"]}}],"collection":[{"href":"https:\/\/contedoro.com\/fr\/wp-json\/wp\/v2\/pages"}],"about":[{"href":"https:\/\/contedoro.com\/fr\/wp-json\/wp\/v2\/types\/page"}],"author":[{"embeddable":true,"href":"https:\/\/contedoro.com\/fr\/wp-json\/wp\/v2\/users\/72"}],"replies":[{"embeddable":true,"href":"https:\/\/contedoro.com\/fr\/wp-json\/wp\/v2\/comments?post=8948"}],"version-history":[{"count":2,"href":"https:\/\/contedoro.com\/fr\/wp-json\/wp\/v2\/pages\/8948\/revisions"}],"predecessor-version":[{"id":9175,"href":"https:\/\/contedoro.com\/fr\/wp-json\/wp\/v2\/pages\/8948\/revisions\/9175"}],"wp:attachment":[{"href":"https:\/\/contedoro.com\/fr\/wp-json\/wp\/v2\/media?parent=8948"}],"curies":[{"name":"wp","href":"https:\/\/api.w.org\/{rel}","templated":true}]}}