{"id":8950,"date":"2021-05-13T12:15:12","date_gmt":"2021-05-13T10:15:12","guid":{"rendered":"https:\/\/contedoro.com\/ravece\/"},"modified":"2025-08-23T09:42:33","modified_gmt":"2025-08-23T07:42:33","slug":"ravece","status":"publish","type":"page","link":"https:\/\/contedoro.com\/fr\/ravece\/","title":{"rendered":"Ravece"},"content":{"rendered":"\n<p>L&rsquo;<strong>olivier Ravece<\/strong> appartient aux vari\u00e9t\u00e9s cultiv\u00e9es de la province d&rsquo;<strong>Avellino<\/strong>, plus pr\u00e9cis\u00e9ment d&rsquo;<strong>Irpinia<\/strong>. \u00c9galement connu sous le nom de <strong>Curatona<\/strong> ou <strong>Olivona<\/strong>, son origine dans la r\u00e9gion d&rsquo;Irpinia remonte au d\u00e9but du <strong>XVIe si\u00e8cle<\/strong>. L&rsquo;<strong>huile d&rsquo;olive vierge extra<\/strong> obtenue par pressage a toujours \u00e9t\u00e9 consid\u00e9r\u00e9e comme l&rsquo;une des meilleures <strong>HOVE<\/strong> au monde gr\u00e2ce \u00e0 ses caract\u00e9ristiques organoleptiques exceptionnelles, ce qui en fait un <strong>produit ol\u00e9icole<\/strong> pris\u00e9 et tr\u00e8s recherch\u00e9 par les amateurs de <strong>bonne ch\u00e8re<\/strong> et de <strong>cuisine saine<\/strong>.<\/p>\n\n\n\n<p>Le <strong>rendement<\/strong> de l&rsquo;<strong>huile d&rsquo;olive Ravece<\/strong> est inf\u00e9rieur \u00e0 celui des autres olives (<strong>15-16 %<\/strong>), un facteur qui contribue \u00e0 la <strong>valeur<\/strong> et \u00e0 la <strong>qualit\u00e9<\/strong> de cette fantastique HOVE.<\/p>\n\n\n\n<p>Chez <strong>Contedoro<\/strong>, nous produisons de l&rsquo;<strong>huile d&rsquo;olive Ravece<\/strong> depuis <strong>1927<\/strong>, ann\u00e9e de l&rsquo;ouverture de notre <strong>moulin \u00e0 huile familial<\/strong>, et nous perp\u00e9tuons aujourd&rsquo;hui cette <strong>tradition<\/strong> avec passion et dans le respect des <strong>m\u00e9thodes de production saines<\/strong> d&rsquo;antan.<\/p>\n\n\n\n<figure class=\"wp-block-gallery has-nested-images columns-default is-cropped wp-block-gallery-1 is-layout-flex wp-block-gallery-is-layout-flex\">\n<figure class=\"wp-block-image size-large\"><img loading=\"lazy\" decoding=\"async\" width=\"513\" height=\"512\" data-id=\"2533\" src=\"https:\/\/contedoro.com\/wp-content\/uploads\/2021\/06\/ravece_2.jpg\" alt=\"\" class=\"wp-image-2533\" srcset=\"https:\/\/contedoro.com\/wp-content\/uploads\/2021\/06\/ravece_2.jpg 513w, https:\/\/contedoro.com\/wp-content\/uploads\/2021\/06\/ravece_2-300x300.jpg 300w, https:\/\/contedoro.com\/wp-content\/uploads\/2021\/06\/ravece_2-150x150.jpg 150w, https:\/\/contedoro.com\/wp-content\/uploads\/2021\/06\/ravece_2-500x500.jpg 500w, https:\/\/contedoro.com\/wp-content\/uploads\/2021\/06\/ravece_2-100x100.jpg 100w, https:\/\/contedoro.com\/wp-content\/uploads\/2021\/06\/ravece_2-60x60.jpg 60w, https:\/\/contedoro.com\/wp-content\/uploads\/2021\/06\/ravece_2-90x90.jpg 90w\" sizes=\"auto, (max-width: 513px) 100vw, 513px\" \/><\/figure>\n\n\n\n<figure class=\"wp-block-image size-large\"><img loading=\"lazy\" decoding=\"async\" width=\"513\" height=\"512\" data-id=\"2534\" src=\"https:\/\/contedoro.com\/wp-content\/uploads\/2021\/06\/ravece_3.jpg\" alt=\"\" class=\"wp-image-2534\" srcset=\"https:\/\/contedoro.com\/wp-content\/uploads\/2021\/06\/ravece_3.jpg 513w, https:\/\/contedoro.com\/wp-content\/uploads\/2021\/06\/ravece_3-300x300.jpg 300w, https:\/\/contedoro.com\/wp-content\/uploads\/2021\/06\/ravece_3-150x150.jpg 150w, https:\/\/contedoro.com\/wp-content\/uploads\/2021\/06\/ravece_3-500x500.jpg 500w, https:\/\/contedoro.com\/wp-content\/uploads\/2021\/06\/ravece_3-100x100.jpg 100w, https:\/\/contedoro.com\/wp-content\/uploads\/2021\/06\/ravece_3-60x60.jpg 60w, https:\/\/contedoro.com\/wp-content\/uploads\/2021\/06\/ravece_3-90x90.jpg 90w\" sizes=\"auto, (max-width: 513px) 100vw, 513px\" \/><\/figure>\n\n\n\n<figure class=\"wp-block-image size-large\"><img loading=\"lazy\" decoding=\"async\" width=\"513\" height=\"512\" data-id=\"2535\" src=\"https:\/\/contedoro.com\/wp-content\/uploads\/2021\/06\/ravece_4.jpg\" alt=\"\" class=\"wp-image-2535\" srcset=\"https:\/\/contedoro.com\/wp-content\/uploads\/2021\/06\/ravece_4.jpg 513w, https:\/\/contedoro.com\/wp-content\/uploads\/2021\/06\/ravece_4-300x300.jpg 300w, https:\/\/contedoro.com\/wp-content\/uploads\/2021\/06\/ravece_4-150x150.jpg 150w, https:\/\/contedoro.com\/wp-content\/uploads\/2021\/06\/ravece_4-500x500.jpg 500w, https:\/\/contedoro.com\/wp-content\/uploads\/2021\/06\/ravece_4-100x100.jpg 100w, https:\/\/contedoro.com\/wp-content\/uploads\/2021\/06\/ravece_4-60x60.jpg 60w, https:\/\/contedoro.com\/wp-content\/uploads\/2021\/06\/ravece_4-90x90.jpg 90w\" sizes=\"auto, (max-width: 513px) 100vw, 513px\" \/><\/figure>\n\n\n\n<figure class=\"wp-block-image size-large\"><img loading=\"lazy\" decoding=\"async\" width=\"512\" height=\"513\" data-id=\"2536\" src=\"https:\/\/contedoro.com\/wp-content\/uploads\/2021\/06\/ravece_5.jpg\" alt=\"\" class=\"wp-image-2536\" srcset=\"https:\/\/contedoro.com\/wp-content\/uploads\/2021\/06\/ravece_5.jpg 512w, https:\/\/contedoro.com\/wp-content\/uploads\/2021\/06\/ravece_5-300x300.jpg 300w, https:\/\/contedoro.com\/wp-content\/uploads\/2021\/06\/ravece_5-150x150.jpg 150w, https:\/\/contedoro.com\/wp-content\/uploads\/2021\/06\/ravece_5-500x500.jpg 500w, https:\/\/contedoro.com\/wp-content\/uploads\/2021\/06\/ravece_5-100x100.jpg 100w, https:\/\/contedoro.com\/wp-content\/uploads\/2021\/06\/ravece_5-60x60.jpg 60w, https:\/\/contedoro.com\/wp-content\/uploads\/2021\/06\/ravece_5-90x90.jpg 90w\" sizes=\"auto, (max-width: 512px) 100vw, 512px\" \/><\/figure>\n\n\n\n<figure class=\"wp-block-image size-large\"><img loading=\"lazy\" decoding=\"async\" width=\"400\" height=\"513\" data-id=\"2537\" src=\"https:\/\/contedoro.com\/wp-content\/uploads\/2021\/06\/ravece_6-e1659819258202.jpg\" alt=\"\" class=\"wp-image-2537\" srcset=\"https:\/\/contedoro.com\/wp-content\/uploads\/2021\/06\/ravece_6-e1659819258202.jpg 400w, https:\/\/contedoro.com\/wp-content\/uploads\/2021\/06\/ravece_6-e1659819258202-234x300.jpg 234w\" sizes=\"auto, (max-width: 400px) 100vw, 400px\" \/><\/figure>\n\n\n\n<figure class=\"wp-block-image size-large\"><img loading=\"lazy\" decoding=\"async\" width=\"512\" height=\"513\" data-id=\"2532\" src=\"https:\/\/contedoro.com\/wp-content\/uploads\/2021\/06\/ravece_1.jpg\" alt=\"\" class=\"wp-image-2532\" srcset=\"https:\/\/contedoro.com\/wp-content\/uploads\/2021\/06\/ravece_1.jpg 512w, https:\/\/contedoro.com\/wp-content\/uploads\/2021\/06\/ravece_1-300x300.jpg 300w, https:\/\/contedoro.com\/wp-content\/uploads\/2021\/06\/ravece_1-150x150.jpg 150w, https:\/\/contedoro.com\/wp-content\/uploads\/2021\/06\/ravece_1-500x500.jpg 500w, https:\/\/contedoro.com\/wp-content\/uploads\/2021\/06\/ravece_1-100x100.jpg 100w, https:\/\/contedoro.com\/wp-content\/uploads\/2021\/06\/ravece_1-60x60.jpg 60w, https:\/\/contedoro.com\/wp-content\/uploads\/2021\/06\/ravece_1-90x90.jpg 90w\" sizes=\"auto, (max-width: 512px) 100vw, 512px\" \/><\/figure>\n<\/figure>\n\n\n\n<h2 class=\"wp-block-heading\">Huile de Ravece d&rsquo;olives Irpinia garanties Irpine Garantite<\/h2>\n\n\n\n<p>Les <strong>olives Ravece<\/strong> qui arrivent \u00e0 notre <strong>moulin<\/strong> proviennent exclusivement du <strong>cultivar Irpinia<\/strong>, situ\u00e9 dans la r\u00e9gion <strong>verdoyante et vallonn\u00e9e<\/strong> entre <strong>Ariano Irpino<\/strong> et la <strong>vall\u00e9e d&rsquo;Ufita<\/strong>. Pour nous, nos <strong>fournisseurs<\/strong> ne sont pas seulement des fournisseurs d&rsquo;<strong>excellentes olives Ravece<\/strong> ; ce sont des <strong>amis de la famille<\/strong> depuis des <strong>g\u00e9n\u00e9rations<\/strong>. C&rsquo;est pourquoi l&rsquo;<strong>huile d&rsquo;olive Ravece Contedoro<\/strong> est si <strong>pris\u00e9e<\/strong> : c&rsquo;est la m\u00eame <strong>huile<\/strong> que nous mettons sur nos <strong>tables chaque jour<\/strong> !<\/p>\n\n\n\n<div style=\"height:28px\" aria-hidden=\"true\" class=\"wp-block-spacer\"><\/div>\n\n\n\n<div class=\"wp-block-buttons is-horizontal is-content-justification-center is-layout-flex wp-container-core-buttons-is-layout-499968f5 wp-block-buttons-is-layout-flex\">\n<div class=\"wp-block-button is-style-fill\"><a class=\"wp-block-button__link has-white-color has-text-color has-background wp-element-button\" href=\"https:\/\/contedoro.com\/fr\/boutique\/huile-dolive-vierge-extra\/huile-de-ravece\/\" style=\"background-color:#fbbe48\" target=\"_blank\" rel=\"https:\/\/contedoro.com\/negozio\/oli\/olio-ravece-vendita-online\/ noopener noreferrer noopener\"><strong>OK, JE VEUX L&rsquo;ESSAYER !<\/strong><\/a><\/div>\n<\/div>\n\n\n\n<div style=\"height:28px\" aria-hidden=\"true\" class=\"wp-block-spacer\"><\/div>\n\n\n\n<h2 class=\"wp-block-heading\">Caract\u00e9ristiques de Ravecedel Ravece<\/h2>\n\n\n\n<p>Les principales <strong>caract\u00e9ristiques de Ravece<\/strong> se remarquent d&rsquo;abord au niveau <strong>sensoriel<\/strong> :<\/p>\n\n\n\n<ul class=\"wp-block-list\">\n<li><strong>Couleur<\/strong> : Verte avec des reflets jaunes<\/li>\n\n\n\n<li><strong>Ar\u00f4me<\/strong> : Frais, tr\u00e8s intense<\/li>\n\n\n\n<li><strong>Saveur<\/strong> : Intens\u00e9ment fruit\u00e9e, herbac\u00e9e, avec des notes de <strong>tomate verte<\/strong><\/li>\n<\/ul>\n\n\n\n<p>\u00c0 la <strong>d\u00e9gustation<\/strong>, <strong>Ravece<\/strong> r\u00e9v\u00e8le toute sa nature avec une saveur <strong>franche<\/strong>, <strong>fruit\u00e9e<\/strong>, <strong>am\u00e8re<\/strong> et l\u00e9g\u00e8rement <strong>\u00e9pic\u00e9e<\/strong>.<\/p>\n\n\n\n<p>L&rsquo;<strong>huile de Ravece<\/strong> est optimale lorsqu&rsquo;elle est, comme on dit, <strong>\u00ab utilis\u00e9e crue \u00bb<\/strong>, c&rsquo;est-\u00e0-dire sur des plats cuisin\u00e9s tels que des <strong>viandes grill\u00e9es<\/strong>, des <strong>soupes<\/strong>, du <strong>minestrone<\/strong>, des <strong>l\u00e9gumes bouillis et grill\u00e9s<\/strong>, ou encore sur des <strong>salades<\/strong> et des <strong>bruschettas<\/strong>.<\/p>\n\n\n\n<p>Le <strong>caract\u00e8re affirm\u00e9<\/strong> de cette <strong>huile d&rsquo;olive vierge extra unique<\/strong> a conquis toute l&rsquo;<strong>Italie<\/strong>, et nous sommes certains qu&rsquo;il vous <strong>s\u00e9duira<\/strong> aussi !<\/p>\n\n\n\n<h3 class=\"wp-block-heading\">Huile de Ravece &#8211; Extra Vierge DOP<\/h3>\n\n\n\n<p>L&rsquo;<strong>huile d&rsquo;olive Irpinia &#8211; Colline dell&rsquo;Ufita<\/strong> a obtenu l&rsquo;<strong>Appellation d&rsquo;Origine Prot\u00e9g\u00e9e (AOP)<\/strong> en <strong>2010<\/strong> pour la <strong>zone de production d&rsquo;Irpinia<\/strong>. Le <strong>r\u00e8glement de production<\/strong> exige que les <strong>olives<\/strong> soient <strong>r\u00e9colt\u00e9es \u00e0 la main<\/strong> ou \u00e0 l&rsquo;aide de <strong>machines et de filets<\/strong>, comme nous le faisons chez <strong>Contedoro<\/strong> depuis pr\u00e8s d&rsquo;un <strong>si\u00e8cle<\/strong> !<\/p>\n\n\n\n<div style=\"height:28px\" aria-hidden=\"true\" class=\"wp-block-spacer\"><\/div>\n\n\n\n<div class=\"wp-block-buttons is-horizontal is-content-justification-center is-layout-flex wp-container-core-buttons-is-layout-499968f5 wp-block-buttons-is-layout-flex\">\n<div class=\"wp-block-button\"><a class=\"wp-block-button__link has-background wp-element-button\" href=\"https:\/\/contedoro.com\/fr\/boutique\/huile-dolive-vierge-extra\/huile-de-ravece\/\" style=\"background-color:#fbbe48\" target=\"_blank\" rel=\"https:\/\/contedoro.com\/negozio\/oli\/olio-ravece-vendita-online\/ noopener noreferrer noopener\"><strong>OK, JE VEUX L&rsquo;ESSAYER !<\/strong><\/a><\/div>\n<\/div>\n\n\n\n<div style=\"height:28px\" aria-hidden=\"true\" class=\"wp-block-spacer\"><\/div>\n\n\n\n<h2 class=\"wp-block-heading\">Prix \u200b\u200bRavece<\/h2>\n\n\n\n<p>Le <strong>prix juste<\/strong> de l&rsquo;<strong>huile de Ravece<\/strong> varie entre <strong>10 et 14 \u20ac le litre<\/strong>, mais comme pour tous les <strong>produits agricoles<\/strong>, il d\u00e9pend du <strong>rendement des olives<\/strong>. Cependant, pour vous assurer d&rsquo;acheter une <strong>huile d&rsquo;olive vierge extra de Ravece<\/strong> de <strong>qualit\u00e9<\/strong>, nous vous recommandons de ne pas vous fier aux produits proposant cette huile \u00e0 un prix <strong>inf\u00e9rieur \u00e0 10 \u20ac le litre<\/strong>.<\/p>\n\n\n\n<p>Le <strong>conseil<\/strong> que nous avons envie de donner est de <strong>NE JAMAIS comparer<\/strong> le <strong>prix de vente<\/strong> d&rsquo;une <strong>excellente huile Ravece<\/strong> comme la <strong>n\u00f4tre<\/strong> <a aria-label=\"Ravece Contedoro (opens in a new tab)\" class=\"rank-math-link\" href=\"https:\/\/contedoro.com\/fr\/boutique\/huile-dolive-vierge-extra\/huile-de-ravece\/\" target=\"_blank\" rel=\"noreferrer noopener\">Ravece Contedoro<\/a> avec d&rsquo;<strong>autres huiles courantes<\/strong>. En r\u00e9alit\u00e9, il s&rsquo;agit de <strong>produits totalement diff\u00e9rents<\/strong> quant \u00e0 la <strong>qualit\u00e9 des mati\u00e8res premi\u00e8res<\/strong>, au <strong>soin apport\u00e9 au processus de production<\/strong> et \u00e0 la <strong>salubrit\u00e9 du produit final<\/strong>.<\/p>\n\n\n\n<h2 class=\"wp-block-heading\">Prix \u200b\u200bRavece Contedoro<\/h2>\n\n\n\n<div class=\"wp-block-columns is-layout-flex wp-container-core-columns-is-layout-9d6595d7 wp-block-columns-is-layout-flex\">\n<div class=\"wp-block-column is-layout-flow wp-block-column-is-layout-flow\">  <style>\n    :root {\n      --swiper-theme-color: #8fb494;\n    }\n  <\/style>\n  <section class=\"py-5 certificazioni-carousel\" style=\"min-height:200px;\">\n    <div class=\"container\">\n      <div class=\"row\">\n        <div class=\"col-12\">\n          <div class=\"swiper-container carousel-certificazioni\">\n            <div class=\"swiper-wrapper\">\n                              <div class=\"swiper-slide text-center mb-5\">\n\n                  <img decoding=\"async\" class=\"img-fluid\" src=\"https:\/\/contedoro.com\/wp-content\/uploads\/2021\/05\/Tavola-da-disegno1.jpg\" alt=\"Concorso Internazionale | AIPO D'argento 3 Gocce Qualit\u00e0\">\n                  <p><small>Concorso Internazionale | AIPO D&rsquo;argento 3 Gocce Qualit\u00e0<\/small><\/p>\n\n                <\/div>\n                              <div class=\"swiper-slide text-center mb-5\">\n\n                  <img decoding=\"async\" class=\"img-fluid\" src=\"https:\/\/contedoro.com\/wp-content\/uploads\/2021\/05\/Tavola-da-disegno7.jpg\" alt=\"Concorso Internazionale | Diploma di Gran Menzione\">\n                  <p><small>Concorso Internazionale | Diploma di Gran Menzione<\/small><\/p>\n\n                <\/div>\n                              <div class=\"swiper-slide text-center mb-5\">\n\n                  <img decoding=\"async\" class=\"img-fluid\" src=\"https:\/\/contedoro.com\/wp-content\/uploads\/2021\/05\/Tavola-da-disegno6.jpg\" alt=\"L'Oro D'Italia 2021 | 5 Gocce d'Oro\">\n                  <p><small>L&rsquo;Oro D&rsquo;Italia 2021 | 5 Gocce d&rsquo;Oro<\/small><\/p>\n\n                <\/div>\n                              <div class=\"swiper-slide text-center mb-5\">\n\n                  <img decoding=\"async\" class=\"img-fluid\" src=\"https:\/\/contedoro.com\/wp-content\/uploads\/2021\/05\/Tavola-da-disegno5.jpg\" alt=\"Olio Capitale | 1\u00b0 Classificato Fruttato Intenso\">\n                  <p><small>Olio Capitale | 1\u00b0 Classificato Fruttato Intenso<\/small><\/p>\n\n                <\/div>\n                              <div class=\"swiper-slide text-center mb-5\">\n\n                  <img decoding=\"async\" class=\"img-fluid\" src=\"https:\/\/contedoro.com\/wp-content\/uploads\/2021\/05\/Tavola-da-disegno4.jpg\" alt=\"Slow Food Editore Guida Agli Oli EVO | Grande Olio, 3 Olive\">\n                  <p><small>Slow Food Editore Guida Agli Oli EVO | Grande Olio, 3 Olive<\/small><\/p>\n\n                <\/div>\n                              <div class=\"swiper-slide text-center mb-5\">\n\n                  <img decoding=\"async\" class=\"img-fluid\" src=\"https:\/\/contedoro.com\/wp-content\/uploads\/2021\/05\/Tavola-da-disegno3.jpg\" alt=\"Concorso Internazionale | L'Orciolo d'Oro Diploma di Gran Menzione\">\n                  <p><small>Concorso Internazionale | L&rsquo;Orciolo d&rsquo;Oro Diploma di Gran Menzione<\/small><\/p>\n\n                <\/div>\n                              <div class=\"swiper-slide text-center mb-5\">\n\n                  <img decoding=\"async\" class=\"img-fluid\" src=\"https:\/\/contedoro.com\/wp-content\/uploads\/2021\/05\/Tavola-da-disegno2.jpg\" alt=\"Ex Olivis 2007-2010 | Primo Classificato e Diploma di Gran Menzione\">\n                  <p><small>Ex Olivis 2007-2010 | Primo Classificato e Diploma di Gran Menzione<\/small><\/p>\n\n                <\/div>\n                              <div class=\"swiper-slide text-center mb-5\">\n\n                  <img decoding=\"async\" class=\"img-fluid\" src=\"https:\/\/contedoro.com\/wp-content\/uploads\/2021\/05\/Tavola-da-disegno8.jpg\" alt=\"Concorso Montiferru | Menzione D'Onore\">\n                  <p><small>Concorso Montiferru | Menzione D&rsquo;Onore<\/small><\/p>\n\n                <\/div>\n                              <div class=\"swiper-slide text-center mb-5\">\n\n                  <img decoding=\"async\" class=\"img-fluid\" src=\"https:\/\/contedoro.com\/wp-content\/uploads\/2021\/05\/armonia.jpg\" alt=\"Concorso Internazionale 4\u00b0 Armonia | Diploma Gran Menzione\">\n                  <p><small>Concorso Internazionale 4\u00b0 Armonia | Diploma Gran Menzione<\/small><\/p>\n\n                <\/div>\n                              <div class=\"swiper-slide text-center mb-5\">\n\n                  <img decoding=\"async\" class=\"img-fluid\" src=\"https:\/\/contedoro.com\/wp-content\/uploads\/2021\/05\/exra.jpg\" alt=\"Extra Campania 2020 | 1\u00b0 Classificato Fruttato Medio-Intenso\">\n                  <p><small>Extra Campania 2020 | 1\u00b0 Classificato Fruttato Medio-Intenso<\/small><\/p>\n\n                <\/div>\n                          <\/div>\n            <div class=\"swiper-pagination\"><\/div>\n          <\/div>\n        <\/div>\n      <\/div>\n    <\/div>\n  <\/section>\n<\/div>\n<\/div>\n\n\n\n<h2 class=\"wp-block-heading\">Apr\u00e8s la d\u00e9gustation, ils ont dit\u2026<\/h2>\n\n\n\n<div class=\"wp-block-columns is-layout-flex wp-container-core-columns-is-layout-9d6595d7 wp-block-columns-is-layout-flex\">\n<div class=\"wp-block-column is-layout-flow wp-block-column-is-layout-flow\">  <style>\n    :root {\n      --swiper-theme-color: #8fb494;\n      --swiper-navigation-size: 25px;\n    }\n  <\/style>\n  <div class=\"swiper-container carousel-recenzioni\">\n    <div class=\"swiper-wrapper\">\n              <div class=\"swiper-slide px-5\">\n          <blockquote>\n            <h5 class=\"text-center\"><strong>Apr\u00e8s la d\u00e9gustation, ils ont dit&#8230;<\/strong><\/h5>\n            <p>\n              Excellent produit et livraison ultra rapide. On ne trouve plus d&rsquo;huiles aussi bonnes. Je suis vraiment ravie d&rsquo;avoir choisi Contedoro.            <\/p>\n            <cite>Rocco Iorio<\/cite>\n          <\/blockquote>\n        <\/div>\n              <div class=\"swiper-slide px-5\">\n          <blockquote>\n            <h5 class=\"text-center\"><strong>D&rsquo;EXCELLENTS PRODUITS ET UNE ENTREPRISE S\u00c9RIEUSE<\/strong><\/h5>\n            <p>\n              J&rsquo;ai particuli\u00e8rement appr\u00e9ci\u00e9 l&rsquo;huile Ravece et le forfait fermier. Une entreprise fiable avec un personnel aimable et comp\u00e9tent.            <\/p>\n            <cite> Marta Pastorino<\/cite>\n          <\/blockquote>\n        <\/div>\n              <div class=\"swiper-slide px-5\">\n          <blockquote>\n            <h5 class=\"text-center\"><strong>PRODUITS D&rsquo;EXCELLENTE QUALIT\u00c9<\/strong><\/h5>\n            <p>\n              Ravece est un d\u00e9lice, m\u00eame sur une simple tranche de pain. Livraison ultra rapide.            <\/p>\n            <cite>Vincenza cimetta<\/cite>\n          <\/blockquote>\n        <\/div>\n              <div class=\"swiper-slide px-5\">\n          <blockquote>\n            <h5 class=\"text-center\"><strong>EXCELLENTE HUILE<\/strong><\/h5>\n            <p>\n              Go\u00fbt incroyable et ar\u00f4me agr\u00e9able. Service client s\u00e9rieux et fiable. J&rsquo;ach\u00e8terai certainement \u00e0 nouveau.            <\/p>\n            <cite>Silvio Capitelli <\/cite>\n          <\/blockquote>\n        <\/div>\n              <div class=\"swiper-slide px-5\">\n          <blockquote>\n            <h5 class=\"text-center\"><strong>QUALIT\u00c9 ET COMP\u00c9TENCE<\/strong><\/h5>\n            <p>\n              J&rsquo;ai pass\u00e9 commande aupr\u00e8s de cette entreprise suite aux bons avis en ligne sur leur huile. J&rsquo;ai \u00e9t\u00e9 tr\u00e8s satisfait et je commanderai certainement \u00e0 nouveau. Ils ont \u00e9t\u00e9 tr\u00e8s r\u00e9actifs lorsque je les ai contact\u00e9s par e-mail, et je suis tr\u00e8s satisfait.            <\/p>\n            <cite>Domenico D&rsquo;Amora<\/cite>\n          <\/blockquote>\n        <\/div>\n              <div class=\"swiper-slide px-5\">\n          <blockquote>\n            <h5 class=\"text-center\"><strong>EXCELLENTE HUILE POUR TOUTES LES CIRCONSTANCES<\/strong><\/h5>\n            <p>\n              Une production familiale et locale. Une qualit\u00e9 et une saveur incomparables\u00a0: impossible de se tromper.            <\/p>\n            <cite>Marco P.<\/cite>\n          <\/blockquote>\n        <\/div>\n              <div class=\"swiper-slide px-5\">\n          <blockquote>\n            <h5 class=\"text-center\"><strong>HUILE DE LA PLUS HAUTE QUALIT\u00c9<\/strong><\/h5>\n            <p>\n              Livraison rapide, fortement recommand\u00e9.            <\/p>\n            <cite>G Stafford<\/cite>\n          <\/blockquote>\n        <\/div>\n          <\/div>\n    <div class=\"swiper-button-next\"><\/div>\n    <div class=\"swiper-button-prev\"><\/div>\n    <div class=\"swiper-pagination\"><\/div>\n  <\/div>\n<\/div>\n<\/div>\n\n\n<div class=\"my-5 p-5 d-flex align-items-center shadow\" style=\"background: url(https:\/\/contedoro.com\/wp-content\/themes\/templatze5\/images\/bg-call.jpg); background-size:cover; background-position:right; min-height:400px\">\n  <div class=\"row\">\n    <div class=\"col-md-8 text-center text-md-left\">\n      <h4 style=\"color:white; font-size:4rem; text-shadow: 1px 1px 1px rgb(0 0 0);\">\n        Achetez notre huile Ravece maintenant      <\/h4>\n      <p style=\" font-size:1.5rem; color: white; text-shadow: 1px 1px 1px rgb(0 0 0);\">\n              <\/p>\n      <a href=\"https:\/\/contedoro.com\/fr\/boutique\/huile-dolive-vierge-extra\/huile-de-ravece\/\" class=\"button-3\">\n        Achetez-le maintenant      <\/a>\n\n    <\/div>\n  <\/div>\n<\/div>\n","protected":false},"excerpt":{"rendered":"<p>L&rsquo;olivier Ravece appartient aux vari\u00e9t\u00e9s cultiv\u00e9es de la province d&rsquo;Avellino, plus pr\u00e9cis\u00e9ment d&rsquo;Irpinia. \u00c9galement connu sous le nom de Curatona ou Olivona, son origine dans la r\u00e9gion d&rsquo;Irpinia remonte au d\u00e9but du XVIe si\u00e8cle. L&rsquo;huile d&rsquo;olive vierge extra obtenue par pressage a toujours \u00e9t\u00e9 consid\u00e9r\u00e9e comme l&rsquo;une des meilleures HOVE au monde gr\u00e2ce \u00e0 ses [&hellip;]<\/p>\n","protected":false},"author":70,"featured_media":0,"parent":0,"menu_order":2,"comment_status":"closed","ping_status":"closed","template":"","meta":{"_acf_changed":false,"_monsterinsights_skip_tracking":false,"_monsterinsights_sitenote_active":false,"_monsterinsights_sitenote_note":"","_monsterinsights_sitenote_category":0,"_joinchat":[],"footnotes":""},"class_list":["post-8950","page","type-page","status-publish","hentry"],"acf":[],"_links":{"self":[{"href":"https:\/\/contedoro.com\/fr\/wp-json\/wp\/v2\/pages\/8950","targetHints":{"allow":["GET"]}}],"collection":[{"href":"https:\/\/contedoro.com\/fr\/wp-json\/wp\/v2\/pages"}],"about":[{"href":"https:\/\/contedoro.com\/fr\/wp-json\/wp\/v2\/types\/page"}],"author":[{"embeddable":true,"href":"https:\/\/contedoro.com\/fr\/wp-json\/wp\/v2\/users\/70"}],"replies":[{"embeddable":true,"href":"https:\/\/contedoro.com\/fr\/wp-json\/wp\/v2\/comments?post=8950"}],"version-history":[{"count":11,"href":"https:\/\/contedoro.com\/fr\/wp-json\/wp\/v2\/pages\/8950\/revisions"}],"predecessor-version":[{"id":9173,"href":"https:\/\/contedoro.com\/fr\/wp-json\/wp\/v2\/pages\/8950\/revisions\/9173"}],"wp:attachment":[{"href":"https:\/\/contedoro.com\/fr\/wp-json\/wp\/v2\/media?parent=8950"}],"curies":[{"name":"wp","href":"https:\/\/api.w.org\/{rel}","templated":true}]}}