{"id":8966,"date":"2024-11-23T15:19:31","date_gmt":"2024-11-23T14:19:31","guid":{"rendered":"https:\/\/contedoro.com\/negozio\/non class\u00e9\/alf-selection-ravece\/"},"modified":"2024-11-23T15:19:31","modified_gmt":"2024-11-23T14:19:31","slug":"alf-selection-ravece","status":"publish","type":"product","link":"https:\/\/contedoro.com\/fr\/boutique\/huile-dolive-vierge-extra\/alf-selection-ravece\/","title":{"rendered":"ALF &#8211; S\u00e9lection Ravece"},"content":{"rendered":"<h4><strong>CONTEDORO, MA\u00ceTRES DE<\/strong> L&rsquo;HUILE D&rsquo;OLIVE RAVECE DEPUIS <strong>1927<\/strong><br \/>\nAvec ALF, nous \u00e9levons l&rsquo;art de l&rsquo;huile d&rsquo;olive extra vierge Ravece \u00e0 une nouvelle dimension d&rsquo;excellence.<\/h4>\n<p>Produite exclusivement en Irpinia, terre riche d&rsquo;histoire et de tradition, <strong>ALF est \u00e9labor\u00e9e \u00e0 partir d&rsquo;olives Ravece soigneusement s\u00e9lectionn\u00e9es et cueillies \u00e0 la main en d\u00e9but de maturation<\/strong>, lorsque le fruit est encore vert et au sommet de son potentiel aromatique. Les mains expertes des ol\u00e9iculteurs irlandais supervisent chaque \u00e9tape du processus, garantissant une attention unique \u00e0 chaque d\u00e9tail. <\/p>\n<p><strong>M\u00e9thode d&rsquo;extraction r\u00e9volutionnaire<\/strong><br \/>\nALF est extraite \u00e0 froid \u00e0 l&rsquo;aide d&rsquo;un syst\u00e8me continu \u00e0 deux \u00e9tages, sans ajout d&rsquo;eau de traitement, afin de pr\u00e9server impeccablement ses ar\u00f4mes extraordinaires et sa richesse en antioxydants naturels. Le r\u00e9sultat est une huile \u00e0 l&rsquo;ar\u00f4me intense et persistant, avec les notes herbac\u00e9es typiques de Ravece, enrichies par des notes de tomate verte et de d\u00e9licates nuances d&rsquo;artichaut. <\/p>\n<p><strong>Une exp\u00e9rience sensorielle unique<\/strong><br \/>\nLe go\u00fbt fruit\u00e9 et harmonieux d&rsquo;ALF, avec son \u00e9quilibre parfait entre amertume et piquant, en fait un condiment id\u00e9al pour les plats raffin\u00e9s : soupes de l\u00e9gumineuses, plats de p\u00e2tes traditionnels, bruschetta et viandes grill\u00e9es. Con\u00e7ue pour ceux qui recherchent non seulement une huile, mais aussi une exp\u00e9rience gastronomique authentique. <\/p>\n<p><strong>Un symbole d&rsquo;excellence<\/strong><br \/>\nAvec ALF, le Contedoro c\u00e9l\u00e8bre la fiert\u00e9 de la tradition d&rsquo;Irpinia, en apportant sur les tables du monde entier une huile rare et pr\u00e9cieuse, capable de conqu\u00e9rir les palais les plus exigeants.<\/p>\n","protected":false},"excerpt":{"rendered":"<p><strong>ALF<\/strong> n&rsquo;est pas une simple huile vierge extra, c <strong>&lsquo;est le chef-d&rsquo;\u0153uvre de la vari\u00e9t\u00e9 Ravece<\/strong>, la quintessence de l&rsquo;excellence italienne.<\/p>\n<p>Fabriqu\u00e9 exclusivement \u00e0 partir d&rsquo;olives vertes cueillies \u00e0 la main \u00e0 <strong>Irpinia<\/strong> et trait\u00e9 selon une m\u00e9thode innovante \u00e0 froid sans ajout d&rsquo;eau, ALF lib\u00e8re un parfum unique, une saveur harmonieuse et un concentr\u00e9 d&rsquo;antioxydants <strong>naturels<\/strong>.<\/p>\n<p>Pourquoi choisir ALF ?<\/p>\n<p>Parce qu&rsquo;il est <em>\u00e9l\u00e9gant<\/em>.<br \/>\nParce qu&rsquo;il est <em>unique<\/em>.<br \/>\nParce qu&rsquo;il est <em>sublime<\/em>.<\/p>\n<p>En un mot : <strong>EXCEPTIONNEL !<\/strong><\/p>\n<h2><a href=\"https:\/\/contedoro.com\/fr\/boutique\/huile-dolive-vierge-extra\/alf-selection-ravece\/\"><strong>2024\/2025 Campagne de l&rsquo;huile d&rsquo;olive<\/strong><\/a><\/h2>\n","protected":false},"featured_media":9418,"template":"","meta":{"_acf_changed":false,"_monsterinsights_skip_tracking":false,"_monsterinsights_sitenote_active":false,"_monsterinsights_sitenote_note":"","_monsterinsights_sitenote_category":0,"_joinchat":[]},"product_brand":[],"product_cat":[227],"product_tag":[],"class_list":{"0":"post-8966","1":"product","2":"type-product","3":"status-publish","4":"has-post-thumbnail","6":"product_cat-huile-dolive-vierge-extra","8":"first","9":"instock","10":"shipping-taxable","11":"purchasable","12":"product-type-variable"},"acf":[],"_links":{"self":[{"href":"https:\/\/contedoro.com\/fr\/wp-json\/wp\/v2\/product\/8966","targetHints":{"allow":["GET"]}}],"collection":[{"href":"https:\/\/contedoro.com\/fr\/wp-json\/wp\/v2\/product"}],"about":[{"href":"https:\/\/contedoro.com\/fr\/wp-json\/wp\/v2\/types\/product"}],"wp:featuredmedia":[{"embeddable":true,"href":"https:\/\/contedoro.com\/fr\/wp-json\/wp\/v2\/media\/9418"}],"wp:attachment":[{"href":"https:\/\/contedoro.com\/fr\/wp-json\/wp\/v2\/media?parent=8966"}],"wp:term":[{"taxonomy":"product_brand","embeddable":true,"href":"https:\/\/contedoro.com\/fr\/wp-json\/wp\/v2\/product_brand?post=8966"},{"taxonomy":"product_cat","embeddable":true,"href":"https:\/\/contedoro.com\/fr\/wp-json\/wp\/v2\/product_cat?post=8966"},{"taxonomy":"product_tag","embeddable":true,"href":"https:\/\/contedoro.com\/fr\/wp-json\/wp\/v2\/product_tag?post=8966"}],"curies":[{"name":"wp","href":"https:\/\/api.w.org\/{rel}","templated":true}]}}