{"id":8967,"date":"2023-02-24T12:38:37","date_gmt":"2023-02-24T11:38:37","guid":{"rendered":"https:\/\/contedoro.com\/negozio\/non class\u00e9\/bec-de-canalisation-dhuile-phoenix\/"},"modified":"2023-02-24T12:38:37","modified_gmt":"2023-02-24T11:38:37","slug":"bec-de-canalisation-dhuile-phoenix","status":"publish","type":"product","link":"https:\/\/contedoro.com\/fr\/boutique\/cruche-en-ceramique-pour-huile\/bec-de-canalisation-dhuile-phoenix\/","title":{"rendered":"Bec de canalisation d&rsquo;huile | Phoenix"},"content":{"rendered":"<p>Ce magnifique<strong> pot \u00e0 huile<\/strong> en c\u00e9ramique peint \u00e0 la main a \u00e9t\u00e9 rebaptis\u00e9 <em><strong>Phoenix. <\/strong><\/em>Il s&rsquo;agit d&rsquo;une \u0153uvre d&rsquo;art qui respire l&rsquo;\u00e9l\u00e9gance et la sophistication. Gr\u00e2ce \u00e0 son design \u00e9l\u00e9gant et \u00e0 son contenu en <strong>huile d&rsquo;olive extra vierge prim\u00e9e<\/strong>, ce pot en c\u00e9ramique est<strong> id\u00e9al comme cadeau de mariage.<\/strong> <\/p>\n<p>Le nom rappelle le <em><strong>Ph\u00e9nix,<\/strong><\/em> une cr\u00e9ature mythologique pr\u00e9sente dans de nombreuses cultures anciennes, mais surtout connue dans les mythologies grecque et romaine. Le <strong>ph\u00e9nix<\/strong> \u00e9tait consid\u00e9r\u00e9 comme un oiseau l\u00e9gendaire <strong>symbolisant la renaissance, car il avait la capacit\u00e9 de rena\u00eetre de ses cendres.<\/strong> <\/p>\n<p>L&rsquo;<strong>huile d&rsquo;olive extra vierge contenue dans le pot<\/strong> est \u00e9galement un cadeau de qualit\u00e9 qui s\u00e9duira non seulement les yeux mais aussi le palais de vos invit\u00e9s.<\/p>\n<p>&nbsp;<\/p>\n<p>N&rsquo;h\u00e9sitez pas \u00e0 nous contacter pour plus d&rsquo;informations sur ce <strong>cadeau de mariage.<\/strong> Nous nous ferons un plaisir de vous fournir toutes les informations n\u00e9cessaires et de<strong> vous aider \u00e0 personnaliser votre cadeau<\/strong> en fonction de vos besoins. <\/p>\n<p>&nbsp;<\/p>\n<p>Achetez d\u00e8s maintenant ce cadeau de mariage en c\u00e9ramique et offrez \u00e0 vos invit\u00e9s un cadeau unique et inoubliable !<\/p>\n","protected":false},"excerpt":{"rendered":"<p>Le bec verseur d&rsquo;huile avec le nom <em><strong>Phoenix <\/strong><\/em>de notre collection <strong><em>Renaissance <\/em><\/strong>est l&rsquo;un des plus vendus de toute la collection gr\u00e2ce \u00e0 son originalit\u00e9 et \u00e0 sa d\u00e9coration raffin\u00e9e.<\/p>\n<p>Dans la culture populaire moderne<strong>, le ph\u00e9nix est souvent utilis\u00e9 comme symbole d&rsquo;espoir<\/strong>, de <strong>courage<\/strong> et de<strong> force int\u00e9rieure<\/strong>. Il est \u00e9galement associ\u00e9 au feu et \u00e0 la lumi\u00e8re, la l\u00e9gende voulant que ses ailes enflamm\u00e9es puissent \u00e9clairer les t\u00e9n\u00e8bres et dissiper l&rsquo;obscurit\u00e9. <\/p>\n<p>&nbsp;<\/p>\n<p>Contenant<strong> 250 ml d&rsquo;huile d&rsquo;olive extra vierge<\/strong>, il s&rsquo;agit d&rsquo;un cadeau original et unique qui rendra le jour de votre mariage sp\u00e9cial. Gr\u00e2ce \u00e0 son \u00e9l\u00e9gance et \u00e0 son raffinement, il sera <strong>un cadeau appr\u00e9ci\u00e9 par vos invit\u00e9s<\/strong> qui pourront utiliser l&rsquo;huile d&rsquo;olive extra vierge pour pr\u00e9parer leurs recettes pr\u00e9f\u00e9r\u00e9es et se servir du pot comme r\u00e9cipient dans la cuisine ou comme ornement \u00e9l\u00e9gant. <\/p>\n<p>&nbsp;<\/p>\n<p>Vous voulez en savoir plus ?<\/p>\n<p>Pour plus d&rsquo;informations, cliquez ici !<\/p>\n","protected":false},"featured_media":7394,"template":"","meta":{"_acf_changed":false,"_monsterinsights_skip_tracking":false,"_monsterinsights_sitenote_active":false,"_monsterinsights_sitenote_note":"","_monsterinsights_sitenote_category":0,"_joinchat":[]},"product_brand":[],"product_cat":[228],"product_tag":[],"class_list":{"0":"post-8967","1":"product","2":"type-product","3":"status-publish","4":"has-post-thumbnail","6":"product_cat-cruche-en-ceramique-pour-huile","7":"pa_formato-250ml-fr","9":"first","10":"instock","11":"shipping-taxable","12":"product-type-simple"},"acf":[],"_links":{"self":[{"href":"https:\/\/contedoro.com\/fr\/wp-json\/wp\/v2\/product\/8967","targetHints":{"allow":["GET"]}}],"collection":[{"href":"https:\/\/contedoro.com\/fr\/wp-json\/wp\/v2\/product"}],"about":[{"href":"https:\/\/contedoro.com\/fr\/wp-json\/wp\/v2\/types\/product"}],"wp:featuredmedia":[{"embeddable":true,"href":"https:\/\/contedoro.com\/fr\/wp-json\/wp\/v2\/media\/7394"}],"wp:attachment":[{"href":"https:\/\/contedoro.com\/fr\/wp-json\/wp\/v2\/media?parent=8967"}],"wp:term":[{"taxonomy":"product_brand","embeddable":true,"href":"https:\/\/contedoro.com\/fr\/wp-json\/wp\/v2\/product_brand?post=8967"},{"taxonomy":"product_cat","embeddable":true,"href":"https:\/\/contedoro.com\/fr\/wp-json\/wp\/v2\/product_cat?post=8967"},{"taxonomy":"product_tag","embeddable":true,"href":"https:\/\/contedoro.com\/fr\/wp-json\/wp\/v2\/product_tag?post=8967"}],"curies":[{"name":"wp","href":"https:\/\/api.w.org\/{rel}","templated":true}]}}