{"id":8970,"date":"2023-02-24T10:46:30","date_gmt":"2023-02-24T09:46:30","guid":{"rendered":"https:\/\/contedoro.com\/negozio\/non class\u00e9\/jars-oil-waves\/"},"modified":"2023-02-24T10:46:30","modified_gmt":"2023-02-24T09:46:30","slug":"jars-oil-waves","status":"publish","type":"product","link":"https:\/\/contedoro.com\/fr\/boutique\/cruche-en-ceramique-pour-huile\/jars-oil-waves\/","title":{"rendered":"Jars Oil | Waves"},"content":{"rendered":"<div class=\"flex flex-grow flex-col gap-3\">\n<div class=\"min-h-[20px] flex flex-col items-start gap-4 whitespace-pre-wrap\">\n<div class=\"markdown prose w-full break-words dark:prose-invert light\">\n<p>Cette merveilleuse <strong>jarre en c\u00e9ramique peinte \u00e0 la main<\/strong> et d\u00e9cor\u00e9e de <strong>vagues <\/strong>est une \u0153uvre d&rsquo;art qui repr\u00e9sente l&rsquo;essence de la <strong>beaut\u00e9 et de la tranquillit\u00e9 de la mer.<\/strong> Son design rustique et son contenu de <strong>250 ml<\/strong> d&rsquo;huile d&rsquo;olive extra vierge Contedoro en font un<strong> cadeau de mariage<\/strong> id\u00e9al pour faire vivre \u00e0 vos invit\u00e9s une exp\u00e9rience unique et raffin\u00e9e. <\/p>\n<p>&nbsp;<\/p>\n<p>Les vagues sont associ\u00e9es \u00e0 la tranquillit\u00e9 et \u00e0 la s\u00e9r\u00e9nit\u00e9 de la mer. Symboliquement, les <strong>vagues repr\u00e9sentent le mouvement et la fluidit\u00e9 de la mer<\/strong>, mais aussi le changement et la transition, car la mer est toujours en mouvement et en \u00e9volution. <\/p>\n<p>&nbsp;<\/p>\n<\/div>\n<\/div>\n<p>Chaque vague qui se brise sur la terre <strong>rena\u00eet du giron de la mer pour<\/strong> revenir, et revenir encore. C&rsquo;est pourquoi nous avons pens\u00e9 qu&rsquo;il s&rsquo;agissait d&rsquo;une d\u00e9coration parfaite pour notre <strong>collection Rebirth<\/strong>. <\/p>\n<p>&nbsp;<\/p>\n<\/div>\n<p>Achetez cette<strong>cruche \u00e0 huile comme cadeau de mariage<\/strong> et offrez \u00e0 vos invit\u00e9s un cadeau unique et inoubliable.<\/p>\n","protected":false},"excerpt":{"rendered":"<p>Jarre \u00e0 huile avec d\u00e9coration de <b>vagues de<\/b> notre collection <strong><em>La renaissance <\/em><\/strong>repr\u00e9sente le <strong>mouvement perp\u00e9tuel de la mer<\/strong>. Son<em>mouvement<\/em> continu,<strong> le renouvellement sans fin des forces qui propulsent la vie<\/strong>. C&rsquo;est pourquoi nous avons pens\u00e9 \u00e0 cette merveilleuse d\u00e9coration naturelle, pour que votre pot soit une pi\u00e8ce unique, cr\u00e9\u00e9e sur les formes de la nature.  <\/p>\n<p>&nbsp;<\/p>\n<p>Avec une contenance de<strong> 250 ml d&rsquo;huile d&rsquo;olive extra vierge<\/strong>, il s&rsquo;agit d&rsquo;un cadeau unique qui rendra sp\u00e9cial le moment de la remise \u00e0 vos invit\u00e9s. Gr\u00e2ce \u00e0 son \u00e9l\u00e9gance et \u00e0 sa sophistication, ce <strong>cadeau sera appr\u00e9ci\u00e9<\/strong> et ils pourront utiliser son contenu dans la cuisine et le r\u00e9utiliser comme contenant \u00e9l\u00e9gant. <\/p>\n<p>&nbsp;<\/p>\n<p>Vous voulez en savoir plus ?<\/p>\n<p>Pour plus d&rsquo;informations, cliquez ici !<\/p>\n","protected":false},"featured_media":6839,"template":"","meta":{"_acf_changed":false,"_monsterinsights_skip_tracking":false,"_monsterinsights_sitenote_active":false,"_monsterinsights_sitenote_note":"","_monsterinsights_sitenote_category":0,"_joinchat":[]},"product_brand":[],"product_cat":[228],"product_tag":[],"class_list":{"0":"post-8970","1":"product","2":"type-product","3":"status-publish","4":"has-post-thumbnail","6":"product_cat-cruche-en-ceramique-pour-huile","7":"pa_formato-250ml-fr","9":"first","10":"instock","11":"shipping-taxable","12":"product-type-simple"},"acf":[],"_links":{"self":[{"href":"https:\/\/contedoro.com\/fr\/wp-json\/wp\/v2\/product\/8970","targetHints":{"allow":["GET"]}}],"collection":[{"href":"https:\/\/contedoro.com\/fr\/wp-json\/wp\/v2\/product"}],"about":[{"href":"https:\/\/contedoro.com\/fr\/wp-json\/wp\/v2\/types\/product"}],"wp:featuredmedia":[{"embeddable":true,"href":"https:\/\/contedoro.com\/fr\/wp-json\/wp\/v2\/media\/6839"}],"wp:attachment":[{"href":"https:\/\/contedoro.com\/fr\/wp-json\/wp\/v2\/media?parent=8970"}],"wp:term":[{"taxonomy":"product_brand","embeddable":true,"href":"https:\/\/contedoro.com\/fr\/wp-json\/wp\/v2\/product_brand?post=8970"},{"taxonomy":"product_cat","embeddable":true,"href":"https:\/\/contedoro.com\/fr\/wp-json\/wp\/v2\/product_cat?post=8970"},{"taxonomy":"product_tag","embeddable":true,"href":"https:\/\/contedoro.com\/fr\/wp-json\/wp\/v2\/product_tag?post=8970"}],"curies":[{"name":"wp","href":"https:\/\/api.w.org\/{rel}","templated":true}]}}