{"id":8971,"date":"2023-02-24T10:15:51","date_gmt":"2023-02-24T09:15:51","guid":{"rendered":"https:\/\/contedoro.com\/negozio\/non class\u00e9\/orcio-olio-lotus-et-lotus-giro\/"},"modified":"2023-02-24T10:15:51","modified_gmt":"2023-02-24T09:15:51","slug":"orcio-olio-lotus-et-lotus-giro","status":"publish","type":"product","link":"https:\/\/contedoro.com\/fr\/boutique\/cruche-en-ceramique-pour-huile\/orcio-olio-lotus-et-lotus-giro\/","title":{"rendered":"Orcio Olio | Lotus et Lotus Giro"},"content":{"rendered":"<p>Cette <strong>magnifique jarre \u00e0 huile en c\u00e9ramique peinte \u00e0 la main<\/strong> et d\u00e9cor\u00e9e d&rsquo;une<strong> fleur de lotus<\/strong> est une \u0153uvre d&rsquo;art qui respire l&rsquo;\u00e9l\u00e9gance et la sophistication. Gr\u00e2ce \u00e0 son design \u00e9l\u00e9gant et \u00e0 son contenu en <strong>huile d&rsquo;olive extra vierge<\/strong>, cette jarre en c\u00e9ramique est<strong> id\u00e9ale pour \u00eatre offerte comme cadeau de mariage<\/strong>. <\/p>\n<p>La d\u00e9coration en fleur de lotus est un symbole de <strong>puret\u00e9<\/strong> et de <strong>renaissance spirituelle<\/strong>, parfait pour exprimer des v\u0153ux de vie pleine de bonheur et de succ\u00e8s dans la nouvelle<strong> aventure du mariage<\/strong>. L&rsquo;huile d&rsquo;olive extra vierge contenue dans le pot repr\u00e9sente \u00e9galement un cadeau de grande qualit\u00e9 qui s\u00e9duira non seulement les yeux mais aussi le palais de vos invit\u00e9s. <\/p>\n<p>&nbsp;<\/p>\n<p>N&rsquo;h\u00e9sitez pas \u00e0 nous contacter pour plus d&rsquo;informations sur ce <strong>cadeau de mariage.<\/strong> Nous nous ferons un plaisir de vous fournir toutes les informations n\u00e9cessaires et de<strong> vous aider \u00e0 personnaliser votre cadeau<\/strong> en fonction de vos besoins. <\/p>\n<p>&nbsp;<\/p>\n<p>Achetez d\u00e8s maintenant ce cadeau de mariage en c\u00e9ramique et offrez \u00e0 vos invit\u00e9s un cadeau unique et inoubliable !<\/p>\n","protected":false},"excerpt":{"rendered":"<p>Pot \u00e0 huile avec d\u00e9coration <b>Lotus <\/b>ou<strong> Lotus Giro<\/strong> de notre collection <strong><em>Renaissance <\/em><\/strong>est l&rsquo;une des plus appr\u00e9ci\u00e9es de nos clients pour son originalit\u00e9 et le raffinement que ces fleurs conf\u00e8rent au pot.<\/p>\n<p>Contenant<strong> 250 ml d&rsquo;huile d&rsquo;olive extra vierge<\/strong>, il s&rsquo;agit d&rsquo;un cadeau original et unique qui rendra le jour de votre mariage sp\u00e9cial. Gr\u00e2ce \u00e0 son \u00e9l\u00e9gance et \u00e0 son raffinement, il sera <strong>un cadeau appr\u00e9ci\u00e9 par vos invit\u00e9s<\/strong> qui pourront utiliser l&rsquo;huile d&rsquo;olive extra vierge pour pr\u00e9parer leurs recettes pr\u00e9f\u00e9r\u00e9es et se servir du pot comme r\u00e9cipient dans la cuisine ou comme ornement \u00e9l\u00e9gant. <\/p>\n<p>&nbsp;<\/p>\n<p>Vous voulez en savoir plus ?<\/p>\n<p>Pour plus d&rsquo;informations, cliquez ici !<\/p>\n","protected":false},"featured_media":7391,"template":"","meta":{"_acf_changed":false,"_monsterinsights_skip_tracking":false,"_monsterinsights_sitenote_active":false,"_monsterinsights_sitenote_note":"","_monsterinsights_sitenote_category":0,"_joinchat":[]},"product_brand":[],"product_cat":[228],"product_tag":[],"class_list":{"0":"post-8971","1":"product","2":"type-product","3":"status-publish","4":"has-post-thumbnail","6":"product_cat-cruche-en-ceramique-pour-huile","7":"pa_formato-250ml-fr","9":"first","10":"instock","11":"shipping-taxable","12":"product-type-simple"},"acf":[],"_links":{"self":[{"href":"https:\/\/contedoro.com\/fr\/wp-json\/wp\/v2\/product\/8971","targetHints":{"allow":["GET"]}}],"collection":[{"href":"https:\/\/contedoro.com\/fr\/wp-json\/wp\/v2\/product"}],"about":[{"href":"https:\/\/contedoro.com\/fr\/wp-json\/wp\/v2\/types\/product"}],"wp:featuredmedia":[{"embeddable":true,"href":"https:\/\/contedoro.com\/fr\/wp-json\/wp\/v2\/media\/7391"}],"wp:attachment":[{"href":"https:\/\/contedoro.com\/fr\/wp-json\/wp\/v2\/media?parent=8971"}],"wp:term":[{"taxonomy":"product_brand","embeddable":true,"href":"https:\/\/contedoro.com\/fr\/wp-json\/wp\/v2\/product_brand?post=8971"},{"taxonomy":"product_cat","embeddable":true,"href":"https:\/\/contedoro.com\/fr\/wp-json\/wp\/v2\/product_cat?post=8971"},{"taxonomy":"product_tag","embeddable":true,"href":"https:\/\/contedoro.com\/fr\/wp-json\/wp\/v2\/product_tag?post=8971"}],"curies":[{"name":"wp","href":"https:\/\/api.w.org\/{rel}","templated":true}]}}