{"id":8972,"date":"2023-02-24T08:43:09","date_gmt":"2023-02-24T07:43:09","guid":{"rendered":"https:\/\/contedoro.com\/negozio\/non class\u00e9\/bec-a-huile-spirale-et-double-spirale\/"},"modified":"2023-02-24T08:43:09","modified_gmt":"2023-02-24T07:43:09","slug":"bec-a-huile-spirale-et-double-spirale","status":"publish","type":"product","link":"https:\/\/contedoro.com\/fr\/boutique\/cruche-en-ceramique-pour-huile\/bec-a-huile-spirale-et-double-spirale\/","title":{"rendered":"Bec \u00e0 huile | Spirale et double spirale"},"content":{"rendered":"<p><em><strong>Spirale<\/strong> <\/em> est un \u00e9l\u00e9gant et unique <strong>pot en c\u00e9ramique de 250 ml contenant de l&rsquo;huile d&rsquo;olive extra vierge<\/strong>. Nos artisans locaux les peignent \u00e0 la main un par un. <\/p>\n<p>Nous avons choisi la <strong>d\u00e9coration en spirale<\/strong> parce que c&rsquo;est un symbole qui repr\u00e9sente la <strong>vitalit\u00e9<\/strong>, la <strong>croissance<\/strong> et la <strong>transformation<\/strong>. Elle \u00e9voque un sentiment d&rsquo;<strong>harmonie<\/strong>, d&rsquo;\u00e9quilibre et de continuit\u00e9 avec le flux du temps et la vie elle-m\u00eame. <\/p>\n<p>&nbsp;<\/p>\n<p>Sa forme dynamique et fluide nous invite \u00e0 r\u00e9fl\u00e9chir sur notre capacit\u00e9 \u00e0 nous adapter aux changements de la vie et \u00e0<strong> grandir \u00e0 travers les exp\u00e9riences que nous rencontrons sur notre chemin<\/strong>.<\/p>\n<p>&nbsp;<\/p>\n<p>Si c&rsquo;est la d\u00e9coration qui vous a le plus impressionn\u00e9, il ne vous reste plus<strong> qu&rsquo;\u00e0 nous contacter et \u00e0 remplir les champs ci-dessous<\/strong> pour plus d&rsquo;informations !<\/p>\n","protected":false},"excerpt":{"rendered":"<p>Notre pot \u00e0 huile avec d\u00e9coration <strong>en spirale<\/strong> ou <strong>en double spirale <\/strong>fait partie int\u00e9grante de notre collection. <strong><em>Renaissance<\/em><\/strong>.<\/p>\n<p>Un symbole antique, d\u00e9cor\u00e9 \u00e0 la main sur chaque pi\u00e8ce. Ce<strong> tissage \u00e9l\u00e9gant<\/strong> est tr\u00e8s recherch\u00e9 par nos clients en raison de sa personnalit\u00e9 rustique. <\/p>\n<p>Enrichi de<strong> 250 ml d&rsquo;huile d&rsquo;olive extra vierge<\/strong> prim\u00e9e<strong> de Contedoro<\/strong>, ce pot rendra votre cadeau de mariage inoubliable !<\/p>\n<p>&nbsp;<\/p>\n<p>Est-ce<strong> le bon pot pour votre c\u00e9r\u00e9monie<\/strong>? D\u00e9couvrez-le ici ! <\/p>\n","protected":false},"featured_media":7388,"template":"","meta":{"_acf_changed":false,"_monsterinsights_skip_tracking":false,"_monsterinsights_sitenote_active":false,"_monsterinsights_sitenote_note":"","_monsterinsights_sitenote_category":0,"_joinchat":[]},"product_brand":[],"product_cat":[228],"product_tag":[],"class_list":{"0":"post-8972","1":"product","2":"type-product","3":"status-publish","4":"has-post-thumbnail","6":"product_cat-cruche-en-ceramique-pour-huile","7":"pa_formato-250ml-fr","9":"first","10":"instock","11":"shipping-taxable","12":"product-type-simple"},"acf":[],"_links":{"self":[{"href":"https:\/\/contedoro.com\/fr\/wp-json\/wp\/v2\/product\/8972","targetHints":{"allow":["GET"]}}],"collection":[{"href":"https:\/\/contedoro.com\/fr\/wp-json\/wp\/v2\/product"}],"about":[{"href":"https:\/\/contedoro.com\/fr\/wp-json\/wp\/v2\/types\/product"}],"wp:featuredmedia":[{"embeddable":true,"href":"https:\/\/contedoro.com\/fr\/wp-json\/wp\/v2\/media\/7388"}],"wp:attachment":[{"href":"https:\/\/contedoro.com\/fr\/wp-json\/wp\/v2\/media?parent=8972"}],"wp:term":[{"taxonomy":"product_brand","embeddable":true,"href":"https:\/\/contedoro.com\/fr\/wp-json\/wp\/v2\/product_brand?post=8972"},{"taxonomy":"product_cat","embeddable":true,"href":"https:\/\/contedoro.com\/fr\/wp-json\/wp\/v2\/product_cat?post=8972"},{"taxonomy":"product_tag","embeddable":true,"href":"https:\/\/contedoro.com\/fr\/wp-json\/wp\/v2\/product_tag?post=8972"}],"curies":[{"name":"wp","href":"https:\/\/api.w.org\/{rel}","templated":true}]}}