{"id":8974,"date":"2023-02-24T11:38:08","date_gmt":"2023-02-24T10:38:08","guid":{"rendered":"https:\/\/contedoro.com\/negozio\/non class\u00e9\/bocal-a-huile-tournesol\/"},"modified":"2023-02-24T11:38:08","modified_gmt":"2023-02-24T10:38:08","slug":"bocal-a-huile-tournesol","status":"publish","type":"product","link":"https:\/\/contedoro.com\/fr\/boutique\/cruche-en-ceramique-pour-huile\/bocal-a-huile-tournesol\/","title":{"rendered":"Bocal \u00e0 huile | Tournesol"},"content":{"rendered":"<div class=\"flex flex-grow flex-col gap-3\">\n<div class=\"min-h-[20px] flex flex-col items-start gap-4 whitespace-pre-wrap\">\n<div class=\"markdown prose w-full break-words dark:prose-invert light\">\n<p>Cette merveilleuse <strong>jarre \u00e0 huile pour cadeaux de mariage, peinte \u00e0 la main<\/strong> et d\u00e9cor\u00e9e d&rsquo;un <strong>tournesol <\/strong>, est une authentique \u0153uvre d&rsquo;art repr\u00e9sentant l&rsquo;optimisme et la joie de vivre du tournesol lorsqu&rsquo;il per\u00e7oit la lumi\u00e8re. Son design rustique mais soign\u00e9 et son contenu de <strong>250 ml<\/strong> d&rsquo;<strong>huile d&rsquo;olive extra vierge Contedoro<\/strong> en font un<strong> cadeau de mariage<\/strong> id\u00e9al pour offrir \u00e0 vos invit\u00e9s un petit morceau d&rsquo;histoire de la campagne. <\/p>\n<p>&nbsp;<\/p>\n<p>Le tournesol repr\u00e9sente \u00e9galement la <strong>vitalit\u00e9<\/strong> et la <strong>force int\u00e9rieure<\/strong>, car c&rsquo;est une fleur qui peut <strong>pousser et s&rsquo;\u00e9panouir m\u00eame dans des conditions difficiles<\/strong>. Cette capacit\u00e9 \u00e0 durer et \u00e0 prosp\u00e9rer en fait<strong> un symbole d&rsquo;espoir et de courage<\/strong>. <\/p>\n<p>Le tournesol est une fleur pleine de sens positif, <strong>repr\u00e9sentant le bonheur, l&rsquo;\u00e9nergie et la positivit\u00e9<\/strong>, c&rsquo;est pourquoi nous avons voulu l&rsquo;inclure dans notre collection. <em><strong>Renaissance<\/strong><\/em>comme un signe positif et un souvenir ind\u00e9l\u00e9bile d&rsquo;une belle c\u00e9r\u00e9monie.<\/p>\n<\/div>\n<\/div>\n<\/div>\n<p>&nbsp;<\/p>\n<p>&nbsp;<\/p>\n<p>Achetez cette<strong>cruche \u00e0 huile comme cadeau de mariage<\/strong> et offrez \u00e0 vos invit\u00e9s un cadeau unique et inoubliable.<\/p>\n","protected":false},"excerpt":{"rendered":"<p><strong>Bocaux avec huile pour cadeaux<\/strong> avec d\u00e9coration de <b>tournesol <\/b>de notre collection <strong><em>La renaissance <\/em><\/strong>symbolise le <strong>bonheur, l&rsquo;\u00e9nergie et l&rsquo;optimisme<\/strong>. Sa principale caract\u00e9ristique est qu&rsquo;il poursuit le soleil, en faisant tourner sa fleur de mani\u00e8re \u00e0 ce qu&rsquo;il le regarde toujours. <\/p>\n<p>Ce comportement est interpr\u00e9t\u00e9 comme<strong> une m\u00e9taphore de la positivit\u00e9 et de la d\u00e9termination face \u00e0 la vie.<\/strong><\/p>\n<p>&nbsp;<\/p>\n<p>Avec ses<strong> 250 ml d&rsquo;huile EVO<\/strong>, il s<strong> &lsquo;agit non seulement d&rsquo;un beau cadeau, mais aussi d&rsquo;un cadeau utile<\/strong> qui rendra votre c\u00e9r\u00e9monie sp\u00e9ciale. Ce <strong>sera<\/strong> <strong>un cadeau appr\u00e9ci\u00e9<\/strong> par tous vos invit\u00e9s pour sa beaut\u00e9 mais aussi pour le fait qu&rsquo;il sera utile m\u00eame apr\u00e8s avoir consomm\u00e9 l&rsquo;huile exquise qu&rsquo;il contient.<\/p>\n<p>Apr\u00e8s tout, n&rsquo;est-ce pas toujours l&rsquo;inqui\u00e9tude de recevoir de belles faveurs de mariage mais inutiles ?<\/p>\n<p>Avec notre <strong>pot \u00e0 huile pour cadeaux<\/strong>, vous pouvez enfin offrir \u00e0 vos invit\u00e9s un cadeau \u00e0 la fois beau, original et utile !<\/p>\n<p>&nbsp;<\/p>\n<p>Vous voulez en savoir plus ?<\/p>\n<p>Pour plus d&rsquo;informations, cliquez ici !<\/p>\n","protected":false},"featured_media":7457,"template":"","meta":{"_acf_changed":false,"_monsterinsights_skip_tracking":false,"_monsterinsights_sitenote_active":false,"_monsterinsights_sitenote_note":"","_monsterinsights_sitenote_category":0,"_joinchat":[]},"product_brand":[],"product_cat":[228],"product_tag":[],"class_list":{"0":"post-8974","1":"product","2":"type-product","3":"status-publish","4":"has-post-thumbnail","6":"product_cat-cruche-en-ceramique-pour-huile","7":"pa_formato-250ml-fr","9":"first","10":"instock","11":"shipping-taxable","12":"product-type-simple"},"acf":[],"_links":{"self":[{"href":"https:\/\/contedoro.com\/fr\/wp-json\/wp\/v2\/product\/8974","targetHints":{"allow":["GET"]}}],"collection":[{"href":"https:\/\/contedoro.com\/fr\/wp-json\/wp\/v2\/product"}],"about":[{"href":"https:\/\/contedoro.com\/fr\/wp-json\/wp\/v2\/types\/product"}],"wp:featuredmedia":[{"embeddable":true,"href":"https:\/\/contedoro.com\/fr\/wp-json\/wp\/v2\/media\/7457"}],"wp:attachment":[{"href":"https:\/\/contedoro.com\/fr\/wp-json\/wp\/v2\/media?parent=8974"}],"wp:term":[{"taxonomy":"product_brand","embeddable":true,"href":"https:\/\/contedoro.com\/fr\/wp-json\/wp\/v2\/product_brand?post=8974"},{"taxonomy":"product_cat","embeddable":true,"href":"https:\/\/contedoro.com\/fr\/wp-json\/wp\/v2\/product_cat?post=8974"},{"taxonomy":"product_tag","embeddable":true,"href":"https:\/\/contedoro.com\/fr\/wp-json\/wp\/v2\/product_tag?post=8974"}],"curies":[{"name":"wp","href":"https:\/\/api.w.org\/{rel}","templated":true}]}}