{"id":8979,"date":"2022-07-23T16:47:05","date_gmt":"2022-07-23T14:47:05","guid":{"rendered":"https:\/\/contedoro.com\/negozio\/non class\u00e9\/huile-brute-non-filtree-evo-0-50-et-5lt\/"},"modified":"2022-07-23T16:47:05","modified_gmt":"2022-07-23T14:47:05","slug":"huile-brute-non-filtree-evo-0-50-et-5lt","status":"publish","type":"product","link":"https:\/\/contedoro.com\/fr\/boutique\/huile-dolive-vierge-extra\/huile-brute-non-filtree-evo-0-50-et-5lt\/","title":{"rendered":"Huile brute &#8211; Non filtr\u00e9e EVO 0.50 et 5Lt"},"content":{"rendered":"<p>La ligne d&rsquo;<strong>huile EVO brute non filtr\u00e9e<\/strong> est l&rsquo;une de nos collections les plus recherch\u00e9es et l&rsquo;une de nos pr\u00e9f\u00e9r\u00e9es. Elle a subi les rigueurs scrupuleuses des tests effectu\u00e9s par nos agronomes et s&rsquo;est r\u00e9v\u00e9l\u00e9e \u00eatre une <strong>huile EVO<\/strong> plus saine que jamais. Cette gamme comprend notre huile EVO originale, <strong>provenant uniquement d&rsquo;oliveraies en Italie<\/strong>, entretenues avec amour depuis des g\u00e9n\u00e9rations.  <\/p>\n<p>&nbsp;<\/p>\n<p>Les olives sont r\u00e9colt\u00e9es \u00e0 leur apog\u00e9e et press\u00e9es imm\u00e9diatement pour garantir une qualit\u00e9 de produit vraiment sup\u00e9rieure. R\u00e9sultat : une <strong>huile d&rsquo;olive brute \u00e0 la saveur fruit\u00e9e<\/strong> et \u00e0 l&rsquo;onctuosit\u00e9 subtile, qui convient parfaitement aux salades et au pain, ou comme ingr\u00e9dient de vinaigrette. <\/p>\n<p>Sa <strong>couleur jaune trouble<\/strong> est une caract\u00e9ristique de l&rsquo;huile non filtr\u00e9e et garantit une saveur authentique et intense. Un v\u00e9ritable <strong>jus d&rsquo;olive<\/strong>! <\/p>\n<p>&nbsp;<\/p>\n<p>La ligne <strong>Olio Grezzo est n\u00e9e du d\u00e9sir de permettre \u00e0 nos clients de vivre une exp\u00e9rience<\/strong> globale, comme s&rsquo;ils se trouvaient physiquement dans le moulin \u00e0 huile. Notre r\u00eave est de permettre \u00e0 nos clients de sentir ces odeurs, ces bruits et ces saveurs que seul le moulin \u00e0 huile peut donner. <\/p>\n<p>C&rsquo;est de l\u00e0 qu&rsquo;est n\u00e9e l&rsquo;id\u00e9e de cr\u00e9er cette nouvelle ligne d&rsquo;Olio Grezzo.<\/p>\n<p>&nbsp;<\/p>\n<p>La bouteille est \u00e9galement accompagn\u00e9e d&rsquo;un <strong>bouchon en li\u00e8ge naturel<\/strong> qui remplit une double fonction :<\/p>\n<ol>\n<li>\u00c9vitez de verser plus d&rsquo;huile que n\u00e9cessaire sur vos aliments.<\/li>\n<li>La possibilit\u00e9 de faire l&rsquo;appoint d&rsquo;huile dans la bouteille en utilisant le format de la bo\u00eete de 5 litres<\/li>\n<\/ol>\n<p>&nbsp;<\/p>\n<p>Bref, <strong>il ne vous reste plus qu&rsquo;\u00e0 go\u00fbter !<\/strong><\/p>\n","protected":false},"excerpt":{"rendered":"<p>Nous sommes fiers de vous pr\u00e9senter la ligne de produits <strong>OLIO GREZZO<\/strong>: une nouveaut\u00e9 absolue qui r\u00e9pond aux demandes de nos clients les plus exigeants.<\/p>\n<p>Notre nouvelle gamme d&rsquo;<strong>huile d&rsquo;olive extra vierge brute<\/strong> est n\u00e9e d&rsquo;une passion pour la tradition et d&rsquo;une volont\u00e9 de puret\u00e9.<\/p>\n<p>C&rsquo;est un hommage \u00e0 l&rsquo;authenticit\u00e9 de la terre et \u00e0 l&rsquo;art de l&rsquo;ol\u00e9iculture. Cette extraordinaire huile non filtr\u00e9e capture l&rsquo;\u00e2me immacul\u00e9e des olives fra\u00eechement r\u00e9colt\u00e9es, offrant une exp\u00e9rience sensorielle riche qui c\u00e9l\u00e8bre la nature elle-m\u00eame. <\/p>\n<p><strong>SES ATOUTS<\/strong><\/p>\n<ol>\n<li><strong>Puret\u00e9 intacte<\/strong><\/li>\n<li><strong>Ar\u00f4mes vibrants<\/strong><\/li>\n<li><strong>Nutrition am\u00e9lior\u00e9e<\/strong><\/li>\n<li><strong>Polyvalence culinaire<\/strong><\/li>\n<\/ol>\n<h2><a href=\"https:\/\/contedoro.com\/fr\/boutique\/huile-dolive-vierge-extra\/huile-brute-non-filtree-evo-0-50-et-5lt\/\"><strong>2024\/2025 Campagne de l&rsquo;huile d&rsquo;olive<\/strong><\/a><\/h2>\n","protected":false},"featured_media":7643,"template":"","meta":{"_acf_changed":false,"_monsterinsights_skip_tracking":false,"_monsterinsights_sitenote_active":false,"_monsterinsights_sitenote_note":"","_monsterinsights_sitenote_category":0,"_joinchat":[]},"product_brand":[],"product_cat":[227],"product_tag":[],"class_list":{"0":"post-8979","1":"product","2":"type-product","3":"status-publish","4":"has-post-thumbnail","6":"product_cat-huile-dolive-vierge-extra","8":"first","9":"instock","10":"shipping-taxable","11":"purchasable","12":"product-type-variable"},"acf":[],"_links":{"self":[{"href":"https:\/\/contedoro.com\/fr\/wp-json\/wp\/v2\/product\/8979","targetHints":{"allow":["GET"]}}],"collection":[{"href":"https:\/\/contedoro.com\/fr\/wp-json\/wp\/v2\/product"}],"about":[{"href":"https:\/\/contedoro.com\/fr\/wp-json\/wp\/v2\/types\/product"}],"wp:featuredmedia":[{"embeddable":true,"href":"https:\/\/contedoro.com\/fr\/wp-json\/wp\/v2\/media\/7643"}],"wp:attachment":[{"href":"https:\/\/contedoro.com\/fr\/wp-json\/wp\/v2\/media?parent=8979"}],"wp:term":[{"taxonomy":"product_brand","embeddable":true,"href":"https:\/\/contedoro.com\/fr\/wp-json\/wp\/v2\/product_brand?post=8979"},{"taxonomy":"product_cat","embeddable":true,"href":"https:\/\/contedoro.com\/fr\/wp-json\/wp\/v2\/product_cat?post=8979"},{"taxonomy":"product_tag","embeddable":true,"href":"https:\/\/contedoro.com\/fr\/wp-json\/wp\/v2\/product_tag?post=8979"}],"curies":[{"name":"wp","href":"https:\/\/api.w.org\/{rel}","templated":true}]}}