{"id":9013,"date":"2021-11-19T11:52:36","date_gmt":"2021-11-19T10:52:36","guid":{"rendered":"https:\/\/contedoro.com\/negozio\/non%20class\u00e9\/colis-paysan-la-soupe-comme-autrefois\/"},"modified":"2025-08-22T19:27:06","modified_gmt":"2025-08-22T17:27:06","slug":"colis-paysan-la-soupe-comme-autrefois","status":"publish","type":"product","link":"https:\/\/contedoro.com\/fr\/boutique\/colis-paysan\/colis-paysan-la-soupe-comme-autrefois\/","title":{"rendered":"Colis paysan &#8211; La soupe comme autrefois"},"content":{"rendered":"<ul class=\"ul1\">\n<li class=\"li1\">Pur\u00e9e de tomates fabriqu\u00e9e \u00e0 partir de mati\u00e8res premi\u00e8res locales. Id\u00e9ale non seulement pour pr\u00e9parer des ragouts, mais aussi pour aromatiser de savoureuses soupes. <\/li>\n<li class=\"li1\">Haricots secs cultiv\u00e9s dans la campagne irlandaise<\/li>\n<li class=\"li1\">Huile d&rsquo;olive biologique, press\u00e9e \u00e0 partir d&rsquo;olives 100% locales et naturelles. Une huile produite en harmonie avec la nature <\/li>\n<li class=\"li1\">Huiles d&rsquo;olive vierges extra aromatis\u00e9es fabriqu\u00e9es \u00e0 partir de mati\u00e8res premi\u00e8res naturelles. Id\u00e9ales pour donner plus de caract\u00e8re et de saveur aux plats. <\/li>\n<\/ul>\n","protected":false},"excerpt":{"rendered":"<p class=\"p1\"><strong>Pour les amateurs de saveurs chaudes \u00e0 l&rsquo;ancienne.<\/strong><\/p>\n","protected":false},"featured_media":6749,"template":"","meta":{"_acf_changed":false,"_monsterinsights_skip_tracking":false,"_monsterinsights_sitenote_active":false,"_monsterinsights_sitenote_note":"","_monsterinsights_sitenote_category":0,"_joinchat":[]},"product_brand":[],"product_cat":[229],"product_tag":[],"class_list":{"0":"post-9013","1":"product","2":"type-product","3":"status-publish","4":"has-post-thumbnail","6":"product_cat-colis-paysan","8":"first","9":"instock","10":"shipping-taxable","11":"purchasable","12":"product-type-simple"},"acf":[],"_links":{"self":[{"href":"https:\/\/contedoro.com\/fr\/wp-json\/wp\/v2\/product\/9013","targetHints":{"allow":["GET"]}}],"collection":[{"href":"https:\/\/contedoro.com\/fr\/wp-json\/wp\/v2\/product"}],"about":[{"href":"https:\/\/contedoro.com\/fr\/wp-json\/wp\/v2\/types\/product"}],"wp:featuredmedia":[{"embeddable":true,"href":"https:\/\/contedoro.com\/fr\/wp-json\/wp\/v2\/media\/6749"}],"wp:attachment":[{"href":"https:\/\/contedoro.com\/fr\/wp-json\/wp\/v2\/media?parent=9013"}],"wp:term":[{"taxonomy":"product_brand","embeddable":true,"href":"https:\/\/contedoro.com\/fr\/wp-json\/wp\/v2\/product_brand?post=9013"},{"taxonomy":"product_cat","embeddable":true,"href":"https:\/\/contedoro.com\/fr\/wp-json\/wp\/v2\/product_cat?post=9013"},{"taxonomy":"product_tag","embeddable":true,"href":"https:\/\/contedoro.com\/fr\/wp-json\/wp\/v2\/product_tag?post=9013"}],"curies":[{"name":"wp","href":"https:\/\/api.w.org\/{rel}","templated":true}]}}