{"id":9049,"date":"2019-03-26T17:57:10","date_gmt":"2019-03-26T16:57:10","guid":{"rendered":"https:\/\/contedoro.com\/negozio\/non%20class\u00e9\/huile-dolive-extra-vierge-biologique\/"},"modified":"2025-10-09T12:24:47","modified_gmt":"2025-10-09T10:24:47","slug":"huile-dolive-extra-vierge-biologique","status":"publish","type":"product","link":"https:\/\/contedoro.com\/fr\/boutique\/huile-dolive-vierge-extra\/huile-dolive-extra-vierge-biologique\/","title":{"rendered":"Huile d&rsquo;olive extra vierge biologique"},"content":{"rendered":"<p>Cette<strong> huile d&rsquo;olive extra vierge biologique<\/strong> est certifi\u00e9e et approuv\u00e9e par l&rsquo;organisme de contr\u00f4le <em><strong>Sol et Sant\u00e9<\/strong> <\/em>ce qui garantit son appartenance \u00e0 la d\u00e9nomination <strong>BIO<\/strong>.<\/p>\n<p>Gr\u00e2ce \u00e0 l&rsquo;engagement de notre entreprise, nous respectons chaque ann\u00e9e le processus de certification des huiles biologiques avec engagement et minutie afin de garantir \u00e0 nos clients un produit r\u00e9pondant aux<strong> normes de qualit\u00e9 les plus \u00e9lev\u00e9es<\/strong>.<\/p>\n<p>Les <strong>bouteilles d&rsquo;huile biologique sont num\u00e9rot\u00e9es<\/strong>, tout comme les oliveraies auxquelles appartiennent les olives dont est issue cette pr\u00e9cieuse huile extra vierge.<\/p>\n<p>Laur\u00e9at des prix Extra Campania et Silver Aipo, il est tr\u00e8s appr\u00e9ci\u00e9 par nos clients.<\/p>\n<p>&nbsp;<\/p>\n<p><strong>CARACT\u00c9RISTIQUES<\/strong><\/p>\n<p>Huile EVO jaune d&rsquo;or avec des reflets verts, l\u00e9g\u00e8rement fruit\u00e9e<\/p>\n<p>&nbsp;<\/p>\n<p><strong>JUMELAGES<\/strong><\/p>\n<p>Sauces froides, viandes blanches et fritures<\/p>\n<p>&nbsp;<\/p>\n<p>Nous venons de rouvrir \u00e0 la <a href=\"https:\/\/contedoro.com\/fr\/categorie-produit\/huile-dolive-vierge-extra\/\">vente d&rsquo;huile d&rsquo;olive, d\u00e9couvrez-les ici !<\/a><\/p>\n","protected":false},"excerpt":{"rendered":"<p>L&rsquo;<strong>huile d&rsquo;olive extra vierge biologique<\/strong> Contedoro est obtenue gr\u00e2ce \u00e0 une cha\u00eene de <strong>contr\u00f4le<\/strong> et de <strong>certification<\/strong> rigoureuse. Des olives non contamin\u00e9es aux processus contr\u00f4l\u00e9s dans le moulin, tout est certifi\u00e9 par l&rsquo;<strong>organisation Suolo e Salute.<\/strong> <\/p>\n<p>Une huile <strong>exquise<\/strong>, <strong>contr\u00f4l\u00e9e<\/strong> <strong>, certifi\u00e9e, 100% italienne<\/strong>: c&rsquo;est l&rsquo;huile d&rsquo;olive extra vierge biologique de Contedoro.<\/p>\n<h2><a href=\"https:\/\/contedoro.com\/fr\/boutique\/huile-dolive-vierge-extra\/huile-dolive-extra-vierge-biologique\/\"><strong>Campagne Ol\u00e9icole 2025\/2026<\/strong><\/a><\/h2>\n","protected":false},"featured_media":5303,"template":"","meta":{"_acf_changed":false,"_monsterinsights_skip_tracking":false,"_monsterinsights_sitenote_active":false,"_monsterinsights_sitenote_note":"","_monsterinsights_sitenote_category":0,"_joinchat":[]},"product_brand":[],"product_cat":[227],"product_tag":[],"class_list":{"0":"post-9049","1":"product","2":"type-product","3":"status-publish","4":"has-post-thumbnail","6":"product_cat-huile-dolive-vierge-extra","7":"pa_formato-1lt-fr","8":"pa_formato-250ml-fr","9":"pa_formato-3lt-fr","10":"pa_formato-500ml-fr","11":"pa_formato-5lt-fr","12":"pa_formato-750ml-fr","14":"first","15":"instock","16":"shipping-taxable","17":"purchasable","18":"product-type-variable"},"acf":[],"_links":{"self":[{"href":"https:\/\/contedoro.com\/fr\/wp-json\/wp\/v2\/product\/9049","targetHints":{"allow":["GET"]}}],"collection":[{"href":"https:\/\/contedoro.com\/fr\/wp-json\/wp\/v2\/product"}],"about":[{"href":"https:\/\/contedoro.com\/fr\/wp-json\/wp\/v2\/types\/product"}],"wp:featuredmedia":[{"embeddable":true,"href":"https:\/\/contedoro.com\/fr\/wp-json\/wp\/v2\/media\/5303"}],"wp:attachment":[{"href":"https:\/\/contedoro.com\/fr\/wp-json\/wp\/v2\/media?parent=9049"}],"wp:term":[{"taxonomy":"product_brand","embeddable":true,"href":"https:\/\/contedoro.com\/fr\/wp-json\/wp\/v2\/product_brand?post=9049"},{"taxonomy":"product_cat","embeddable":true,"href":"https:\/\/contedoro.com\/fr\/wp-json\/wp\/v2\/product_cat?post=9049"},{"taxonomy":"product_tag","embeddable":true,"href":"https:\/\/contedoro.com\/fr\/wp-json\/wp\/v2\/product_tag?post=9049"}],"curies":[{"name":"wp","href":"https:\/\/api.w.org\/{rel}","templated":true}]}}