{"id":9056,"date":"2019-03-26T18:09:04","date_gmt":"2019-03-26T17:09:04","guid":{"rendered":"https:\/\/contedoro.com\/negozio\/non%20class\u00e9\/selection-or\/"},"modified":"2025-10-09T12:16:12","modified_gmt":"2025-10-09T10:16:12","slug":"selection-or","status":"publish","type":"product","link":"https:\/\/contedoro.com\/fr\/boutique\/huile-dolive-vierge-extra\/selection-or\/","title":{"rendered":"S\u00e9lection OR"},"content":{"rendered":"<p>Huile d&rsquo;olive extra vierge S\u00e9lection Or<span style=\"font-size: 16px;\">  est obtenue dans le plus grand respect de la <strong>production traditionnelle d&rsquo;huile paysanne<\/strong>. Chez Contedoro, nous avons baptis\u00e9 cette huile extra vierge <g id=\"gid_1\">pure<\/g> Selezione Oro (s\u00e9lection dor\u00e9e), obtenue \u00e0 partir des <g id=\"gid_2\">m\u00e9thodes<\/g> et des olives que nos <g id=\"gid_3\">grands-parents paysans<\/g> nous ont appris \u00e0 utiliser. Les vari\u00e9t\u00e9s de plantes qui produisent ce fruit sont enti\u00e8rement indig\u00e8nes et proviennent de l&rsquo;aire de production de l&rsquo;huile d&rsquo;olive.  <\/span><strong>Territoire irpinien non contamin\u00e9<\/strong><span style=\"font-size: 16px;\">.<\/span><\/p>\n<p>&nbsp;<\/p>\n<p><span style=\"font-size: 16px;\">Particuli\u00e8rement <strong>adapt\u00e9e \u00e0 la friture<\/strong>, cette huile provient d&rsquo;oliviers sp\u00e9cialement plant\u00e9s en m\u00e9lange pour obtenir un parfum et un go\u00fbt \u00e0 la fois <strong>agr\u00e9ables<\/strong> et <strong>fruit\u00e9s<\/strong>, mais <strong>pas trop forts<\/strong> et agr\u00e9ables au palais de toutes les familles, pour le plaisir des petits et des grands.<\/span><\/p>\n","protected":false},"excerpt":{"rendered":"<p>Laissez-nous vous pr\u00e9senter notre<strong> huile d&rsquo;olive extra vierge <\/strong><strong>fra\u00eechement press\u00e9e !<\/strong><\/p>\n<p><strong><br \/>\n  <em>S\u00e9lection d&rsquo;or<\/em><br \/>\n<\/strong>Le nom de l&rsquo;huile d&rsquo;olive Gold Selection rappelle la marque de notre entreprise, mais \u00e0 l&rsquo;int\u00e9rieur se concentrent des d\u00e9cennies d&rsquo;exp\u00e9rience du moulin et tout notre savoir-faire en mati\u00e8re d&rsquo;huile d&rsquo;olive. Le r\u00e9sultat est une <strong>huile d&rsquo;olive extra vierge bien \u00e9quilibr\u00e9e<\/strong>, au go\u00fbt <b>l\u00e9g\u00e8rement fruit\u00e9<\/b>, qui r\u00e9pond aux exigences de la cuisine de tous les jours. <\/p>\n<p>De par sa nature, l&rsquo;<em>huile EVO Selezione Oro<\/em> est \u00e9galement parfaite pour les fritures gr\u00e2ce \u00e0 son <em>point de fum\u00e9e<\/em> \u00e9lev\u00e9. Elle est donc un v\u00e9ritable alli\u00e9 de la sant\u00e9 : <strong>100% italienne<\/strong>, elle est issue d&rsquo;une fili\u00e8re agricole tr\u00e8s stricte, transmise de g\u00e9n\u00e9ration en g\u00e9n\u00e9ration.<\/p>\n<h2 style=\"text-align: left;\"><a href=\"https:\/\/contedoro.com\/fr\/boutique\/huile-dolive-vierge-extra\/selection-or\/\"><strong>Campagne Ol\u00e9icole 2025\/2026<\/strong><\/a><\/h2>\n","protected":false},"featured_media":5477,"template":"","meta":{"_acf_changed":false,"_monsterinsights_skip_tracking":false,"_monsterinsights_sitenote_active":false,"_monsterinsights_sitenote_note":"","_monsterinsights_sitenote_category":0,"_joinchat":[]},"product_brand":[],"product_cat":[227],"product_tag":[],"class_list":{"0":"post-9056","1":"product","2":"type-product","3":"status-publish","4":"has-post-thumbnail","6":"product_cat-huile-dolive-vierge-extra","7":"pa_formato-1lt-fr","8":"pa_formato-3lt-fr","9":"pa_formato-5lt-fr","11":"first","12":"instock","13":"shipping-taxable","14":"purchasable","15":"product-type-variable"},"acf":[],"_links":{"self":[{"href":"https:\/\/contedoro.com\/fr\/wp-json\/wp\/v2\/product\/9056","targetHints":{"allow":["GET"]}}],"collection":[{"href":"https:\/\/contedoro.com\/fr\/wp-json\/wp\/v2\/product"}],"about":[{"href":"https:\/\/contedoro.com\/fr\/wp-json\/wp\/v2\/types\/product"}],"wp:featuredmedia":[{"embeddable":true,"href":"https:\/\/contedoro.com\/fr\/wp-json\/wp\/v2\/media\/5477"}],"wp:attachment":[{"href":"https:\/\/contedoro.com\/fr\/wp-json\/wp\/v2\/media?parent=9056"}],"wp:term":[{"taxonomy":"product_brand","embeddable":true,"href":"https:\/\/contedoro.com\/fr\/wp-json\/wp\/v2\/product_brand?post=9056"},{"taxonomy":"product_cat","embeddable":true,"href":"https:\/\/contedoro.com\/fr\/wp-json\/wp\/v2\/product_cat?post=9056"},{"taxonomy":"product_tag","embeddable":true,"href":"https:\/\/contedoro.com\/fr\/wp-json\/wp\/v2\/product_tag?post=9056"}],"curies":[{"name":"wp","href":"https:\/\/api.w.org\/{rel}","templated":true}]}}