{"id":9082,"date":"2022-02-15T13:35:17","date_gmt":"2022-02-15T12:35:17","guid":{"rendered":"https:\/\/contedoro.com\/negozio\/non class\u00e9\/paccheri-500gr\/"},"modified":"2022-02-15T13:35:17","modified_gmt":"2022-02-15T12:35:17","slug":"paccheri-500gr","status":"publish","type":"product","link":"https:\/\/contedoro.com\/fr\/boutique\/pates-et-pain\/paccheri-500gr\/","title":{"rendered":"Paccheri 500gr"},"content":{"rendered":"<p>Nos p\u00e2tes Contedoro sont fabriqu\u00e9es \u00e0 partir de farine de<strong> bl\u00e9 dur 100 % italienne<\/strong>, originaire de la r\u00e9gion d&rsquo;Irpinia et <strong>exempte de tout r\u00e9sidu chimique<\/strong> provenant de la transformation industrielle. Elles sont exemptes de glyphosate et le s\u00e9chage lent \u00e0 basse temp\u00e9rature garantit un <strong>dessin de bronze<\/strong> d&rsquo;un \u00e9quilibre parfait. <\/p>\n<p>Essayez-le !<\/p>\n<p>&nbsp;<\/p>\n<p><strong>PAYS DE CULTURE ET DE MOUTURE DU BL\u00c9 :<\/strong><\/p>\n<p>Italie<\/p>\n<p>&nbsp;<\/p>\n<p><strong>INGREDIENTS<\/strong>: Semoule de bl\u00e9 dur, eau.<\/p>\n<p>Allerg\u00e8nes : GLUTEN, \u0152UFS, SOY et NOIX<\/p>\n<p>&nbsp;<\/p>\n<p><strong>VALEURS NUTRITIONNELLES MOYENNES POUR 100 g<\/strong><\/p>\n<p>\u00c9nergie 1209 Kj\/286 kcal<\/p>\n<p>Mati\u00e8res grasses 2.4g<\/p>\n<p>Acides gras satur\u00e9s 0,4 g<\/p>\n<p>Glucides 53,0 g<\/p>\n<p>Sucres 2.7g<\/p>\n<p>Prot\u00e9ines 13g<\/p>\n<p>Sel 0g<\/p>\n<p>&nbsp;<\/p>\n<p><strong>TEMPS DE CUISSON<\/strong><\/p>\n<p>12-15 min<\/p>\n","protected":false},"excerpt":{"rendered":"<p>Les p\u00e2tes <strong>Paccheri<\/strong> de Contedoro sont particuli\u00e8rement <strong>adapt\u00e9es aux plats de poisson<\/strong>, comme c&rsquo;est souvent le cas en Campanie. <strong>Sans glyphosate<\/strong>, naturellement fabriqu\u00e9es \u00e0 partir de farine cultiv\u00e9e dans la <strong>r\u00e9gion d&rsquo;Irpinia<\/strong>, elles sont id\u00e9ales pour ceux qui recherchent des p\u00e2tes de qualit\u00e9, sans compromis ! <\/p>\n","protected":false},"featured_media":6998,"template":"","meta":{"_acf_changed":false,"_monsterinsights_skip_tracking":false,"_monsterinsights_sitenote_active":false,"_monsterinsights_sitenote_note":"","_monsterinsights_sitenote_category":0,"_joinchat":[]},"product_brand":[],"product_cat":[233],"product_tag":[],"class_list":{"0":"post-9082","1":"product","2":"type-product","3":"status-publish","4":"has-post-thumbnail","6":"product_cat-pates-et-pain","8":"first","9":"instock","10":"shipping-taxable","11":"purchasable","12":"product-type-simple"},"acf":[],"_links":{"self":[{"href":"https:\/\/contedoro.com\/fr\/wp-json\/wp\/v2\/product\/9082","targetHints":{"allow":["GET"]}}],"collection":[{"href":"https:\/\/contedoro.com\/fr\/wp-json\/wp\/v2\/product"}],"about":[{"href":"https:\/\/contedoro.com\/fr\/wp-json\/wp\/v2\/types\/product"}],"wp:featuredmedia":[{"embeddable":true,"href":"https:\/\/contedoro.com\/fr\/wp-json\/wp\/v2\/media\/6998"}],"wp:attachment":[{"href":"https:\/\/contedoro.com\/fr\/wp-json\/wp\/v2\/media?parent=9082"}],"wp:term":[{"taxonomy":"product_brand","embeddable":true,"href":"https:\/\/contedoro.com\/fr\/wp-json\/wp\/v2\/product_brand?post=9082"},{"taxonomy":"product_cat","embeddable":true,"href":"https:\/\/contedoro.com\/fr\/wp-json\/wp\/v2\/product_cat?post=9082"},{"taxonomy":"product_tag","embeddable":true,"href":"https:\/\/contedoro.com\/fr\/wp-json\/wp\/v2\/product_tag?post=9082"}],"curies":[{"name":"wp","href":"https:\/\/api.w.org\/{rel}","templated":true}]}}